{"id":1038,"date":"2021-05-24T12:40:52","date_gmt":"2021-05-24T09:40:52","guid":{"rendered":"https:\/\/neyesek.co\/?page_id=1038"},"modified":"2021-06-24T12:04:45","modified_gmt":"2021-06-24T09:04:45","slug":"romipro-kartus","status":"publish","type":"page","link":"https:\/\/akafor.com\/en\/filtrasyon\/urunler\/membran-filtreler\/hollow-fiber-membranlar\/romipro-kartus\/","title":{"rendered":"ROMIPRO&#x2122; KARTU\u015e"},"content":{"rendered":"\n<div class=\"wp-block-columns is-layout-flex wp-container-core-columns-is-layout-9d6595d7 wp-block-columns-is-layout-flex\">\n<div class=\"wp-block-column is-layout-flow wp-block-column-is-layout-flow\">\n<p>\u0130la\u00e7 end\u00fcstrisindeki en kat\u0131 y\u00f6netmelikleri kar\u015f\u0131lamak \u00fczere tasarlanm\u0131\u015f olan t\u00fcm ROMIPRO kartu\u015f bile\u015fenleri, USP S\u0131n\u0131f VI test kurallar\u0131n\u0131 ge\u00e7mi\u015ftir. Her kartu\u015f bir Kalite Sertifikas\u0131 ile birlikte g\u00f6nderilir.&nbsp;<\/p>\n<\/div>\n<\/div>\n\n\n\n<h5 class=\"wp-block-heading\"><strong>Faydalar<\/strong><\/h5>\n\n\n\n<ul class=\"wp-block-list\"><li>Zorlu kesirler i\u00e7in m\u00fckemmel TMP kontrol\u00fc<\/li><li>Y\u00fcksek de\u011ferli \u00fcr\u00fcn\u00fcn verimli bir \u015fekilde kurtar\u0131lmas\u0131<\/li><li>Kendi kendine destek yap\u0131s\u0131<\/li><li>Geri y\u0131kanabilir yap\u0131<\/li><li>Y\u00fcksek temizlenebilirlik<\/li><li>Uzun kullan\u0131m \u00f6mr\u00fc<\/li><li>Sa\u011flam yap\u0131<\/li><li>USDA \/ FDA ve 3A, AB ve Helal Uyumlu<\/li><li>Kalite Sertifikas\u0131 ve M\u00fc\u015fteri De\u011fi\u015fiklik Bildirimi (ROMIPRO) ile uyumlu USP S\u0131n\u0131f VI<\/li><\/ul>\n\n\n\n<h5 class=\"wp-block-heading\"><strong>Uygulamalar<\/strong><\/h5>\n\n\n\n<ul class=\"wp-block-list\"><li>Narenciye Suyu Berrakla\u015ft\u0131rma<\/li><li>Sirke netle\u015ftirme<\/li><li>Fermantasyon Suyu Ar\u0131t\u0131m\u0131<\/li><li>Endotoksin giderme<\/li><li>End\u00fcstriyel at\u0131k su<\/li><\/ul>\n\n\n\n<p>S\u0130STEME GENEL BAKI\u015e<\/p>\n\n\n\n<p>KSS, \u00e7ok say\u0131da uygulama i\u00e7in ROMICON\u00ae ve ROMIPRO &#x2122; kartu\u015flar\u0131 kullanan hem \u00f6zel hem de standart i\u00e7i bo\u015f fiber sistemleri tedarik eder.<\/p>\n\n\n\n<div class=\"wp-block-image\"><figure class=\"aligncenter size-large\"><img decoding=\"async\" src=\"https:\/\/akafor.com\/wp-content\/uploads\/2021\/05\/ROMIPRO&#x2122;-KARTUS.png\" alt=\"\" class=\"wp-image-1039\"\/><\/figure><\/div>\n","protected":false},"excerpt":{"rendered":"<p>\u0130la\u00e7 end\u00fcstrisindeki en kat\u0131 y\u00f6netmelikleri kar\u015f\u0131lamak \u00fczere tasarlanm\u0131\u015f olan t\u00fcm ROMIPRO kartu\u015f bile\u015fenleri, USP S\u0131n\u0131f VI test kurallar\u0131n\u0131 ge\u00e7mi\u015ftir. Her kartu\u015f bir Kalite Sertifikas\u0131 ile birlikte g\u00f6nderilir.&nbsp; Faydalar Zorlu kesirler i\u00e7in m\u00fckemmel TMP kontrol\u00fc Y\u00fcksek de\u011ferli \u00fcr\u00fcn\u00fcn verimli bir \u015fekilde kurtar\u0131lmas\u0131 Kendi kendine destek yap\u0131s\u0131 Geri y\u0131kanabilir yap\u0131 Y\u00fcksek temizlenebilirlik Uzun kullan\u0131m \u00f6mr\u00fc Sa\u011flam yap\u0131 [&hellip;]<\/p>\n","protected":false},"author":1,"featured_media":0,"parent":916,"menu_order":0,"comment_status":"closed","ping_status":"closed","template":"pages\/page-full.php","meta":{"footnotes":""},"class_list":["post-1038","page","type-page","status-publish","hentry"],"_links":{"self":[{"href":"https:\/\/akafor.com\/en\/wp-json\/wp\/v2\/pages\/1038","targetHints":{"allow":["GET"]}}],"collection":[{"href":"https:\/\/akafor.com\/en\/wp-json\/wp\/v2\/pages"}],"about":[{"href":"https:\/\/akafor.com\/en\/wp-json\/wp\/v2\/types\/page"}],"author":[{"embeddable":true,"href":"https:\/\/akafor.com\/en\/wp-json\/wp\/v2\/users\/1"}],"replies":[{"embeddable":true,"href":"https:\/\/akafor.com\/en\/wp-json\/wp\/v2\/comments?post=1038"}],"version-history":[{"count":5,"href":"https:\/\/akafor.com\/en\/wp-json\/wp\/v2\/pages\/1038\/revisions"}],"predecessor-version":[{"id":1135,"href":"https:\/\/akafor.com\/en\/wp-json\/wp\/v2\/pages\/1038\/revisions\/1135"}],"up":[{"embeddable":true,"href":"https:\/\/akafor.com\/en\/wp-json\/wp\/v2\/pages\/916"}],"wp:attachment":[{"href":"https:\/\/akafor.com\/en\/wp-json\/wp\/v2\/media?parent=1038"}],"curies":[{"name":"wp","href":"https:\/\/api.w.org\/{rel}","templated":true}]}}