{"id":1104,"date":"2021-05-24T17:28:26","date_gmt":"2021-05-24T14:28:26","guid":{"rendered":"https:\/\/neyesek.co\/?page_id=1104"},"modified":"2021-06-24T12:31:18","modified_gmt":"2021-06-24T09:31:18","slug":"tidal-ileri-ozmoz","status":"publish","type":"page","link":"https:\/\/akafor.com\/en\/filtrasyon\/urunler\/membran-filtreler\/spiral-membranlar\/tidal-ileri-ozmoz\/","title":{"rendered":"TIDAL&#x2122; \u0130leri Ozmoz"},"content":{"rendered":"\n<div class=\"wp-block-media-text alignwide has-media-on-the-right is-stacked-on-mobile\" style=\"grid-template-columns:auto 52%\"><figure class=\"wp-block-media-text__media\"><img decoding=\"async\" src=\"https:\/\/akafor.com\/wp-content\/uploads\/2021\/05\/TIDAL&#x2122;-Ileri-Ozmoz.png\" alt=\"\" class=\"wp-image-1105 size-full\"\/><\/figure><div class=\"wp-block-media-text__content\">\n<p>TIDAL &#x2122; \u0130leri ozmos , y\u00fcksek bas\u0131n\u00e7l\u0131 ters ozmoz veya termal buharla\u015ft\u0131rma i\u015flemleri kullan\u0131lmadan \u00fcr\u00fcn konsantrasyonunu sa\u011flar. Nazik d\u00fc\u015f\u00fck bas\u0131n\u00e7 ve d\u00fc\u015f\u00fck s\u0131cakl\u0131k i\u015fleme ko\u015fullar\u0131, do\u011fal \u00f6zellikleri korur ve en y\u00fcksek kalitede konsantre \u00fcr\u00fcn sa\u011flar.<\/p>\n\n\n\n<p>TIDAL \u0130leri Osmoz ;Spiral Elemanlar\u0131, s\u0131hhi ve sert \u00fcst sar\u0131ml\u0131 spiral sar\u0131ml\u0131 elemanlar olarak mevcuttur. \u00dcr\u00fcn, t\u00fcm \u00fcr\u00fcn ak\u0131\u015f h\u0131zlar\u0131n\u0131 kar\u015f\u0131lamak i\u00e7in 8 \u201dveya 4\u201d boyutlar\u0131nda mevcuttur. Elemanlar, kolayca bulunabilen s\u0131hhi muhafazalara uyacak \u015fekilde tasarlanm\u0131\u015ft\u0131r. \u00d6\u011feler, de\u011ferli \u00fcr\u00fcn bile\u015fenlerinin maksimum tutulmas\u0131n\u0131 ve minimum kirlenmeyi sa\u011flamak i\u00e7in y\u00fcksek se\u00e7icili\u011fe sahip bir hidrofilik membran kullan\u0131r.<\/p>\n\n\n\n<p>\u0130leri Ozmos&#8217;un \u00f6zel uygulamalar\u0131 b\u00fcy\u00fck \u00f6l\u00e7\u00fcde de\u011fi\u015febilir. TIDAL \n\u0130leri Ozmos sistemleri, \u00f6zel i\u015fleme ihtiya\u00e7lar\u0131n\u0131z\u0131 kar\u015f\u0131lamak i\u00e7in uygun sistem boyutu, \u00e7\u00f6z\u00fcm bile\u015fimi ve kurtarma stratejisi ile \u00f6zel olarak tasarlanabilir.<\/p>\n<\/div><\/div>\n\n\n\n<h5 class=\"wp-block-heading\"><strong>Faydalar<\/strong><\/h5>\n\n\n\n<ul class=\"wp-block-list\"><li>En y\u00fcksek kalitede konsantreler<\/li><li>D\u00fc\u015f\u00fck bas\u0131n\u00e7 ve d\u00fc\u015f\u00fck s\u0131cakl\u0131k konsantrasyonu<\/li><li>Konsantrelerin tad\u0131 ger\u00e7ek gibi<\/li><li>Kan\u0131tlanm\u0131\u015f spiral yara yap\u0131s\u0131<\/li><li>Y\u00fcksek ret hidrofilik membran<\/li><\/ul>\n\n\n\n<h5 class=\"wp-block-heading\"><strong>Uygulamalar<\/strong><\/h5>\n\n\n\n<ul class=\"wp-block-list\"><li>Meyve suyu konsantreleri<\/li><li>Do\u011fal renkler<\/li><li>Kahve Konsantrasyonu<\/li><\/ul>\n\n\n\n<h3 class=\"wp-block-heading\"><strong>S\u0130STEME GENEL BAKI\u015e<\/strong> <\/h3>\n\n\n\n<p>KSS, \u0131s\u0131ya duyarl\u0131 \u00fcr\u00fcn konsantrasyonu ihtiya\u00e7lar\u0131n\u0131z\u0131 kar\u015f\u0131lamak i\u00e7in TIDAL ileri&nbsp;ozmoz&nbsp;elemanlar\u0131n\u0131 kullanan \u00f6zel sistemler sa\u011flar.&nbsp;<\/p>\n\n\n\n<div class=\"wp-block-image\"><figure class=\"aligncenter size-large\"><img decoding=\"async\" src=\"https:\/\/akafor.com\/wp-content\/uploads\/2021\/05\/TIDAL&#x2122;-ileri-ozmoz-sistemi.png\" alt=\"\" class=\"wp-image-1106\"\/><figcaption><strong>TIDAL<sup>&#x2122;<\/sup>&nbsp;\u0130leri Ozmoz Sistemi<\/strong><\/figcaption><\/figure><\/div>\n","protected":false},"excerpt":{"rendered":"<p>TIDAL &#x2122; \u0130leri ozmos , y\u00fcksek bas\u0131n\u00e7l\u0131 ters ozmoz veya termal buharla\u015ft\u0131rma i\u015flemleri kullan\u0131lmadan \u00fcr\u00fcn konsantrasyonunu sa\u011flar. Nazik d\u00fc\u015f\u00fck bas\u0131n\u00e7 ve d\u00fc\u015f\u00fck s\u0131cakl\u0131k i\u015fleme ko\u015fullar\u0131, do\u011fal \u00f6zellikleri korur ve en y\u00fcksek kalitede konsantre \u00fcr\u00fcn sa\u011flar. TIDAL \u0130leri Osmoz ;Spiral Elemanlar\u0131, s\u0131hhi ve sert \u00fcst sar\u0131ml\u0131 spiral sar\u0131ml\u0131 elemanlar olarak mevcuttur. \u00dcr\u00fcn, t\u00fcm \u00fcr\u00fcn ak\u0131\u015f h\u0131zlar\u0131n\u0131 [&hellip;]<\/p>\n","protected":false},"author":1,"featured_media":0,"parent":929,"menu_order":0,"comment_status":"closed","ping_status":"closed","template":"pages\/page-full.php","meta":{"footnotes":""},"class_list":["post-1104","page","type-page","status-publish","hentry"],"_links":{"self":[{"href":"https:\/\/akafor.com\/en\/wp-json\/wp\/v2\/pages\/1104","targetHints":{"allow":["GET"]}}],"collection":[{"href":"https:\/\/akafor.com\/en\/wp-json\/wp\/v2\/pages"}],"about":[{"href":"https:\/\/akafor.com\/en\/wp-json\/wp\/v2\/types\/page"}],"author":[{"embeddable":true,"href":"https:\/\/akafor.com\/en\/wp-json\/wp\/v2\/users\/1"}],"replies":[{"embeddable":true,"href":"https:\/\/akafor.com\/en\/wp-json\/wp\/v2\/comments?post=1104"}],"version-history":[{"count":3,"href":"https:\/\/akafor.com\/en\/wp-json\/wp\/v2\/pages\/1104\/revisions"}],"predecessor-version":[{"id":1110,"href":"https:\/\/akafor.com\/en\/wp-json\/wp\/v2\/pages\/1104\/revisions\/1110"}],"up":[{"embeddable":true,"href":"https:\/\/akafor.com\/en\/wp-json\/wp\/v2\/pages\/929"}],"wp:attachment":[{"href":"https:\/\/akafor.com\/en\/wp-json\/wp\/v2\/media?parent=1104"}],"curies":[{"name":"wp","href":"https:\/\/api.w.org\/{rel}","templated":true}]}}