{"id":1111,"date":"2021-05-24T17:52:39","date_gmt":"2021-05-24T14:52:39","guid":{"rendered":"https:\/\/neyesek.co\/?page_id=1111"},"modified":"2021-06-24T12:31:57","modified_gmt":"2021-06-24T09:31:57","slug":"tubuler-membranlar","status":"publish","type":"page","link":"https:\/\/akafor.com\/en\/filtrasyon\/urunler\/membran-filtreler\/tubuler-membranlar\/","title":{"rendered":"T\u00dcB\u00dcLER MEMBRANLAR"},"content":{"rendered":"\n<div class=\"wp-block-media-text alignwide has-media-on-the-right is-stacked-on-mobile\" style=\"grid-template-columns:auto 45%\"><figure class=\"wp-block-media-text__media\"><img loading=\"lazy\" decoding=\"async\" width=\"436\" height=\"435\" src=\"https:\/\/akafor.com\/wp-content\/uploads\/2021\/05\/TUBULER-MEMBRANLAR.png\" alt=\"\" class=\"wp-image-1112 size-full\" srcset=\"https:\/\/akafor.com\/wp-content\/uploads\/2021\/05\/TUBULER-MEMBRANLAR.png 436w, https:\/\/akafor.com\/wp-content\/uploads\/2021\/05\/TUBULER-MEMBRANLAR-300x300.png 300w, https:\/\/akafor.com\/wp-content\/uploads\/2021\/05\/TUBULER-MEMBRANLAR-150x150.png 150w\" sizes=\"auto, (max-width: 436px) 100vw, 436px\" \/><\/figure><div class=\"wp-block-media-text__content\">\n<p>Boru \u015feklindeki mod\u00fcllerimiz, a\u015f\u0131r\u0131 seviyelerde ask\u0131da kat\u0131 madde i\u00e7eren uygulamalar i\u00e7in tasarlanm\u0131\u015ft\u0131r ve% 60&#8217;a kadar kat\u0131lar\u0131 konsantre edebilir. Borulu tasar\u0131mlarda daha makul&nbsp;membran&nbsp;alanlar\u0131 vard\u0131r, ancak daha b\u00fcy\u00fck besleme hacimlerini bar\u0131nd\u0131racak daha b\u00fcy\u00fck mod\u00fcller geli\u015ftirilmi\u015ftir. \u00c7e\u015fitli end\u00fcstrilerde kullan\u0131lan bir dizi&nbsp;ultrafiltrasyon&nbsp;g\u00f6zenek boyutu sunuyoruz.&nbsp;<\/p>\n<\/div><\/div>\n\n\n\n<p><strong>\u00d6zellikler ve Faydalar<\/strong><\/p>\n\n\n\n<ul class=\"wp-block-list\"><li>Y\u00fcksek kat\u0131 tolerans\u0131<\/li><li>T\u0131kanmaya dayan\u0131kl\u0131<\/li><li>Sa\u011flam tasar\u0131m<\/li><\/ul>\n\n\n\n<p><strong>Kullan\u0131ld\u0131\u011f\u0131 Sekt\u00f6rler<\/strong><\/p>\n\n\n\n<ul class=\"wp-block-list\"><li>S\u00fct<\/li><li>\u0130\u00e7ecekler<\/li><li>Otomotiv<\/li><li>Genel end\u00fcstriyel<\/li><li>Ya\u015fam Bilimleri<\/li><li>Belediye suyu ve at\u0131k su<\/li><li>Ka\u011f\u0131t hamuru ve ka\u011f\u0131t<\/li><li>Tekstil<\/li><\/ul>\n\n\n\n<p><strong>\u00dcr\u00fcnler<\/strong><\/p>\n\n\n\n<figure class=\"wp-block-gallery columns-3 is-cropped wp-block-gallery-1 is-layout-flex wp-block-gallery-is-layout-flex\"><ul class=\"blocks-gallery-grid\"><li class=\"blocks-gallery-item\"><figure><img decoding=\"async\" src=\"https:\/\/akafor.com\/wp-content\/uploads\/2021\/05\/INDU-COR&#x2122;-HD-Module.png\" alt=\"\" data-id=\"1183\" data-full-url=\"https:\/\/akafor.com\/wp-content\/uploads\/2021\/05\/INDU-COR&#x2122;-HD-Module.png\" data-link=\"https:\/\/akafor.com\/filtrasyon\/urunler\/membran-filtreler\/tubuler-membranlar\/indu-cor-hd-modul\/indu-cor-hd-module\/\" class=\"wp-image-1183\"\/><figcaption class=\"blocks-gallery-item__caption\"><a href=\"https:\/\/akafor.com\/filtrasyon\/urunler\/membran-filtreler\/tubuler-membranlar\/indu-cor-modul\/\">INDU-COR<sup>&#x2122;<\/sup>&nbsp;Mod\u00fcl\u00fc<\/a><\/figcaption><\/figure><\/li><li class=\"blocks-gallery-item\"><figure><img decoding=\"async\" src=\"https:\/\/akafor.com\/wp-content\/uploads\/2021\/06\/INDU-COR&#x2122;-MODULE.png\" alt=\"\" data-id=\"1642\" data-full-url=\"https:\/\/akafor.com\/wp-content\/uploads\/2021\/06\/INDU-COR&#x2122;-MODULE.png\" data-link=\"https:\/\/akafor.com\/filtrasyon\/urunler\/membran-filtreler\/tubuler-membranlar\/indu-cor-modul\/indu-cor-module\/\" class=\"wp-image-1642\"\/><figcaption class=\"blocks-gallery-item__caption\"><a href=\"https:\/\/akafor.com\/filtrasyon\/urunler\/membran-filtreler\/tubuler-membranlar\/indu-cor-hd-modul\/\">INDU-COR<sup>&#x2122;<\/sup>&nbsp;HD<\/a><\/figcaption><\/figure><\/li><li class=\"blocks-gallery-item\"><figure><img decoding=\"async\" src=\"https:\/\/akafor.com\/wp-content\/uploads\/2021\/05\/ULTRA-COR&#x2122;-MODULE.png\" alt=\"\" data-id=\"1180\" data-full-url=\"https:\/\/akafor.com\/wp-content\/uploads\/2021\/05\/ULTRA-COR&#x2122;-MODULE.png\" data-link=\"https:\/\/akafor.com\/filtrasyon\/urunler\/membran-filtreler\/tubuler-membranlar\/ultra-cor-modul\/ultra-cor-module\/\" class=\"wp-image-1180\"\/><figcaption class=\"blocks-gallery-item__caption\"><a href=\"https:\/\/akafor.com\/filtrasyon\/urunler\/membran-filtreler\/tubuler-membranlar\/ultra-cor-modul\/\">ULTRA-COR<sup>&#x2122;<\/sup><\/a><\/figcaption><\/figure><\/li><li class=\"blocks-gallery-item\"><figure><img loading=\"lazy\" decoding=\"async\" width=\"436\" height=\"435\" src=\"https:\/\/akafor.com\/wp-content\/uploads\/2021\/05\/FEG-PLUS\u00ae-MODULE.png\" alt=\"\" data-id=\"1176\" data-full-url=\"https:\/\/akafor.com\/wp-content\/uploads\/2021\/05\/FEG-PLUS\u00ae-MODULE.png\" data-link=\"https:\/\/akafor.com\/filtrasyon\/urunler\/membran-filtreler\/tubuler-membranlar\/feg-plus-modul\/feg-plus-module\/\" class=\"wp-image-1176\" srcset=\"https:\/\/akafor.com\/wp-content\/uploads\/2021\/05\/FEG-PLUS\u00ae-MODULE.png 436w, https:\/\/akafor.com\/wp-content\/uploads\/2021\/05\/FEG-PLUS\u00ae-MODULE-300x300.png 300w, https:\/\/akafor.com\/wp-content\/uploads\/2021\/05\/FEG-PLUS\u00ae-MODULE-150x150.png 150w\" sizes=\"auto, (max-width: 436px) 100vw, 436px\" \/><figcaption class=\"blocks-gallery-item__caption\"><a href=\"https:\/\/akafor.com\/filtrasyon\/urunler\/membran-filtreler\/tubuler-membranlar\/feg-plus-modul\/\">FEG PLUS<sup>\u00ae<\/sup><\/a><\/figcaption><\/figure><\/li><li class=\"blocks-gallery-item\"><figure><img decoding=\"async\" src=\"https:\/\/akafor.com\/wp-content\/uploads\/2021\/05\/SUPER-G&#x2122;-MODULE.png\" alt=\"\" data-id=\"1172\" data-full-url=\"https:\/\/akafor.com\/wp-content\/uploads\/2021\/05\/SUPER-G&#x2122;-MODULE.png\" data-link=\"https:\/\/akafor.com\/filtrasyon\/urunler\/membran-filtreler\/tubuler-membranlar\/super-g\/super-g-module\/\" class=\"wp-image-1172\"\/><figcaption class=\"blocks-gallery-item__caption\"><a href=\"https:\/\/akafor.com\/filtrasyon\/urunler\/membran-filtreler\/tubuler-membranlar\/super-g\/\">SUPER-G<sup>&#x2122;<\/sup>&nbsp;Mod\u00fcl\u00fc<\/a><\/figcaption><\/figure><\/li><li class=\"blocks-gallery-item\"><figure><img loading=\"lazy\" decoding=\"async\" width=\"436\" height=\"434\" src=\"https:\/\/akafor.com\/wp-content\/uploads\/2021\/05\/SUPER-COR\u00ae-MODULE.png\" alt=\"\" data-id=\"1168\" data-full-url=\"https:\/\/akafor.com\/wp-content\/uploads\/2021\/05\/SUPER-COR\u00ae-MODULE.png\" data-link=\"https:\/\/akafor.com\/filtrasyon\/urunler\/membran-filtreler\/tubuler-membranlar\/super-cor-modul\/super-cor-module\/\" class=\"wp-image-1168\" srcset=\"https:\/\/akafor.com\/wp-content\/uploads\/2021\/05\/SUPER-COR\u00ae-MODULE.png 436w, https:\/\/akafor.com\/wp-content\/uploads\/2021\/05\/SUPER-COR\u00ae-MODULE-300x300.png 300w, https:\/\/akafor.com\/wp-content\/uploads\/2021\/05\/SUPER-COR\u00ae-MODULE-150x150.png 150w\" sizes=\"auto, (max-width: 436px) 100vw, 436px\" \/><figcaption class=\"blocks-gallery-item__caption\"><a href=\"https:\/\/akafor.com\/filtrasyon\/urunler\/membran-filtreler\/tubuler-membranlar\/super-cor-modul\/\">SUPER-COR<sup>\u00ae<\/sup>&nbsp;<\/a><\/figcaption><\/figure><\/li><\/ul><\/figure>\n","protected":false},"excerpt":{"rendered":"<p>Boru \u015feklindeki mod\u00fcllerimiz, a\u015f\u0131r\u0131 seviyelerde ask\u0131da kat\u0131 madde i\u00e7eren uygulamalar i\u00e7in tasarlanm\u0131\u015ft\u0131r ve% 60&#8217;a kadar kat\u0131lar\u0131 konsantre edebilir. Borulu tasar\u0131mlarda daha makul&nbsp;membran&nbsp;alanlar\u0131 vard\u0131r, ancak daha b\u00fcy\u00fck besleme hacimlerini bar\u0131nd\u0131racak daha b\u00fcy\u00fck mod\u00fcller geli\u015ftirilmi\u015ftir. \u00c7e\u015fitli end\u00fcstrilerde kullan\u0131lan bir dizi&nbsp;ultrafiltrasyon&nbsp;g\u00f6zenek boyutu sunuyoruz.&nbsp; \u00d6zellikler ve Faydalar Y\u00fcksek kat\u0131 tolerans\u0131 T\u0131kanmaya dayan\u0131kl\u0131 Sa\u011flam tasar\u0131m Kullan\u0131ld\u0131\u011f\u0131 Sekt\u00f6rler S\u00fct \u0130\u00e7ecekler Otomotiv [&hellip;]<\/p>\n","protected":false},"author":1,"featured_media":0,"parent":571,"menu_order":0,"comment_status":"closed","ping_status":"closed","template":"pages\/page-full.php","meta":{"footnotes":""},"class_list":["post-1111","page","type-page","status-publish","hentry"],"_links":{"self":[{"href":"https:\/\/akafor.com\/en\/wp-json\/wp\/v2\/pages\/1111","targetHints":{"allow":["GET"]}}],"collection":[{"href":"https:\/\/akafor.com\/en\/wp-json\/wp\/v2\/pages"}],"about":[{"href":"https:\/\/akafor.com\/en\/wp-json\/wp\/v2\/types\/page"}],"author":[{"embeddable":true,"href":"https:\/\/akafor.com\/en\/wp-json\/wp\/v2\/users\/1"}],"replies":[{"embeddable":true,"href":"https:\/\/akafor.com\/en\/wp-json\/wp\/v2\/comments?post=1111"}],"version-history":[{"count":5,"href":"https:\/\/akafor.com\/en\/wp-json\/wp\/v2\/pages\/1111\/revisions"}],"predecessor-version":[{"id":2218,"href":"https:\/\/akafor.com\/en\/wp-json\/wp\/v2\/pages\/1111\/revisions\/2218"}],"up":[{"embeddable":true,"href":"https:\/\/akafor.com\/en\/wp-json\/wp\/v2\/pages\/571"}],"wp:attachment":[{"href":"https:\/\/akafor.com\/en\/wp-json\/wp\/v2\/media?parent=1111"}],"curies":[{"name":"wp","href":"https:\/\/api.w.org\/{rel}","templated":true}]}}