{"id":1143,"date":"2021-05-25T12:26:41","date_gmt":"2021-05-25T09:26:41","guid":{"rendered":"https:\/\/neyesek.co\/?page_id=1143"},"modified":"2021-12-07T09:52:22","modified_gmt":"2021-12-07T06:52:22","slug":"dairy-pro","status":"publish","type":"page","link":"https:\/\/akafor.com\/en\/filtrasyon\/urunler\/membran-filtreler\/spiral-membranlar\/dairy-pro\/","title":{"rendered":"Dairy-Pro\u00ae"},"content":{"rendered":"\n<div class=\"wp-block-media-text alignwide has-media-on-the-right is-stacked-on-mobile\"><figure class=\"wp-block-media-text__media\"><img loading=\"lazy\" decoding=\"async\" width=\"437\" height=\"435\" src=\"https:\/\/akafor.com\/wp-content\/uploads\/2021\/05\/Dairy-Pro\u00ae-Elements-1.png\" alt=\"\" class=\"wp-image-1144 size-full\" srcset=\"https:\/\/akafor.com\/wp-content\/uploads\/2021\/05\/Dairy-Pro\u00ae-Elements-1.png 437w, https:\/\/akafor.com\/wp-content\/uploads\/2021\/05\/Dairy-Pro\u00ae-Elements-1-300x300.png 300w, https:\/\/akafor.com\/wp-content\/uploads\/2021\/05\/Dairy-Pro\u00ae-Elements-1-150x150.png 150w\" sizes=\"auto, (max-width: 437px) 100vw, 437px\" \/><\/figure><div class=\"wp-block-media-text__content\">\n<p>Dairy-Pro\u00ae, s\u00fct \u00fcr\u00fcnleri end\u00fcstrisinin performans ve kalite gereksinimlerini kar\u015f\u0131lamak i\u00e7in \u00f6zel olarak tasarlanm\u0131\u015f eksiksiz bir geli\u015fmi\u015f s\u0131hhi spiral \u00fcr\u00fcnler serisidir. S\u00fct \u00fcr\u00fcnleri i\u015flemenin her ad\u0131m\u0131 i\u00e7in yap\u0131lan bu spiral sar\u0131ml\u0131 elemanlar\u0131n tasar\u0131m\u0131 ve yap\u0131s\u0131, enerji verimlili\u011fini,&nbsp;temizlenebilirli\u011fi, dayan\u0131kl\u0131l\u0131\u011f\u0131 ve \u00fcretkenli\u011fi en \u00fcst d\u00fczeye \u00e7\u0131karmak i\u00e7in optimize edilmi\u015ftir. \u00c7al\u0131\u015fma \u00f6m\u00fcrlerini uzatan ve s\u00fct&nbsp;membran\u0131&nbsp;i\u015flemenin her ad\u0131m\u0131n\u0131 optimize eden zorlu temizlik gereksinimlerini&nbsp;tolere&nbsp;edecek \u015fekilde in\u015fa edilmi\u015flerdir.&nbsp;<\/p>\n<\/div><\/div>\n\n\n\n<h5 class=\"wp-block-heading\"><strong>Faydalar<\/strong><\/h5>\n\n\n\n<ul class=\"wp-block-list\"><li>MF<\/li><li>85 \u00b0 C&#8217;ye kadar S\u0131cak Su Sanitizasyonu<\/li><li>Daha Y\u00fcksek Ak\u0131 \u0130\u00e7in Hidrofilik Polimer<\/li><li>Ya\u011f giderme, kazein reddi ve peynir alt\u0131 suyu protein ge\u00e7i\u015fi i\u00e7in optimum g\u00f6zenek boyutu<\/li><li>UF<\/li><li>Optimum membran se\u00e7imi i\u00e7in \u00e7ok say\u0131da molek\u00fcler a\u011f\u0131rl\u0131k s\u0131n\u0131r\u0131<\/li><li>% 15&#8217;e Kadar Artt\u0131r\u0131lm\u0131\u015f Verimlilik<\/li><li>% 25 Daha D\u00fc\u015f\u00fck Enerji T\u00fcketimi<\/li><li>Kabarmaya kar\u015f\u0131 dayan\u0131kl\u0131<\/li><li>Klor Toleransl\u0131 HpHT<\/li><li>NF<\/li><li>% 15 Daha D\u00fc\u015f\u00fck Enerji T\u00fcketimi<\/li><li>Kabarmaya kar\u015f\u0131 Dayan\u0131kl\u0131<\/li><li>60 \u00b0 C&#8217;ye kadar CIP S\u0131cakl\u0131klar\u0131<\/li><li>BAND-TITE\u00ae Yap\u0131s\u0131<\/li><li>Kolay Kurulum ve \u00c7\u0131karma<\/li><li>RO<\/li><li>% 15 Daha D\u00fc\u015f\u00fck Enerji T\u00fcketimi<\/li><li>Kabarmaya kar\u015f\u0131 dayan\u0131kl\u0131<\/li><li>60 \u00b0 C&#8217;ye kadar CIP S\u0131cakl\u0131klar\u0131<\/li><li>Kolay Kurulum ve S\u00f6k\u00fcm i\u00e7in BAND-TITE Yap\u0131<\/li><\/ul>\n\n\n\n<h5 class=\"wp-block-heading\"><strong>Uygulamalar<\/strong><\/h5>\n\n\n\n<ul class=\"wp-block-list\"><li>MF<\/li><li>Peynir alt\u0131 suyu ya\u011f\u0131<\/li><li>Protein Fraksiyonasyonu<\/li><li>Kazein Konsantrasyonu<\/li><li>UF<\/li><li>Peynir alt\u0131 suyu protein fraksiyonasyonu<\/li><li>Whey Protein Konsantreleri ve \u0130zolatlar\u0131<\/li><li>S\u00fct Proteini Konsantreleri ve \u0130zolatlar\u0131<\/li><li>Salamura berrakla\u015ft\u0131rma<\/li><li>NF<\/li><li>Peynir alt\u0131 suyu konsantrasyonu<\/li><li>Peynir alt\u0131 suyu demineralizasyonu<\/li><li>Y\u00fcksek Kat\u0131 Madde Konsantrasyonu (WPC ve WPI)<\/li><li>RO<\/li><li>S\u00fct, Peynir Alt\u0131 Suyu, Laktoz ve UF Permeat Konsantrasyonu<\/li><li>Suyun yeniden kullan\u0131m\u0131 i\u00e7in permeate ve kondens parlatma<\/li><\/ul>\n\n\n\n<p><strong>S\u0130STEME GENEL BAKI\u015e<\/strong><\/p>\n\n\n\n<p>KSS, s\u00fct \u00fcr\u00fcnleri i\u015fleme ihtiya\u00e7lar\u0131n\u0131z\u0131 kar\u015f\u0131lamak i\u00e7in&nbsp;Dairy-Pro Spiral elemanlar\u0131n\u0131 kullanan \u00f6zel sistemler sa\u011flar.&nbsp;<\/p>\n\n\n\n<div class=\"wp-block-image\"><figure class=\"aligncenter size-large\"><img loading=\"lazy\" decoding=\"async\" width=\"435\" height=\"435\" src=\"https:\/\/akafor.com\/wp-content\/uploads\/2021\/05\/Dairy-Pro\u00ae-Systems.png\" alt=\"\" class=\"wp-image-1145\" srcset=\"https:\/\/akafor.com\/wp-content\/uploads\/2021\/05\/Dairy-Pro\u00ae-Systems.png 435w, https:\/\/akafor.com\/wp-content\/uploads\/2021\/05\/Dairy-Pro\u00ae-Systems-300x300.png 300w, https:\/\/akafor.com\/wp-content\/uploads\/2021\/05\/Dairy-Pro\u00ae-Systems-150x150.png 150w\" sizes=\"auto, (max-width: 435px) 100vw, 435px\" \/><figcaption><strong>Dairy-Pro<sup>\u00ae<\/sup>&nbsp;Sistem<\/strong><\/figcaption><\/figure><\/div>\n","protected":false},"excerpt":{"rendered":"<p>Dairy-Pro\u00ae, s\u00fct \u00fcr\u00fcnleri end\u00fcstrisinin performans ve kalite gereksinimlerini kar\u015f\u0131lamak i\u00e7in \u00f6zel olarak tasarlanm\u0131\u015f eksiksiz bir geli\u015fmi\u015f s\u0131hhi spiral \u00fcr\u00fcnler serisidir. S\u00fct \u00fcr\u00fcnleri i\u015flemenin her ad\u0131m\u0131 i\u00e7in yap\u0131lan bu spiral sar\u0131ml\u0131 elemanlar\u0131n tasar\u0131m\u0131 ve yap\u0131s\u0131, enerji verimlili\u011fini,&nbsp;temizlenebilirli\u011fi, dayan\u0131kl\u0131l\u0131\u011f\u0131 ve \u00fcretkenli\u011fi en \u00fcst d\u00fczeye \u00e7\u0131karmak i\u00e7in optimize edilmi\u015ftir. \u00c7al\u0131\u015fma \u00f6m\u00fcrlerini uzatan ve s\u00fct&nbsp;membran\u0131&nbsp;i\u015flemenin her ad\u0131m\u0131n\u0131 optimize eden [&hellip;]<\/p>\n","protected":false},"author":1,"featured_media":371,"parent":929,"menu_order":0,"comment_status":"closed","ping_status":"closed","template":"pages\/page-full.php","meta":{"footnotes":""},"class_list":["post-1143","page","type-page","status-publish","has-post-thumbnail","hentry"],"_links":{"self":[{"href":"https:\/\/akafor.com\/en\/wp-json\/wp\/v2\/pages\/1143","targetHints":{"allow":["GET"]}}],"collection":[{"href":"https:\/\/akafor.com\/en\/wp-json\/wp\/v2\/pages"}],"about":[{"href":"https:\/\/akafor.com\/en\/wp-json\/wp\/v2\/types\/page"}],"author":[{"embeddable":true,"href":"https:\/\/akafor.com\/en\/wp-json\/wp\/v2\/users\/1"}],"replies":[{"embeddable":true,"href":"https:\/\/akafor.com\/en\/wp-json\/wp\/v2\/comments?post=1143"}],"version-history":[{"count":2,"href":"https:\/\/akafor.com\/en\/wp-json\/wp\/v2\/pages\/1143\/revisions"}],"predecessor-version":[{"id":2210,"href":"https:\/\/akafor.com\/en\/wp-json\/wp\/v2\/pages\/1143\/revisions\/2210"}],"up":[{"embeddable":true,"href":"https:\/\/akafor.com\/en\/wp-json\/wp\/v2\/pages\/929"}],"wp:featuredmedia":[{"embeddable":true,"href":"https:\/\/akafor.com\/en\/wp-json\/wp\/v2\/media\/371"}],"wp:attachment":[{"href":"https:\/\/akafor.com\/en\/wp-json\/wp\/v2\/media?parent=1143"}],"curies":[{"name":"wp","href":"https:\/\/api.w.org\/{rel}","templated":true}]}}