{"id":1147,"date":"2021-05-25T12:34:40","date_gmt":"2021-05-25T09:34:40","guid":{"rendered":"https:\/\/neyesek.co\/?page_id=1147"},"modified":"2021-06-24T12:08:19","modified_gmt":"2021-06-24T09:08:19","slug":"fluid-systems-nf","status":"publish","type":"page","link":"https:\/\/akafor.com\/en\/filtrasyon\/urunler\/membran-filtreler\/spiral-membranlar\/fluid-systems-nf\/","title":{"rendered":"FLUID SYSTEMS\u00ae NF"},"content":{"rendered":"\n<div class=\"wp-block-media-text alignwide has-media-on-the-right is-stacked-on-mobile\"><figure class=\"wp-block-media-text__media\"><img loading=\"lazy\" decoding=\"async\" width=\"435\" height=\"435\" src=\"https:\/\/akafor.com\/wp-content\/uploads\/2021\/05\/FLUID-SYSTEMS\u00ae-NF.png\" alt=\"\" class=\"wp-image-1065 size-full\" srcset=\"https:\/\/akafor.com\/wp-content\/uploads\/2021\/05\/FLUID-SYSTEMS\u00ae-NF.png 435w, https:\/\/akafor.com\/wp-content\/uploads\/2021\/05\/FLUID-SYSTEMS\u00ae-NF-300x300.png 300w, https:\/\/akafor.com\/wp-content\/uploads\/2021\/05\/FLUID-SYSTEMS\u00ae-NF-150x150.png 150w\" sizes=\"auto, (max-width: 435px) 100vw, 435px\" \/><\/figure><div class=\"wp-block-media-text__content\">\n<p>Su yumu\u015fatma ve organik temizleme i\u00e7in tasarlanm\u0131\u015f olan y\u00fcksek ak\u0131\u015fl\u0131, d\u00fc\u015f\u00fck bas\u0131n\u00e7l\u0131 ve se\u00e7ici reddetme&nbsp;nanofiltrasyon&nbsp;membran&nbsp;elemanlar\u0131m\u0131z, ola\u011fan\u00fcst\u00fc performans ve g\u00fcvenilirlik ile tan\u0131nmaktad\u0131r. NF Serisi, daha az kimyasal kullanarak sertli\u011fi kolayca giderirken toplam organik karbonu \u00f6nemli \u00f6l\u00e7\u00fcde azalt\u0131r.&nbsp;<\/p>\n<\/div><\/div>\n\n\n\n<h5 class=\"wp-block-heading\"><strong>Faydalar<\/strong><\/h5>\n\n\n\n<ul class=\"wp-block-list\"><li>En zorlu uygulamalarda kan\u0131tlanm\u0131\u015f performans rekoru<\/li><li>Kompakt tasar\u0131m<\/li><li>% 95&#8217;e kadar y\u00fcksek kurtarma se\u00e7ene\u011fi<\/li><li>\u00c7al\u0131\u015ft\u0131rmas\u0131 basit, g\u00fcvenilir ve g\u00fcvenilir<\/li><li>Deneyimli bir uygulama, s\u00fcre\u00e7 ve saha m\u00fchendisleri ekibi taraf\u0131ndan desteklenir<\/li><\/ul>\n\n\n\n<h5 class=\"wp-block-heading\"><strong>Uygulamalar<\/strong><\/h5>\n\n\n\n<ul class=\"wp-block-list\"><li>End\u00fcstriyel su ve at\u0131k su<\/li><li>Belediye suyu ve at\u0131k su<\/li><li>Yeniden kullan\u0131m i\u00e7in at\u0131k su ar\u0131tma<\/li><li>UF veya MF permeat\u0131n parlat\u0131lmas\u0131<\/li><li>Y\u00fcksek safl\u0131kta deiyonize su \u00fcretimi<\/li><li>Ac\u0131 su ar\u0131tma<\/li><li>Deniz suyu tuzdan ar\u0131nd\u0131rma<\/li><\/ul>\n\n\n\n<p><strong>S\u0130STEME GENE BAKI\u015e<\/strong><\/p>\n\n\n\n<p>KSS \u00f6nceden tasarlanm\u0131\u015f, paketlenmi\u015f RO ve NF&nbsp;membran&nbsp;sistemleri, kompakt, k\u0131za\u011fa monte bir paket i\u00e7inde optimum su ve at\u0131k su ar\u0131t\u0131m\u0131 sa\u011flar. Bu standart paketlenmi\u015f tesisler, h\u0131zl\u0131 ve kolay kurulum i\u00e7in gerekli t\u00fcm ekipmanlarla birlikte gelir. Daha b\u00fcy\u00fck projeler i\u00e7in yard\u0131mc\u0131 ekipman i\u00e7ermeyen mod\u00fcler sistemler de sunuyoruz. Son derece deneyimli m\u00fchendislerden olu\u015fan ekibimiz, verimi optimize etmek ve israf\u0131 azaltmak i\u00e7in y\u00fcksek geri kazan\u0131m se\u00e7enekleri dahil olmak \u00fczere&nbsp;spesifikasyonlar\u0131n\u0131z\u0131&nbsp;kar\u015f\u0131layacak \u00f6zel sistemler tasarlayabilir ve olu\u015fturabilir. Hem paketlenmi\u015f hem de \u00f6zel sistem tekliflerimiz, daha d\u00fc\u015f\u00fck yard\u0131mc\u0131 ekipman maliyetleri, h\u0131zl\u0131 kurulum ve \u00e7al\u0131\u015ft\u0131rma ve y\u00fcksek kaliteli s\u0131zma suyu \u00fcretimi ile esnek, uygun maliyetli bir tasar\u0131m sa\u011flar.&nbsp;<\/p>\n\n\n\n<div class=\"wp-block-image\"><figure class=\"aligncenter size-large\"><img loading=\"lazy\" decoding=\"async\" width=\"437\" height=\"436\" src=\"https:\/\/akafor.com\/wp-content\/uploads\/2021\/05\/FLUID-SYSTEMS\u00ae-NF1.png\" alt=\"\" class=\"wp-image-1066\" srcset=\"https:\/\/akafor.com\/wp-content\/uploads\/2021\/05\/FLUID-SYSTEMS\u00ae-NF1.png 437w, https:\/\/akafor.com\/wp-content\/uploads\/2021\/05\/FLUID-SYSTEMS\u00ae-NF1-300x300.png 300w, https:\/\/akafor.com\/wp-content\/uploads\/2021\/05\/FLUID-SYSTEMS\u00ae-NF1-150x150.png 150w\" sizes=\"auto, (max-width: 437px) 100vw, 437px\" \/><figcaption><strong>FLUID S\u0130STEM<sup>\u00ae<\/sup><\/strong><\/figcaption><\/figure><\/div>\n","protected":false},"excerpt":{"rendered":"<p>Su yumu\u015fatma ve organik temizleme i\u00e7in tasarlanm\u0131\u015f olan y\u00fcksek ak\u0131\u015fl\u0131, d\u00fc\u015f\u00fck bas\u0131n\u00e7l\u0131 ve se\u00e7ici reddetme&nbsp;nanofiltrasyon&nbsp;membran&nbsp;elemanlar\u0131m\u0131z, ola\u011fan\u00fcst\u00fc performans ve g\u00fcvenilirlik ile tan\u0131nmaktad\u0131r. NF Serisi, daha az kimyasal kullanarak sertli\u011fi kolayca giderirken toplam organik karbonu \u00f6nemli \u00f6l\u00e7\u00fcde azalt\u0131r.&nbsp; Faydalar En zorlu uygulamalarda kan\u0131tlanm\u0131\u015f performans rekoru Kompakt tasar\u0131m % 95&#8217;e kadar y\u00fcksek kurtarma se\u00e7ene\u011fi \u00c7al\u0131\u015ft\u0131rmas\u0131 basit, g\u00fcvenilir ve [&hellip;]<\/p>\n","protected":false},"author":1,"featured_media":0,"parent":929,"menu_order":0,"comment_status":"closed","ping_status":"closed","template":"pages\/page-full.php","meta":{"footnotes":""},"class_list":["post-1147","page","type-page","status-publish","hentry"],"_links":{"self":[{"href":"https:\/\/akafor.com\/en\/wp-json\/wp\/v2\/pages\/1147","targetHints":{"allow":["GET"]}}],"collection":[{"href":"https:\/\/akafor.com\/en\/wp-json\/wp\/v2\/pages"}],"about":[{"href":"https:\/\/akafor.com\/en\/wp-json\/wp\/v2\/types\/page"}],"author":[{"embeddable":true,"href":"https:\/\/akafor.com\/en\/wp-json\/wp\/v2\/users\/1"}],"replies":[{"embeddable":true,"href":"https:\/\/akafor.com\/en\/wp-json\/wp\/v2\/comments?post=1147"}],"version-history":[{"count":2,"href":"https:\/\/akafor.com\/en\/wp-json\/wp\/v2\/pages\/1147\/revisions"}],"predecessor-version":[{"id":2211,"href":"https:\/\/akafor.com\/en\/wp-json\/wp\/v2\/pages\/1147\/revisions\/2211"}],"up":[{"embeddable":true,"href":"https:\/\/akafor.com\/en\/wp-json\/wp\/v2\/pages\/929"}],"wp:attachment":[{"href":"https:\/\/akafor.com\/en\/wp-json\/wp\/v2\/media?parent=1147"}],"curies":[{"name":"wp","href":"https:\/\/api.w.org\/{rel}","templated":true}]}}