{"id":1152,"date":"2021-05-25T12:51:40","date_gmt":"2021-05-25T09:51:40","guid":{"rendered":"https:\/\/neyesek.co\/?page_id=1152"},"modified":"2021-12-07T15:16:09","modified_gmt":"2021-12-07T12:16:09","slug":"kpak-plus","status":"publish","type":"page","link":"https:\/\/akafor.com\/en\/filtrasyon\/urunler\/membran-filtreler\/spiral-membranlar\/kpak-plus\/","title":{"rendered":"KPAK\u00ae PLUS"},"content":{"rendered":"\n<div class=\"wp-block-media-text alignwide has-media-on-the-right is-stacked-on-mobile\"><figure class=\"wp-block-media-text__media\"><img loading=\"lazy\" decoding=\"async\" width=\"436\" height=\"437\" src=\"https:\/\/akafor.com\/wp-content\/uploads\/2021\/05\/KPAK\u00ae-PLUS-ELEMENT.png\" alt=\"\" class=\"wp-image-1074 size-full\" srcset=\"https:\/\/akafor.com\/wp-content\/uploads\/2021\/05\/KPAK\u00ae-PLUS-ELEMENT.png 436w, https:\/\/akafor.com\/wp-content\/uploads\/2021\/05\/KPAK\u00ae-PLUS-ELEMENT-300x300.png 300w, https:\/\/akafor.com\/wp-content\/uploads\/2021\/05\/KPAK\u00ae-PLUS-ELEMENT-150x150.png 150w\" sizes=\"auto, (max-width: 436px) 100vw, 436px\" \/><\/figure><div class=\"wp-block-media-text__content\">\n<p>Elektro kaplama boyas\u0131n\u0131n geri kazan\u0131m\u0131 ve i\u015flenmesi i\u00e7in geli\u015ftirilen bu konfig\u00fcrasyon, tasar\u0131m\u0131 ve mod\u00fcl de\u011fi\u015fimini basitle\u015ftiren&nbsp;Victaulic&nbsp;tarz\u0131 ba\u011flant\u0131lara sahip entegre bir kabuk i\u00e7erir.&nbsp;Ultrafiltrasyon&nbsp;membranlar\u0131m\u0131z, yakla\u015f\u0131k 30 y\u0131ld\u0131r elektro kaplama boya geri kazan\u0131m\u0131nda end\u00fcstri standard\u0131 olmu\u015ftur. M\u00fc\u015fterilerin y\u00fcksek \u00fcretkenlik, kararl\u0131 ak\u0131\u015f ve \u00fcst\u00fcn ge\u00e7irgenlik kalitesi elde etmelerine yard\u0131mc\u0131 olmaya \u00e7al\u0131\u015f\u0131yoruz.&nbsp;<\/p>\n<\/div><\/div>\n\n\n\n<h5 class=\"wp-block-heading\"><strong>Faydalar\u0131<\/strong><\/h5>\n\n\n\n<ul class=\"wp-block-list\"><li>Daha y\u00fcksek, daha kararl\u0131 ak\u0131<\/li><li>Daha d\u00fc\u015f\u00fck temizleme frekans\u0131<\/li><li>Sert temizlik kimyasallar\u0131na dayanabilir<\/li><li>Uzun membran \u00f6mr\u00fc<\/li><li>H\u0131zl\u0131 ve kolay kurulum<\/li><\/ul>\n\n\n\n<h5 class=\"wp-block-heading\"><strong>Uygulamalar<\/strong><\/h5>\n\n\n\n<ul class=\"wp-block-list\"><li>Boya Geri Kazan\u0131m\u0131<\/li><\/ul>\n\n\n\n<p><strong>S\u0130STEME GENEL BAKI\u015e<\/strong><\/p>\n\n\n\n<p>KPAK PLUS sistemleri, KPAK PLUS muhafazal\u0131 spiral \u00fcr\u00fcn\u00fcn\u00fc kullan\u0131r ve&nbsp;elektrokap&nbsp;boya uygulamas\u0131n\u0131n zorlu ortam\u0131nda minimum ayak izi i\u00e7inde \u00e7al\u0131\u015facak \u015fekilde tasarlanm\u0131\u015ft\u0131r ve g\u00fcvenli, tutarl\u0131 ve g\u00fcvenilir bir \u00e7al\u0131\u015fma sa\u011flar.&nbsp;<\/p>\n\n\n\n<div class=\"wp-block-image\"><figure class=\"aligncenter size-large\"><img loading=\"lazy\" decoding=\"async\" width=\"435\" height=\"436\" src=\"https:\/\/akafor.com\/wp-content\/uploads\/2021\/05\/KPAK\u00ae-PLUS1.png\" alt=\"\" class=\"wp-image-1075\" srcset=\"https:\/\/akafor.com\/wp-content\/uploads\/2021\/05\/KPAK\u00ae-PLUS1.png 435w, https:\/\/akafor.com\/wp-content\/uploads\/2021\/05\/KPAK\u00ae-PLUS1-300x300.png 300w, https:\/\/akafor.com\/wp-content\/uploads\/2021\/05\/KPAK\u00ae-PLUS1-150x150.png 150w\" sizes=\"auto, (max-width: 435px) 100vw, 435px\" \/><figcaption><strong>KPAK<sup>\u00ae<\/sup>&nbsp;Sistem<\/strong><\/figcaption><\/figure><\/div>\n","protected":false},"excerpt":{"rendered":"<p>Elektro kaplama boyas\u0131n\u0131n geri kazan\u0131m\u0131 ve i\u015flenmesi i\u00e7in geli\u015ftirilen bu konfig\u00fcrasyon, tasar\u0131m\u0131 ve mod\u00fcl de\u011fi\u015fimini basitle\u015ftiren&nbsp;Victaulic&nbsp;tarz\u0131 ba\u011flant\u0131lara sahip entegre bir kabuk i\u00e7erir.&nbsp;Ultrafiltrasyon&nbsp;membranlar\u0131m\u0131z, yakla\u015f\u0131k 30 y\u0131ld\u0131r elektro kaplama boya geri kazan\u0131m\u0131nda end\u00fcstri standard\u0131 olmu\u015ftur. M\u00fc\u015fterilerin y\u00fcksek \u00fcretkenlik, kararl\u0131 ak\u0131\u015f ve \u00fcst\u00fcn ge\u00e7irgenlik kalitesi elde etmelerine yard\u0131mc\u0131 olmaya \u00e7al\u0131\u015f\u0131yoruz.&nbsp; Faydalar\u0131 Daha y\u00fcksek, daha kararl\u0131 ak\u0131 Daha d\u00fc\u015f\u00fck [&hellip;]<\/p>\n","protected":false},"author":1,"featured_media":1074,"parent":929,"menu_order":0,"comment_status":"closed","ping_status":"closed","template":"pages\/page-full.php","meta":{"footnotes":""},"class_list":["post-1152","page","type-page","status-publish","has-post-thumbnail","hentry"],"_links":{"self":[{"href":"https:\/\/akafor.com\/en\/wp-json\/wp\/v2\/pages\/1152","targetHints":{"allow":["GET"]}}],"collection":[{"href":"https:\/\/akafor.com\/en\/wp-json\/wp\/v2\/pages"}],"about":[{"href":"https:\/\/akafor.com\/en\/wp-json\/wp\/v2\/types\/page"}],"author":[{"embeddable":true,"href":"https:\/\/akafor.com\/en\/wp-json\/wp\/v2\/users\/1"}],"replies":[{"embeddable":true,"href":"https:\/\/akafor.com\/en\/wp-json\/wp\/v2\/comments?post=1152"}],"version-history":[{"count":3,"href":"https:\/\/akafor.com\/en\/wp-json\/wp\/v2\/pages\/1152\/revisions"}],"predecessor-version":[{"id":2213,"href":"https:\/\/akafor.com\/en\/wp-json\/wp\/v2\/pages\/1152\/revisions\/2213"}],"up":[{"embeddable":true,"href":"https:\/\/akafor.com\/en\/wp-json\/wp\/v2\/pages\/929"}],"wp:featuredmedia":[{"embeddable":true,"href":"https:\/\/akafor.com\/en\/wp-json\/wp\/v2\/media\/1074"}],"wp:attachment":[{"href":"https:\/\/akafor.com\/en\/wp-json\/wp\/v2\/media?parent=1152"}],"curies":[{"name":"wp","href":"https:\/\/api.w.org\/{rel}","templated":true}]}}