{"id":1160,"date":"2021-05-25T15:54:58","date_gmt":"2021-05-25T12:54:58","guid":{"rendered":"https:\/\/neyesek.co\/?page_id=1160"},"modified":"2021-06-24T12:11:14","modified_gmt":"2021-06-24T09:11:14","slug":"spirapro","status":"publish","type":"page","link":"https:\/\/akafor.com\/en\/filtrasyon\/urunler\/membran-filtreler\/spiral-membranlar\/spirapro\/","title":{"rendered":"SPIRAPRO&#x2122;"},"content":{"rendered":"\n<div class=\"wp-block-media-text alignwide has-media-on-the-right is-stacked-on-mobile\"><figure class=\"wp-block-media-text__media\"><img decoding=\"async\" src=\"https:\/\/akafor.com\/wp-content\/uploads\/2021\/05\/SPIRAPRO&#x2122;.png\" alt=\"\" class=\"wp-image-1092 size-full\"\/><\/figure><div class=\"wp-block-media-text__content\">\n<p>Bu s\u0131hhi spiral sarg\u0131l\u0131&nbsp;ultrafiltrasyon&nbsp;elemanlar\u0131, ila\u00e7 pazar\u0131 gibi USP S\u0131n\u0131f VI do\u011frulamas\u0131n\u0131n yan\u0131 s\u0131ra s\u0131k\u0131 kalite sertifikalar\u0131 gerektiren uygulamalarda kullan\u0131l\u0131r.&nbsp;<\/p>\n\n\n\n<p>SPIRAPRO \u00fcr\u00fcnleri,&nbsp;Dairy-Pro\u00ae ve Sani-Pro s\u0131hhi a\u011f ile sar\u0131lm\u0131\u015f elemanlarla ayn\u0131 standartlar\u0131 kar\u015f\u0131lar. FDA ve EC d\u00fczenleyici onaylar\u0131na ek olarak, t\u00fcm hammaddeler USP S\u0131n\u0131f VI&nbsp;\u00f6z\u00fctlenebilir&nbsp;madde testini ge\u00e7mi\u015ftir. Bu&nbsp;membran&nbsp;serisi, optimum temizlik i\u00e7in asitlere ve kostiklere dayanacak ve uygun maliyetli ay\u0131rma, safla\u015ft\u0131rma ve konsantrasyon sa\u011flayacak \u015fekilde \u00fcretilmi\u015ftir. Elemanlar \u00e7e\u015fitli boyutlarda ve g\u00f6zenek boyutlar\u0131nda mevcuttur.&nbsp;<\/p>\n<\/div><\/div>\n\n\n\n<h5 class=\"wp-block-heading\"><strong>Faydalar\u0131<\/strong><\/h5>\n\n\n\n<ul class=\"wp-block-list\"><li>MF<\/li><li>Viskoz \u00fcr\u00fcnler i\u00e7in 70 \u00b0 C&#8217;ye kadar Y\u00fcksek \u00c7al\u0131\u015fma S\u0131cakl\u0131\u011f\u0131<\/li><li>85 \u00b0 C&#8217;ye kadar S\u0131cak Su Sanitizasyonu<\/li><li>Y\u00fcksek Ak\u0131<\/li><li>Kolay Kurulum ve S\u00f6k\u00fcm i\u00e7in BAND-TITE\u00ae yap\u0131s\u0131<\/li><li>UF<\/li><li>% 15&#8217;e Kadar Artt\u0131r\u0131lm\u0131\u015f Verimlilik<\/li><li>% 25 Daha D\u00fc\u015f\u00fck Enerji T\u00fcketimi<\/li><li>Kabarmaya kar\u015f\u0131 dayan\u0131kl\u0131<\/li><li>Klor Toleransl\u0131 HpHT<\/li><li>NF<\/li><li>% 15 Daha D\u00fc\u015f\u00fck Enerji T\u00fcketimi<\/li><li>Kabarmaya kar\u015f\u0131 dayan\u0131kl\u0131<\/li><li>60 \u00b0 C&#8217;ye kadar CIP S\u0131cakl\u0131klar\u0131<\/li><li>Kolay Kurulum ve S\u00f6k\u00fcm i\u00e7in BAND-TITE Yap\u0131<\/li><li>RO<\/li><li>% 15 Daha D\u00fc\u015f\u00fck Enerji T\u00fcketimi<\/li><li>Kabarmaya kar\u015f\u0131 dayan\u0131kl\u0131<\/li><li>60 \u00b0 C&#8217;ye kadar CIP S\u0131cakl\u0131klar\u0131<\/li><li>Kolay Kurulum ve S\u00f6k\u00fcm i\u00e7in BAND-TITE Yap\u0131<\/li><\/ul>\n\n\n\n<h5 class=\"wp-block-heading\"><strong>Uygulamalar<\/strong><\/h5>\n\n\n\n<ul class=\"wp-block-list\"><li>Enzim konsantrasyonu<\/li><li>API safla\u015ft\u0131rma \/ konsantrasyon<\/li><li>Endotoksin giderme<\/li><\/ul>\n\n\n\n<p><strong>S\u0130STEME GENEL BAKI\u015e<\/strong><\/p>\n\n\n\n<p>KSS, yiyecek ve i\u00e7ecek i\u015fleme ihtiya\u00e7lar\u0131n\u0131z\u0131 kar\u015f\u0131lamak i\u00e7in Sani-Pro Spiral elemanlar\u0131n\u0131 kullanan \u00f6zel sistemler sa\u011flar.&nbsp;<\/p>\n\n\n\n<div class=\"wp-block-image\"><figure class=\"aligncenter size-large\"><img decoding=\"async\" src=\"https:\/\/akafor.com\/wp-content\/uploads\/2021\/05\/SPIRAPRO&#x2122;-System.png\" alt=\"\" class=\"wp-image-1094\"\/><figcaption><strong>SPIRAPRO<sup>&#x2122;<\/sup>&nbsp;Sistem<\/strong><\/figcaption><\/figure><\/div>\n","protected":false},"excerpt":{"rendered":"<p>Bu s\u0131hhi spiral sarg\u0131l\u0131&nbsp;ultrafiltrasyon&nbsp;elemanlar\u0131, ila\u00e7 pazar\u0131 gibi USP S\u0131n\u0131f VI do\u011frulamas\u0131n\u0131n yan\u0131 s\u0131ra s\u0131k\u0131 kalite sertifikalar\u0131 gerektiren uygulamalarda kullan\u0131l\u0131r.&nbsp; SPIRAPRO \u00fcr\u00fcnleri,&nbsp;Dairy-Pro\u00ae ve Sani-Pro s\u0131hhi a\u011f ile sar\u0131lm\u0131\u015f elemanlarla ayn\u0131 standartlar\u0131 kar\u015f\u0131lar. FDA ve EC d\u00fczenleyici onaylar\u0131na ek olarak, t\u00fcm hammaddeler USP S\u0131n\u0131f VI&nbsp;\u00f6z\u00fctlenebilir&nbsp;madde testini ge\u00e7mi\u015ftir. Bu&nbsp;membran&nbsp;serisi, optimum temizlik i\u00e7in asitlere ve kostiklere dayanacak ve uygun [&hellip;]<\/p>\n","protected":false},"author":1,"featured_media":0,"parent":929,"menu_order":0,"comment_status":"closed","ping_status":"closed","template":"pages\/page-full.php","meta":{"footnotes":""},"class_list":["post-1160","page","type-page","status-publish","hentry"],"_links":{"self":[{"href":"https:\/\/akafor.com\/en\/wp-json\/wp\/v2\/pages\/1160","targetHints":{"allow":["GET"]}}],"collection":[{"href":"https:\/\/akafor.com\/en\/wp-json\/wp\/v2\/pages"}],"about":[{"href":"https:\/\/akafor.com\/en\/wp-json\/wp\/v2\/types\/page"}],"author":[{"embeddable":true,"href":"https:\/\/akafor.com\/en\/wp-json\/wp\/v2\/users\/1"}],"replies":[{"embeddable":true,"href":"https:\/\/akafor.com\/en\/wp-json\/wp\/v2\/comments?post=1160"}],"version-history":[{"count":3,"href":"https:\/\/akafor.com\/en\/wp-json\/wp\/v2\/pages\/1160\/revisions"}],"predecessor-version":[{"id":1591,"href":"https:\/\/akafor.com\/en\/wp-json\/wp\/v2\/pages\/1160\/revisions\/1591"}],"up":[{"embeddable":true,"href":"https:\/\/akafor.com\/en\/wp-json\/wp\/v2\/pages\/929"}],"wp:attachment":[{"href":"https:\/\/akafor.com\/en\/wp-json\/wp\/v2\/media?parent=1160"}],"curies":[{"name":"wp","href":"https:\/\/api.w.org\/{rel}","templated":true}]}}