{"id":1164,"date":"2021-05-25T16:04:16","date_gmt":"2021-05-25T13:04:16","guid":{"rendered":"https:\/\/neyesek.co\/?page_id=1164"},"modified":"2021-06-24T12:11:45","modified_gmt":"2021-06-24T09:11:45","slug":"xl-1000","status":"publish","type":"page","link":"https:\/\/akafor.com\/en\/filtrasyon\/urunler\/membran-filtreler\/spiral-membranlar\/xl-1000\/","title":{"rendered":"XL-1000&#x2122;"},"content":{"rendered":"\n<p>KSS XL-1000 spiral elemanlar, patentli erimi\u015f katlama teknolojimizle s\u0131hhi spiral&nbsp;ultrafiltrasyon&nbsp;membran\u0131&nbsp;olarak. Bu yenilik\u00e7i yap\u0131 \u00f6zelli\u011fi, son derece sa\u011flam ve hijyenik bir spiral eleman ve uzun \u00fcr\u00fcn \u00f6m\u00fcr sa\u011flar. XL-1000 spiral UF elemanlar\u0131, US FDA CFR Ba\u015fl\u0131k 21, USDA 3-A, EC&nbsp;Reg. No. 1935\/2004 ve AB&nbsp;Reg. No. 10\/2011. Elementler, Amerika \u0130slami G\u0131da ve Beslenme Konseyi (IFANCA) taraf\u0131ndan Helal Onayl\u0131d\u0131r.&nbsp;<\/p>\n\n\n\n<h5 class=\"wp-block-heading\"><strong>Faydalar<\/strong><\/h5>\n\n\n\n<ul class=\"wp-block-list\"><li>MF<\/li><li>Viskoz \u00fcr\u00fcnler i\u00e7in 70 \u00b0 C&#8217;ye kadar Y\u00fcksek \u00c7al\u0131\u015fma S\u0131cakl\u0131\u011f\u0131<\/li><li>85 \u00b0 C&#8217;ye kadar S\u0131cak Su Sanitizasyonu<\/li><li>Y\u00fcksek Ak\u0131<\/li><li>Kolay Kurulum ve S\u00f6k\u00fcm i\u00e7in BAND-TITE\u00ae yap\u0131s\u0131<\/li><li>UF<\/li><li>% 15&#8217;e Kadar Artt\u0131r\u0131lm\u0131\u015f Verimlilik<\/li><li>% 25 Daha D\u00fc\u015f\u00fck Enerji T\u00fcketimi<\/li><li>Kabarmaya kar\u015f\u0131 dayan\u0131kl\u0131d\u0131r<\/li><li>Klor Toleransl\u0131 HpHT<\/li><li>NF<\/li><li>% 15 Daha D\u00fc\u015f\u00fck Enerji T\u00fcketimi<\/li><li>Kabarmaya kar\u015f\u0131 dayan\u0131kl\u0131d\u0131r<\/li><li>60 \u00b0 C&#8217;ye kadar CIP S\u0131cakl\u0131klar\u0131<\/li><li>Kolay Kurulum ve S\u00f6k\u00fcm i\u00e7in BAND-TITE Yap\u0131<\/li><li>RO<\/li><li>% 15 Daha D\u00fc\u015f\u00fck Enerji T\u00fcketimi<\/li><li>Kabarmaya kar\u015f\u0131 dayan\u0131kl\u0131d\u0131r<\/li><li>60 \u00b0 C&#8217;ye kadar CIP S\u0131cakl\u0131klar\u0131<\/li><li>Kolay Kurulum ve S\u00f6k\u00fcm i\u00e7in BAND-TITE Yap\u0131<\/li><\/ul>\n\n\n\n<h5 class=\"wp-block-heading\"><strong>Uygulamalar\u0131<\/strong><\/h5>\n\n\n\n<ul class=\"wp-block-list\"><li>Enzim konsantrasyonu<\/li><li>API safla\u015ft\u0131rma \/ konsantrasyon<\/li><li>Endotoksin giderme<\/li><\/ul>\n\n\n\n<p>KSS, yiyecek ve i\u00e7ecek i\u015fleme ihtiya\u00e7lar\u0131n\u0131z\u0131 kar\u015f\u0131lamak i\u00e7in Sani-Pro Spiral elemanlar\u0131n\u0131 kullanan \u00f6zel sistemler sa\u011flar.&nbsp;<\/p>\n","protected":false},"excerpt":{"rendered":"<p>KSS XL-1000 spiral elemanlar, patentli erimi\u015f katlama teknolojimizle s\u0131hhi spiral&nbsp;ultrafiltrasyon&nbsp;membran\u0131&nbsp;olarak. Bu yenilik\u00e7i yap\u0131 \u00f6zelli\u011fi, son derece sa\u011flam ve hijyenik bir spiral eleman ve uzun \u00fcr\u00fcn \u00f6m\u00fcr sa\u011flar. XL-1000 spiral UF elemanlar\u0131, US FDA CFR Ba\u015fl\u0131k 21, USDA 3-A, EC&nbsp;Reg. No. 1935\/2004 ve AB&nbsp;Reg. No. 10\/2011. Elementler, Amerika \u0130slami G\u0131da ve Beslenme Konseyi (IFANCA) taraf\u0131ndan Helal [&hellip;]<\/p>\n","protected":false},"author":1,"featured_media":0,"parent":929,"menu_order":0,"comment_status":"closed","ping_status":"closed","template":"pages\/page-full.php","meta":{"footnotes":""},"class_list":["post-1164","page","type-page","status-publish","hentry"],"_links":{"self":[{"href":"https:\/\/akafor.com\/en\/wp-json\/wp\/v2\/pages\/1164","targetHints":{"allow":["GET"]}}],"collection":[{"href":"https:\/\/akafor.com\/en\/wp-json\/wp\/v2\/pages"}],"about":[{"href":"https:\/\/akafor.com\/en\/wp-json\/wp\/v2\/types\/page"}],"author":[{"embeddable":true,"href":"https:\/\/akafor.com\/en\/wp-json\/wp\/v2\/users\/1"}],"replies":[{"embeddable":true,"href":"https:\/\/akafor.com\/en\/wp-json\/wp\/v2\/comments?post=1164"}],"version-history":[{"count":2,"href":"https:\/\/akafor.com\/en\/wp-json\/wp\/v2\/pages\/1164\/revisions"}],"predecessor-version":[{"id":1637,"href":"https:\/\/akafor.com\/en\/wp-json\/wp\/v2\/pages\/1164\/revisions\/1637"}],"up":[{"embeddable":true,"href":"https:\/\/akafor.com\/en\/wp-json\/wp\/v2\/pages\/929"}],"wp:attachment":[{"href":"https:\/\/akafor.com\/en\/wp-json\/wp\/v2\/media?parent=1164"}],"curies":[{"name":"wp","href":"https:\/\/api.w.org\/{rel}","templated":true}]}}