{"id":1179,"date":"2021-05-25T17:01:44","date_gmt":"2021-05-25T14:01:44","guid":{"rendered":"https:\/\/neyesek.co\/?page_id=1179"},"modified":"2021-06-24T12:34:25","modified_gmt":"2021-06-24T09:34:25","slug":"ultra-cor-modul","status":"publish","type":"page","link":"https:\/\/akafor.com\/en\/filtrasyon\/urunler\/membran-filtreler\/tubuler-membranlar\/ultra-cor-modul\/","title":{"rendered":"ULTRA-COR&#x2122; MOD\u00dcL"},"content":{"rendered":"\n<div class=\"wp-block-media-text alignwide has-media-on-the-right is-stacked-on-mobile\"><figure class=\"wp-block-media-text__media\"><img decoding=\"async\" src=\"https:\/\/akafor.com\/wp-content\/uploads\/2021\/05\/ULTRA-COR&#x2122;-MODULE.png\" alt=\"\" class=\"wp-image-1180 size-full\"\/><\/figure><div class=\"wp-block-media-text__content\">\n<p>Bir in\u00e7lik bir PVC kabuk i\u00e7inde yedi in\u00e7 \u00e7apl\u0131 bir&nbsp;ultrafiltrasyon&nbsp;membran\u0131&nbsp;demeti olan bu \u00fcr\u00fcn,&nbsp;membran&nbsp;alan\u0131n\u0131 feda etmeden y\u00fcksek konsantrasyonlarda ask\u0131da kat\u0131 maddeleri idare eder. ULTRA-COR \u00fcr\u00fcn\u00fc, metal hidroksit konsantrasyonu, elektro kaplama boya ve di\u011fer end\u00fcstriyel ak\u0131\u015flar gibi uygulamalar i\u00e7in idealdir.&nbsp;<\/p>\n<\/div><\/div>\n\n\n\n<h5 class=\"wp-block-heading\"><strong>Faydalar\u0131<\/strong><\/h5>\n\n\n\n<ul class=\"wp-block-list\"><li>Y\u00fcksek kat\u0131 tolerans\u0131<\/li><li>S\u00fcnger toplarla mekanik olarak temizlenebilir<\/li><li>Kimyasal olarak toleransl\u0131<\/li><\/ul>\n\n\n\n<h5 class=\"wp-block-heading\"><strong>Uygulamalar<\/strong><\/h5>\n\n\n\n<ul class=\"wp-block-list\"><li>Ya\u011fl\u0131 at\u0131k su<\/li><li>Metal i\u015fleme at\u0131ksu<\/li><li>Harici MBR<\/li><li>Y\u00fcksek kat\u0131 i\u00e7erikli at\u0131k su<\/li><\/ul>\n\n\n\n<p><strong>S\u0130STEME GENEL BAKI\u015e<\/strong><\/p>\n\n\n\n<p>KONSOLIDATOR sistemleri, a\u00e7\u0131k kanall\u0131&nbsp;1 \u201dFEG&nbsp;PLUS\u00ae&nbsp;membran\u0131&nbsp;ve \u00bd\u201d ULTRA-COR &#x2122; \u00e7oklu t\u00fcp mod\u00fcl\u00fcn\u00fc kullanan \u00f6nceden tasarlanm\u0131\u015f boru \u015feklindeki tesislerdir.&nbsp;Em\u00fclsiyonla\u015ft\u0131r\u0131lm\u0131\u015f&nbsp;ya\u011flar, gres, a\u011f\u0131r metaller ve y\u00fcksek miktarda ask\u0131da kat\u0131 madde ile kirlenmi\u015f en zorlu at\u0131k sular\u0131 i\u015flemek i\u00e7in tasarlanm\u0131\u015ft\u0131r. KONSOLIDATOR sistemi taraf\u0131ndan i\u015flenen ak\u0131\u015flar, genellikle fabrikada yeniden kullan\u0131m i\u00e7in yeterince temizdir ve bo\u015falt\u0131m i\u00e7in g\u00fcvenli, ekonomik ve \u00e7evre dostu bir alternatif sunar.&nbsp;<\/p>\n\n\n\n<div class=\"wp-block-image\"><figure class=\"aligncenter size-large\"><img decoding=\"async\" src=\"https:\/\/akafor.com\/wp-content\/uploads\/2021\/05\/KONSOLIDATOR&#x2122;-System.png\" alt=\"\" class=\"wp-image-1177\"\/><figcaption><strong>KONSOLIDATOR<sup>&#x2122;<\/sup>&nbsp;Sistem<\/strong><\/figcaption><\/figure><\/div>\n","protected":false},"excerpt":{"rendered":"<p>Bir in\u00e7lik bir PVC kabuk i\u00e7inde yedi in\u00e7 \u00e7apl\u0131 bir&nbsp;ultrafiltrasyon&nbsp;membran\u0131&nbsp;demeti olan bu \u00fcr\u00fcn,&nbsp;membran&nbsp;alan\u0131n\u0131 feda etmeden y\u00fcksek konsantrasyonlarda ask\u0131da kat\u0131 maddeleri idare eder. ULTRA-COR \u00fcr\u00fcn\u00fc, metal hidroksit konsantrasyonu, elektro kaplama boya ve di\u011fer end\u00fcstriyel ak\u0131\u015flar gibi uygulamalar i\u00e7in idealdir.&nbsp; Faydalar\u0131 Y\u00fcksek kat\u0131 tolerans\u0131 S\u00fcnger toplarla mekanik olarak temizlenebilir Kimyasal olarak toleransl\u0131 Uygulamalar Ya\u011fl\u0131 at\u0131k su Metal [&hellip;]<\/p>\n","protected":false},"author":1,"featured_media":0,"parent":1111,"menu_order":0,"comment_status":"closed","ping_status":"closed","template":"pages\/page-full.php","meta":{"footnotes":""},"class_list":["post-1179","page","type-page","status-publish","hentry"],"_links":{"self":[{"href":"https:\/\/akafor.com\/en\/wp-json\/wp\/v2\/pages\/1179","targetHints":{"allow":["GET"]}}],"collection":[{"href":"https:\/\/akafor.com\/en\/wp-json\/wp\/v2\/pages"}],"about":[{"href":"https:\/\/akafor.com\/en\/wp-json\/wp\/v2\/types\/page"}],"author":[{"embeddable":true,"href":"https:\/\/akafor.com\/en\/wp-json\/wp\/v2\/users\/1"}],"replies":[{"embeddable":true,"href":"https:\/\/akafor.com\/en\/wp-json\/wp\/v2\/comments?post=1179"}],"version-history":[{"count":2,"href":"https:\/\/akafor.com\/en\/wp-json\/wp\/v2\/pages\/1179\/revisions"}],"predecessor-version":[{"id":2221,"href":"https:\/\/akafor.com\/en\/wp-json\/wp\/v2\/pages\/1179\/revisions\/2221"}],"up":[{"embeddable":true,"href":"https:\/\/akafor.com\/en\/wp-json\/wp\/v2\/pages\/1111"}],"wp:attachment":[{"href":"https:\/\/akafor.com\/en\/wp-json\/wp\/v2\/media?parent=1179"}],"curies":[{"name":"wp","href":"https:\/\/api.w.org\/{rel}","templated":true}]}}