{"id":1186,"date":"2021-05-26T09:32:00","date_gmt":"2021-05-26T06:32:00","guid":{"rendered":"https:\/\/neyesek.co\/?page_id=1186"},"modified":"2021-06-24T15:21:53","modified_gmt":"2021-06-24T12:21:53","slug":"ceramic-modul-membranlar","status":"publish","type":"page","link":"https:\/\/akafor.com\/en\/filtrasyon\/urunler\/membran-filtreler\/ceramic-modul-membranlar\/","title":{"rendered":"SERAM\u0130K MEMBRANLAR"},"content":{"rendered":"\n<div class=\"wp-block-media-text alignwide has-media-on-the-right is-stacked-on-mobile\" style=\"grid-template-columns:auto 42%\"><figure class=\"wp-block-media-text__media\"><img loading=\"lazy\" decoding=\"async\" width=\"433\" height=\"435\" src=\"https:\/\/akafor.com\/wp-content\/uploads\/2021\/05\/CERAMIC-MODULE-MEMBRANES.png\" alt=\"\" class=\"wp-image-1187 size-full\" srcset=\"https:\/\/akafor.com\/wp-content\/uploads\/2021\/05\/CERAMIC-MODULE-MEMBRANES.png 433w, https:\/\/akafor.com\/wp-content\/uploads\/2021\/05\/CERAMIC-MODULE-MEMBRANES-300x300.png 300w, https:\/\/akafor.com\/wp-content\/uploads\/2021\/05\/CERAMIC-MODULE-MEMBRANES-150x150.png 150w\" sizes=\"auto, (max-width: 433px) 100vw, 433px\" \/><\/figure><div class=\"wp-block-media-text__content\">\n<p>Seramik membranlar m\u00fckemmel kimyasal ve termal uyumluluk g\u00f6sterir. Uzun membran \u00f6mr\u00fc ile birle\u015fti\u011finde, bu onlar\u0131 \u00e7e\u015fitli pazar uygulamalar\u0131 i\u00e7in ideal, uygun maliyetli bir \u00e7\u00f6z\u00fcm haline getirir. \u00c7ok \u00e7e\u015fitli mikrofiltrasyon ve ultrafiltrasyon g\u00f6zenek boyutlar\u0131nda k\u00fc\u00e7\u00fck, orta ve b\u00fcy\u00fck projeler i\u00e7in y\u00fcksek kaliteli membran mod\u00fclleri sa\u011flayan \u00e7e\u015fitli seramik \u00fcr\u00fcnler sunuyoruz.<\/p>\n<\/div><\/div>\n\n\n\n<p><strong>Kullan\u0131ld\u0131\u011f\u0131 sekt\u00f6rler<\/strong><\/p>\n\n\n\n<ul class=\"wp-block-list\"><li>S\u00fct<\/li><li>Yiyecekler<\/li><li>\u0130\u00e7ecekler<\/li><li>Otomotiv<\/li><li>Genel end\u00fcstriyel<\/li><li>Ya\u015fam Bilimleri<\/li><li>Belediye suyu ve at\u0131k su<\/li><li>Ka\u011f\u0131t hamuru ve ka\u011f\u0131t<\/li><li>Tekstil<\/li><\/ul>\n\n\n\n<p><strong>\u00dcr\u00fcnler<\/strong><\/p>\n\n\n\n<ul class=\"wp-block-list\"><li>Mikrofiltrasyon mod\u00fclleri<\/li><li>Ultrafiltrasyon mod\u00fclleri<\/li><\/ul>\n\n\n\n<div class=\"wp-block-image\"><figure class=\"aligncenter size-large\"><img loading=\"lazy\" decoding=\"async\" width=\"436\" height=\"434\" src=\"https:\/\/akafor.com\/wp-content\/uploads\/2021\/05\/Ceramic-Membrane.png\" alt=\"\" class=\"wp-image-1188\" srcset=\"https:\/\/akafor.com\/wp-content\/uploads\/2021\/05\/Ceramic-Membrane.png 436w, https:\/\/akafor.com\/wp-content\/uploads\/2021\/05\/Ceramic-Membrane-300x300.png 300w, https:\/\/akafor.com\/wp-content\/uploads\/2021\/05\/Ceramic-Membrane-150x150.png 150w\" sizes=\"auto, (max-width: 436px) 100vw, 436px\" \/><figcaption><strong>Seramik Membran<\/strong><\/figcaption><\/figure><\/div>\n\n\n\n<p><strong>\u00dcr\u00fcnler<\/strong><\/p>\n\n\n\n<figure class=\"wp-block-gallery columns-1 is-cropped wp-block-gallery-1 is-layout-flex wp-block-gallery-is-layout-flex\"><ul class=\"blocks-gallery-grid\"><li class=\"blocks-gallery-item\"><figure><img loading=\"lazy\" decoding=\"async\" width=\"429\" height=\"426\" src=\"https:\/\/akafor.com\/wp-content\/uploads\/2021\/06\/seramik-membran.png\" alt=\"\" data-id=\"1648\" data-full-url=\"https:\/\/akafor.com\/wp-content\/uploads\/2021\/06\/seramik-membran.png\" data-link=\"https:\/\/akafor.com\/filtrasyon\/urunler\/membran-filtreler\/ceramic-modul-membranlar\/kss-seramik-membranlar\/seramik-membran\/\" class=\"wp-image-1648\" srcset=\"https:\/\/akafor.com\/wp-content\/uploads\/2021\/06\/seramik-membran.png 429w, https:\/\/akafor.com\/wp-content\/uploads\/2021\/06\/seramik-membran-300x298.png 300w, https:\/\/akafor.com\/wp-content\/uploads\/2021\/06\/seramik-membran-150x150.png 150w\" sizes=\"auto, (max-width: 429px) 100vw, 429px\" \/><figcaption class=\"blocks-gallery-item__caption\"><a href=\"https:\/\/akafor.com\/filtrasyon\/membran-filtreler\/ceramic-modul-membranlar\/kss-seramik-membranlar\/\">KSS Seramik Membranlar<sup>\u00ae<\/sup>&nbsp;<\/a><\/figcaption><\/figure><\/li><\/ul><\/figure>\n","protected":false},"excerpt":{"rendered":"<p>Seramik membranlar m\u00fckemmel kimyasal ve termal uyumluluk g\u00f6sterir. Uzun membran \u00f6mr\u00fc ile birle\u015fti\u011finde, bu onlar\u0131 \u00e7e\u015fitli pazar uygulamalar\u0131 i\u00e7in ideal, uygun maliyetli bir \u00e7\u00f6z\u00fcm haline getirir. \u00c7ok \u00e7e\u015fitli mikrofiltrasyon ve ultrafiltrasyon g\u00f6zenek boyutlar\u0131nda k\u00fc\u00e7\u00fck, orta ve b\u00fcy\u00fck projeler i\u00e7in y\u00fcksek kaliteli membran mod\u00fclleri sa\u011flayan \u00e7e\u015fitli seramik \u00fcr\u00fcnler sunuyoruz. Kullan\u0131ld\u0131\u011f\u0131 sekt\u00f6rler S\u00fct Yiyecekler \u0130\u00e7ecekler Otomotiv Genel [&hellip;]<\/p>\n","protected":false},"author":1,"featured_media":0,"parent":571,"menu_order":0,"comment_status":"closed","ping_status":"closed","template":"pages\/page-full.php","meta":{"footnotes":""},"class_list":["post-1186","page","type-page","status-publish","hentry"],"_links":{"self":[{"href":"https:\/\/akafor.com\/en\/wp-json\/wp\/v2\/pages\/1186","targetHints":{"allow":["GET"]}}],"collection":[{"href":"https:\/\/akafor.com\/en\/wp-json\/wp\/v2\/pages"}],"about":[{"href":"https:\/\/akafor.com\/en\/wp-json\/wp\/v2\/types\/page"}],"author":[{"embeddable":true,"href":"https:\/\/akafor.com\/en\/wp-json\/wp\/v2\/users\/1"}],"replies":[{"embeddable":true,"href":"https:\/\/akafor.com\/en\/wp-json\/wp\/v2\/comments?post=1186"}],"version-history":[{"count":5,"href":"https:\/\/akafor.com\/en\/wp-json\/wp\/v2\/pages\/1186\/revisions"}],"predecessor-version":[{"id":1825,"href":"https:\/\/akafor.com\/en\/wp-json\/wp\/v2\/pages\/1186\/revisions\/1825"}],"up":[{"embeddable":true,"href":"https:\/\/akafor.com\/en\/wp-json\/wp\/v2\/pages\/571"}],"wp:attachment":[{"href":"https:\/\/akafor.com\/en\/wp-json\/wp\/v2\/media?parent=1186"}],"curies":[{"name":"wp","href":"https:\/\/api.w.org\/{rel}","templated":true}]}}