{"id":1190,"date":"2021-05-26T09:43:17","date_gmt":"2021-05-26T06:43:17","guid":{"rendered":"https:\/\/neyesek.co\/?page_id=1190"},"modified":"2021-11-09T16:12:51","modified_gmt":"2021-11-09T13:12:51","slug":"iyon-degistirici-recineler","status":"publish","type":"page","link":"https:\/\/akafor.com\/en\/iyon-degistirici-sistemler\/iyon-degistirici-recineler\/","title":{"rendered":"\u0130YON DE\u011e\u0130\u015eT\u0130R\u0130C\u0130 RE\u00c7\u0130NELER"},"content":{"rendered":"\n<div class=\"wp-block-media-text alignwide has-media-on-the-right is-stacked-on-mobile\" style=\"grid-template-columns:auto 45%\"><figure class=\"wp-block-media-text__media\"><img loading=\"lazy\" decoding=\"async\" width=\"436\" height=\"435\" src=\"https:\/\/akafor.com\/wp-content\/uploads\/2021\/05\/Iyon-degistirtici-membranlar.png\" alt=\"\" class=\"wp-image-1191 size-full\" srcset=\"https:\/\/akafor.com\/wp-content\/uploads\/2021\/05\/Iyon-degistirtici-membranlar.png 436w, https:\/\/akafor.com\/wp-content\/uploads\/2021\/05\/Iyon-degistirtici-membranlar-300x300.png 300w, https:\/\/akafor.com\/wp-content\/uploads\/2021\/05\/Iyon-degistirtici-membranlar-150x150.png 150w\" sizes=\"auto, (max-width: 436px) 100vw, 436px\" \/><\/figure><div class=\"wp-block-media-text__content\">\n<p>\u00c7\u00f6z\u00fcn\u00fcr y\u00fckl\u00fc bile\u015fenleri uzakla\u015ft\u0131rmak i\u00e7in yenilik\u00e7i \u0130yon de\u011fi\u015fimi.<\/p>\n\n\n\n<p>K\u00f6keni 1930&#8217;lar\u0131n ortalar\u0131na kadar uzanan iyon de\u011fi\u015fim teknolojisi, partik\u00fcl y\u00fck\u00fcne dayal\u0131 proses ak\u0131\u015flar\u0131ndaki kirletici maddelerin uzakla\u015ft\u0131r\u0131lmas\u0131 i\u00e7in kan\u0131tlanm\u0131\u015f bir y\u00f6ntemdir. Bir proses s\u0131v\u0131s\u0131, s\u0131v\u0131n\u0131n iyonik y\u00fckleriyle reaksiyona giren ve nihayetinde istenmeyen bile\u015fenleri ortadan kald\u0131ran paketlenmi\u015f y\u00fckl\u00fc polimerik boncuklar yata\u011f\u0131ndan pompalan\u0131r. Ba\u015flang\u0131\u00e7ta demineralizasyon i\u00e7in fenolik bazl\u0131 bir re\u00e7ine ile geli\u015ftirilen bir\u00e7ok katyonik ve anyonik polimer re\u00e7inesi, nitratlar, flor\u00fcrler, s\u00fclfatlar, uranyum, arsenik, tanenler gibi kirleticiler veya safs\u0131zl\u0131klar ile \u00e7e\u015fitli uygulamalar\u0131 tedavi etmek i\u00e7in y\u0131llar i\u00e7inde geli\u015ftirilmi\u015ftir. geli\u015fmeler, bu iyon de\u011fi\u015fim teknolojisinin yiyecek, i\u00e7ecek ve end\u00fcstriyel pazarlardaki bir\u00e7ok i\u015fleme uygulanmas\u0131n\u0131 m\u00fcmk\u00fcn k\u0131lm\u0131\u015ft\u0131r.<\/p>\n<\/div><\/div>\n\n\n\n<p>Bu denenmi\u015f ve do\u011frulanm\u0131\u015f teknolojiyi kullan\u0131rken, Recoflo\u00ae \u0130yon De\u011fi\u015fimi, \u00f6nemli avantajlarla benzersiz ve yenilik\u00e7i bir yakla\u015f\u0131m sunar. Tarihsel olarak, geleneksel iyon de\u011fi\u015fimi, etkili d\u00f6n\u00fc\u015f\u00fcm i\u00e7in gereken re\u00e7ine temas alan\u0131na dayal\u0131 olarak s\u0131n\u0131rl\u0131 verimlilikle b\u00fcy\u00fck bir ayak izi kaplam\u0131\u015ft\u0131r. Recoflo\u00ae \u0130yon De\u011fi\u015fimi, \u00bc geleneksel re\u00e7ine boyutunda bir re\u00e7ine boncuk kullanarak, daha y\u00fcksek paketleme yo\u011funlu\u011fu ve y\u00fczey alan\u0131ndan yararlanarak gerekli reaksiyon b\u00f6lgesi boyutunu \u00f6nemli \u00f6l\u00e7\u00fcde azalt\u0131r. Bu, daha y\u00fcksek operasyonel verimlilik ve azalt\u0131lm\u0131\u015f at\u0131k ile \u00e7ok daha k\u00fc\u00e7\u00fck bir sistemle sonu\u00e7lan\u0131r.<\/p>\n\n\n\n<h5 class=\"wp-block-heading\"><strong>\u00d6zellikler ve Faydalar<\/strong><\/h5>\n\n\n\n<ul class=\"wp-block-list\"><li>Daha k\u00fc\u00e7\u00fck ayak izi (% 50) ve y\u00fckseklik (% 90)<\/li><li>Daha k\u00fc\u00e7\u00fck re\u00e7ine hacmi<\/li><li>Daha d\u00fc\u015f\u00fck sermaye maliyeti<\/li><li>Daha d\u00fc\u015f\u00fck kimyasal t\u00fcketim<\/li><li>Daha az at\u0131k<\/li><li>Daha uzun re\u00e7ine \u00f6mr\u00fc<\/li><li>\u00dcst\u00fcn at\u0131k su kalitesi<\/li><li>Daha kolay ve daha h\u0131zl\u0131 kurulum, devreye alma ve servis<\/li><\/ul>\n\n\n\n<p><strong>\u00dcr\u00fcnler<\/strong><\/p>\n\n\n\n<figure class=\"wp-block-gallery columns-3 is-cropped wp-block-gallery-1 is-layout-flex wp-block-gallery-is-layout-flex\"><ul class=\"blocks-gallery-grid\"><li class=\"blocks-gallery-item\"><figure><img decoding=\"async\" src=\"https:\/\/akafor.com\/wp-content\/uploads\/2021\/05\/Spectrum-Plus-Filter&#x2122;-System.png\" alt=\"\" data-id=\"1248\" data-full-url=\"https:\/\/akafor.com\/wp-content\/uploads\/2021\/05\/Spectrum-Plus-Filter&#x2122;-System.png\" data-link=\"https:\/\/akafor.com\/filtrasyon\/urunler\/membran-filtreler\/iyon-degistirici-membranlar\/spectrum-plus-filtre\/spectrum-plus-filter-system\/\" class=\"wp-image-1248\"\/><figcaption class=\"blocks-gallery-item__caption\"><a href=\"https:\/\/akafor.com\/iyon-degistirici-sistemler\/iyon-degistirici-recineler\/spectrum-plus-filtre\/\"><strong>SPECTRUM PLUS F\u0130LTRE&#x2122;<br><\/strong><\/a><\/figcaption><\/figure><\/li><li class=\"blocks-gallery-item\"><figure><img decoding=\"async\" src=\"https:\/\/akafor.com\/wp-content\/uploads\/2021\/05\/Spectrum-Filter&#x2122;-System.png\" alt=\"\" data-id=\"1245\" data-full-url=\"https:\/\/akafor.com\/wp-content\/uploads\/2021\/05\/Spectrum-Filter&#x2122;-System.png\" data-link=\"https:\/\/akafor.com\/filtrasyon\/urunler\/membran-filtreler\/iyon-degistirici-membranlar\/spectrum-filter\/spectrum-filter-system\/\" class=\"wp-image-1245\"\/><figcaption class=\"blocks-gallery-item__caption\"><a href=\"https:\/\/akafor.com\/filtrasyon\/urunler\/membran-filtreler\/iyon-degistirici-membranlar\/spectrum-filter\/\"><\/a><a href=\"https:\/\/akafor.com\/iyon-degistirici-sistemler\/iyon-degistirici-recineler\/spectrum-filter\/\">Spectrum Filter&#x2122;<\/a><\/figcaption><\/figure><\/li><li class=\"blocks-gallery-item\"><figure><img decoding=\"async\" src=\"https:\/\/akafor.com\/wp-content\/uploads\/2021\/05\/Recoflo\u00ae-Triflo&#x2122;-Demineralizer.png\" alt=\"\" data-id=\"1242\" data-full-url=\"https:\/\/akafor.com\/wp-content\/uploads\/2021\/05\/Recoflo\u00ae-Triflo&#x2122;-Demineralizer.png\" data-link=\"https:\/\/akafor.com\/filtrasyon\/urunler\/membran-filtreler\/iyon-degistirici-membranlar\/recoflo-triflo-iyon-degisimi\/recoflo-triflo-demineralizer\/\" class=\"wp-image-1242\"\/><figcaption class=\"blocks-gallery-item__caption\"><a href=\"https:\/\/akafor.com\/iyon-degistirici-sistemler\/iyon-degistirici-recineler\/recoflo-triflo-iyon-degisimi\/\">Recoflo\u00ae Triflo &#x2122; \u0130YON DE\u011e\u0130\u015e\u0130M\u0130<\/a><\/figcaption><\/figure><\/li><li class=\"blocks-gallery-item\"><figure><img loading=\"lazy\" decoding=\"async\" width=\"436\" height=\"437\" src=\"https:\/\/akafor.com\/wp-content\/uploads\/2021\/05\/RecoPur\u00ae-System.png\" alt=\"\" data-id=\"1239\" data-full-url=\"https:\/\/akafor.com\/wp-content\/uploads\/2021\/05\/RecoPur\u00ae-System.png\" data-link=\"https:\/\/akafor.com\/filtrasyon\/urunler\/membran-filtreler\/iyon-degistirici-membranlar\/recopur-iyon-degisimi\/recopur-system\/\" class=\"wp-image-1239\" srcset=\"https:\/\/akafor.com\/wp-content\/uploads\/2021\/05\/RecoPur\u00ae-System.png 436w, https:\/\/akafor.com\/wp-content\/uploads\/2021\/05\/RecoPur\u00ae-System-300x300.png 300w, https:\/\/akafor.com\/wp-content\/uploads\/2021\/05\/RecoPur\u00ae-System-150x150.png 150w\" sizes=\"auto, (max-width: 436px) 100vw, 436px\" \/><figcaption class=\"blocks-gallery-item__caption\"><a href=\"https:\/\/akafor.com\/iyon-degistirici-sistemler\/iyon-degistirici-recineler\/recopur-iyon-degisimi\/\">RECOPUR\u00ae \u0130YON DE\u011e\u0130\u015e\u0130M\u0130<\/a><\/figcaption><\/figure><\/li><li class=\"blocks-gallery-item\"><figure><img loading=\"lazy\" decoding=\"async\" width=\"438\" height=\"437\" src=\"https:\/\/akafor.com\/wp-content\/uploads\/2021\/05\/GAP-Ion-Exchange-System.png\" alt=\"\" data-id=\"1236\" data-full-url=\"https:\/\/akafor.com\/wp-content\/uploads\/2021\/05\/GAP-Ion-Exchange-System.png\" data-link=\"https:\/\/akafor.com\/filtrasyon\/urunler\/membran-filtreler\/iyon-degistirici-membranlar\/gap-iyon-degisimi\/gap-ion-exchange-system\/\" class=\"wp-image-1236\" srcset=\"https:\/\/akafor.com\/wp-content\/uploads\/2021\/05\/GAP-Ion-Exchange-System.png 438w, https:\/\/akafor.com\/wp-content\/uploads\/2021\/05\/GAP-Ion-Exchange-System-300x300.png 300w, https:\/\/akafor.com\/wp-content\/uploads\/2021\/05\/GAP-Ion-Exchange-System-150x150.png 150w\" sizes=\"auto, (max-width: 438px) 100vw, 438px\" \/><figcaption class=\"blocks-gallery-item__caption\"><a href=\"https:\/\/akafor.com\/iyon-degistirici-sistemler\/iyon-degistirici-recineler\/gap-iyon-degisimi\/\">GAP \u0130YON DE\u011e\u0130\u015e\u0130M\u0130<\/a><\/figcaption><\/figure><\/li><li class=\"blocks-gallery-item\"><figure><img loading=\"lazy\" decoding=\"async\" width=\"437\" height=\"435\" src=\"https:\/\/akafor.com\/wp-content\/uploads\/2021\/05\/PRU-Ion-Exchange-System.png\" alt=\"\" data-id=\"1233\" data-full-url=\"https:\/\/akafor.com\/wp-content\/uploads\/2021\/05\/PRU-Ion-Exchange-System.png\" data-link=\"https:\/\/akafor.com\/filtrasyon\/urunler\/membran-filtreler\/iyon-degistirici-membranlar\/pru-iyon-degisimi\/pru-ion-exchange-system\/\" class=\"wp-image-1233\" srcset=\"https:\/\/akafor.com\/wp-content\/uploads\/2021\/05\/PRU-Ion-Exchange-System.png 437w, https:\/\/akafor.com\/wp-content\/uploads\/2021\/05\/PRU-Ion-Exchange-System-300x300.png 300w, https:\/\/akafor.com\/wp-content\/uploads\/2021\/05\/PRU-Ion-Exchange-System-150x150.png 150w\" sizes=\"auto, (max-width: 437px) 100vw, 437px\" \/><figcaption class=\"blocks-gallery-item__caption\"><a href=\"https:\/\/akafor.com\/iyon-degistirici-sistemler\/iyon-degistirici-recineler\/pru-iyon-degisimi\/\">PRU \u0130YON DE\u011e\u0130\u015e\u0130M\u0130<\/a><\/figcaption><\/figure><\/li><li class=\"blocks-gallery-item\"><figure><img decoding=\"async\" src=\"https:\/\/akafor.com\/wp-content\/uploads\/2021\/05\/SSU&#x2122;-Ion-Exchange-System-1.png\" alt=\"\" data-id=\"1230\" data-full-url=\"https:\/\/akafor.com\/wp-content\/uploads\/2021\/05\/SSU&#x2122;-Ion-Exchange-System-1.png\" data-link=\"https:\/\/akafor.com\/filtrasyon\/urunler\/membran-filtreler\/iyon-degistirici-membranlar\/pdp-iyon-degisimi\/ssu-ion-exchange-system-1\/\" class=\"wp-image-1230\"\/><figcaption class=\"blocks-gallery-item__caption\"><a href=\"https:\/\/akafor.com\/iyon-degistirici-sistemler\/iyon-degistirici-recineler\/ssu-iyon-degisimi\/\">SSU &#x2122; \u0130YON DE\u011e\u0130\u015e\u0130M\u0130<\/a><\/figcaption><\/figure><\/li><li class=\"blocks-gallery-item\"><figure><img decoding=\"async\" src=\"https:\/\/akafor.com\/wp-content\/uploads\/2021\/05\/MicroPur&#x2122;-Ion-Exchange-System.png\" alt=\"\" data-id=\"1220\" data-full-url=\"https:\/\/akafor.com\/wp-content\/uploads\/2021\/05\/MicroPur&#x2122;-Ion-Exchange-System.png\" data-link=\"https:\/\/akafor.com\/filtrasyon\/urunler\/membran-filtreler\/iyon-degistirici-membranlar\/micropur-iyon-degisimi\/micropur-ion-exchange-system\/\" class=\"wp-image-1220\"\/><figcaption class=\"blocks-gallery-item__caption\"><a href=\"https:\/\/akafor.com\/iyon-degistirici-sistemler\/iyon-degistirici-recineler\/micropur-iyon-degisimi\/\">MICROPUR &#x2122; \u0130YON DE\u011e\u0130\u015e\u0130M\u0130<\/a><\/figcaption><\/figure><\/li><li class=\"blocks-gallery-item\"><figure><img decoding=\"async\" src=\"https:\/\/akafor.com\/wp-content\/uploads\/2021\/05\/NickelPur&#x2122;-Ion-Exchange-System.png\" alt=\"\" data-id=\"1217\" data-full-url=\"https:\/\/akafor.com\/wp-content\/uploads\/2021\/05\/NickelPur&#x2122;-Ion-Exchange-System.png\" data-link=\"https:\/\/akafor.com\/filtrasyon\/urunler\/membran-filtreler\/iyon-degistirici-membranlar\/nickelpur-iyon-degisimi\/nickelpur-ion-exchange-system\/\" class=\"wp-image-1217\"\/><figcaption class=\"blocks-gallery-item__caption\"><a href=\"https:\/\/akafor.com\/iyon-degistirici-sistemler\/iyon-degistirici-recineler\/nickelpur-iyon-degisimi\/\">NICKELPUR &#x2122; \u0130YON DE\u011e\u0130\u015e\u0130M\u0130<\/a><\/figcaption><\/figure><\/li><li class=\"blocks-gallery-item\"><figure><img decoding=\"async\" src=\"https:\/\/akafor.com\/wp-content\/uploads\/2021\/05\/ChromaPur&#x2122;-Ion-Exchange-System.png\" alt=\"\" data-id=\"1214\" data-full-url=\"https:\/\/akafor.com\/wp-content\/uploads\/2021\/05\/ChromaPur&#x2122;-Ion-Exchange-System.png\" data-link=\"https:\/\/akafor.com\/filtrasyon\/urunler\/membran-filtreler\/iyon-degistirici-membranlar\/chromapur-iyon-degisimi\/chromapur-ion-exchange-system\/\" class=\"wp-image-1214\"\/><figcaption class=\"blocks-gallery-item__caption\"><a href=\"https:\/\/akafor.com\/iyon-degistirici-sistemler\/iyon-degistirici-recineler\/chromapur-iyon-degisimi\/\">CHROMAPUR &#x2122; \u0130YON DE\u011e\u0130\u015e\u0130M\u0130<\/a><\/figcaption><\/figure><\/li><li class=\"blocks-gallery-item\"><figure><img decoding=\"async\" src=\"https:\/\/akafor.com\/wp-content\/uploads\/2021\/05\/DPU&#x2122;-Recovery-System.png\" alt=\"\" data-id=\"1211\" data-full-url=\"https:\/\/akafor.com\/wp-content\/uploads\/2021\/05\/DPU&#x2122;-Recovery-System.png\" data-link=\"https:\/\/akafor.com\/filtrasyon\/urunler\/membran-filtreler\/iyon-degistirici-membranlar\/dpu-fosforik-asit-geri-kazanim-sistemi\/dpu-recovery-system\/\" class=\"wp-image-1211\"\/><figcaption class=\"blocks-gallery-item__caption\"><a href=\"https:\/\/akafor.com\/iyon-degistirici-sistemler\/iyon-degistirici-recineler\/dpu-fosforik-asit-geri-kazanim-sistemi\/\">DPU &#x2122; FOSFOR\u0130K AS\u0130T GER\u0130 KAZANIM S\u0130STEM\u0130<\/a><\/figcaption><\/figure><\/li><li class=\"blocks-gallery-item\"><figure><img decoding=\"async\" src=\"https:\/\/akafor.com\/wp-content\/uploads\/2021\/05\/CER&#x2122;-Recovery-System.png\" alt=\"\" data-id=\"1208\" data-full-url=\"https:\/\/akafor.com\/wp-content\/uploads\/2021\/05\/CER&#x2122;-Recovery-System.png\" data-link=\"https:\/\/akafor.com\/filtrasyon\/urunler\/membran-filtreler\/iyon-degistirici-membranlar\/cer-kostik-asinma-geri-kazanim-sistemi\/cer-recovery-system\/\" class=\"wp-image-1208\"\/><figcaption class=\"blocks-gallery-item__caption\"><a href=\"https:\/\/akafor.com\/iyon-degistirici-sistemler\/iyon-degistirici-recineler\/cer-kostik-asinma-geri-kazanim-sistemi\/\">CER &#x2122; KOST\u0130K A\u015eINMA GER\u0130 KAZANIM S\u0130STEM\u0130<\/a><\/figcaption><\/figure><\/li><li class=\"blocks-gallery-item\"><figure><img decoding=\"async\" src=\"https:\/\/akafor.com\/wp-content\/uploads\/2021\/05\/AnoPur&#x2122;-System.png\" alt=\"\" data-id=\"1205\" data-full-url=\"https:\/\/akafor.com\/wp-content\/uploads\/2021\/05\/AnoPur&#x2122;-System.png\" data-link=\"https:\/\/akafor.com\/filtrasyon\/urunler\/membran-filtreler\/iyon-degistirici-membranlar\/anopur-asit-geri-kazanimi\/anopur-system\/\" class=\"wp-image-1205\"\/><figcaption class=\"blocks-gallery-item__caption\"><a href=\"https:\/\/akafor.com\/iyon-degistirici-sistemler\/iyon-degistirici-recineler\/anopur-asit-geri-kazanimi\/\">ANOPUR&#x2122; AS\u0130T GER\u0130 KAZANIMI<\/a><\/figcaption><\/figure><\/li><li class=\"blocks-gallery-item\"><figure><img loading=\"lazy\" decoding=\"async\" width=\"435\" height=\"435\" src=\"https:\/\/akafor.com\/wp-content\/uploads\/2021\/05\/APU\u00ae-System.png\" alt=\"\" data-id=\"1200\" data-full-url=\"https:\/\/akafor.com\/wp-content\/uploads\/2021\/05\/APU\u00ae-System.png\" data-link=\"https:\/\/akafor.com\/filtrasyon\/urunler\/membran-filtreler\/iyon-degistirici-membranlar\/apu-asit-aritma-unitesi\/apu-system\/\" class=\"wp-image-1200\" srcset=\"https:\/\/akafor.com\/wp-content\/uploads\/2021\/05\/APU\u00ae-System.png 435w, https:\/\/akafor.com\/wp-content\/uploads\/2021\/05\/APU\u00ae-System-300x300.png 300w, https:\/\/akafor.com\/wp-content\/uploads\/2021\/05\/APU\u00ae-System-150x150.png 150w\" sizes=\"auto, (max-width: 435px) 100vw, 435px\" \/><figcaption class=\"blocks-gallery-item__caption\"><a href=\"https:\/\/akafor.com\/iyon-degistirici-sistemler\/iyon-degistirici-recineler\/apu-asit-aritma-unitesi\/\">APU\u00ae Asit Ar\u0131tma \u00dcnitesi<br><\/a><\/figcaption><\/figure><\/li><li class=\"blocks-gallery-item\"><figure><img loading=\"lazy\" decoding=\"async\" width=\"436\" height=\"436\" src=\"https:\/\/akafor.com\/wp-content\/uploads\/2021\/05\/AmiPur\u00ae-CCS-System.png\" alt=\"\" data-id=\"1197\" data-full-url=\"https:\/\/akafor.com\/wp-content\/uploads\/2021\/05\/AmiPur\u00ae-CCS-System.png\" data-link=\"https:\/\/akafor.com\/filtrasyon\/urunler\/membran-filtreler\/iyon-degistirici-membranlar\/amipur-ccs\/amipur-ccs-system\/\" class=\"wp-image-1197\" srcset=\"https:\/\/akafor.com\/wp-content\/uploads\/2021\/05\/AmiPur\u00ae-CCS-System.png 436w, https:\/\/akafor.com\/wp-content\/uploads\/2021\/05\/AmiPur\u00ae-CCS-System-300x300.png 300w, https:\/\/akafor.com\/wp-content\/uploads\/2021\/05\/AmiPur\u00ae-CCS-System-150x150.png 150w\" sizes=\"auto, (max-width: 436px) 100vw, 436px\" \/><figcaption class=\"blocks-gallery-item__caption\"><a href=\"https:\/\/akafor.com\/iyon-degistirici-sistemler\/iyon-degistirici-recineler\/amipur-ccs\/\">AMIPUR\u00ae CCS<\/a><\/figcaption><\/figure><\/li><li class=\"blocks-gallery-item\"><figure><img loading=\"lazy\" decoding=\"async\" width=\"436\" height=\"435\" src=\"https:\/\/akafor.com\/wp-content\/uploads\/2021\/05\/AmiPur\u00ae-PLUS-System.png\" alt=\"\" data-id=\"1194\" data-full-url=\"https:\/\/akafor.com\/wp-content\/uploads\/2021\/05\/AmiPur\u00ae-PLUS-System.png\" data-link=\"https:\/\/akafor.com\/filtrasyon\/urunler\/membran-filtreler\/iyon-degistirici-membranlar\/amipur-plus\/amipur-plus-system\/\" class=\"wp-image-1194\" srcset=\"https:\/\/akafor.com\/wp-content\/uploads\/2021\/05\/AmiPur\u00ae-PLUS-System.png 436w, https:\/\/akafor.com\/wp-content\/uploads\/2021\/05\/AmiPur\u00ae-PLUS-System-300x300.png 300w, https:\/\/akafor.com\/wp-content\/uploads\/2021\/05\/AmiPur\u00ae-PLUS-System-150x150.png 150w\" sizes=\"auto, (max-width: 436px) 100vw, 436px\" \/><figcaption class=\"blocks-gallery-item__caption\"><a href=\"https:\/\/akafor.com\/iyon-degistirici-sistemler\/iyon-degistirici-recineler\/amipur-plus\/\"><strong>AmiPur\u00ae PLUS<\/strong><\/a><\/figcaption><\/figure><\/li><li class=\"blocks-gallery-item\"><figure><img loading=\"lazy\" decoding=\"async\" width=\"756\" height=\"420\" src=\"https:\/\/akafor.com\/wp-content\/uploads\/2021\/06\/bars-ion-exchange.png\" alt=\"\" data-id=\"1720\" data-full-url=\"https:\/\/akafor.com\/wp-content\/uploads\/2021\/06\/bars-ion-exchange.png\" data-link=\"https:\/\/akafor.com\/filtrasyon\/urunler\/membran-filtreler\/iyon-degistirici-membranlar\/bars-ion-exchange\/\" class=\"wp-image-1720\" srcset=\"https:\/\/akafor.com\/wp-content\/uploads\/2021\/06\/bars-ion-exchange.png 756w, https:\/\/akafor.com\/wp-content\/uploads\/2021\/06\/bars-ion-exchange-300x167.png 300w\" sizes=\"auto, (max-width: 756px) 100vw, 756px\" \/><figcaption class=\"blocks-gallery-item__caption\"><a href=\"https:\/\/akafor.com\/iyon-degistirici-sistemler\/iyon-degistirici-recineler\/pdp-iyon-degisimi\/\">PDP \u0130yon De\u011fi\u015fimi<\/a><\/figcaption><\/figure><\/li><li class=\"blocks-gallery-item\"><figure><img loading=\"lazy\" decoding=\"async\" width=\"302\" height=\"218\" src=\"https:\/\/akafor.com\/wp-content\/uploads\/2021\/06\/arsu-ion-exchange.png\" alt=\"\" data-id=\"1721\" data-full-url=\"https:\/\/akafor.com\/wp-content\/uploads\/2021\/06\/arsu-ion-exchange.png\" data-link=\"https:\/\/akafor.com\/filtrasyon\/urunler\/membran-filtreler\/iyon-degistirici-membranlar\/arsu-ion-exchange\/\" class=\"wp-image-1721\" srcset=\"https:\/\/akafor.com\/wp-content\/uploads\/2021\/06\/arsu-ion-exchange.png 302w, https:\/\/akafor.com\/wp-content\/uploads\/2021\/06\/arsu-ion-exchange-300x217.png 300w\" sizes=\"auto, (max-width: 302px) 100vw, 302px\" \/><figcaption class=\"blocks-gallery-item__caption\"><a href=\"https:\/\/akafor.com\/iyon-degistirici-sistemler\/iyon-degistirici-recineler\/asru-iyon-degisimi\/\">ASRU \u0130yon De\u011fi\u015fimi<\/a><\/figcaption><\/figure><\/li><\/ul><\/figure>\n\n\n\n<figure class=\"wp-block-gallery columns-1 is-cropped wp-block-gallery-2 is-layout-flex wp-block-gallery-is-layout-flex\"><ul class=\"blocks-gallery-grid\"><li class=\"blocks-gallery-item\"><figure><img decoding=\"async\" src=\"https:\/\/akafor.com\/wp-content\/uploads\/2021\/05\/DPU&#x2122;-Recovery-System.png\" alt=\"\" data-id=\"1211\" data-full-url=\"https:\/\/akafor.com\/wp-content\/uploads\/2021\/05\/DPU&#x2122;-Recovery-System.png\" data-link=\"https:\/\/akafor.com\/iyon-degistirici-sistemler\/iyon-degistirici-recineler\/dpu-fosforik-asit-geri-kazanim-sistemi\/dpu-recovery-system\/\" class=\"wp-image-1211\"\/><figcaption class=\"blocks-gallery-item__caption\"><a href=\"https:\/\/akafor.com\/iyon-degistirici-sistemler\/iyon-degistirici-recineler\/bars-iyon-degisimi\/\">BARS \u0130yon De\u011fi\u015fimi<\/a><\/figcaption><\/figure><\/li><\/ul><\/figure>\n","protected":false},"excerpt":{"rendered":"<p>\u00c7\u00f6z\u00fcn\u00fcr y\u00fckl\u00fc bile\u015fenleri uzakla\u015ft\u0131rmak i\u00e7in yenilik\u00e7i \u0130yon de\u011fi\u015fimi. K\u00f6keni 1930&#8217;lar\u0131n ortalar\u0131na kadar uzanan iyon de\u011fi\u015fim teknolojisi, partik\u00fcl y\u00fck\u00fcne dayal\u0131 proses ak\u0131\u015flar\u0131ndaki kirletici maddelerin uzakla\u015ft\u0131r\u0131lmas\u0131 i\u00e7in kan\u0131tlanm\u0131\u015f bir y\u00f6ntemdir. Bir proses s\u0131v\u0131s\u0131, s\u0131v\u0131n\u0131n iyonik y\u00fckleriyle reaksiyona giren ve nihayetinde istenmeyen bile\u015fenleri ortadan kald\u0131ran paketlenmi\u015f y\u00fckl\u00fc polimerik boncuklar yata\u011f\u0131ndan pompalan\u0131r. Ba\u015flang\u0131\u00e7ta demineralizasyon i\u00e7in fenolik bazl\u0131 bir re\u00e7ine [&hellip;]<\/p>\n","protected":false},"author":1,"featured_media":0,"parent":2642,"menu_order":0,"comment_status":"closed","ping_status":"closed","template":"pages\/page-full.php","meta":{"footnotes":""},"class_list":["post-1190","page","type-page","status-publish","hentry"],"_links":{"self":[{"href":"https:\/\/akafor.com\/en\/wp-json\/wp\/v2\/pages\/1190","targetHints":{"allow":["GET"]}}],"collection":[{"href":"https:\/\/akafor.com\/en\/wp-json\/wp\/v2\/pages"}],"about":[{"href":"https:\/\/akafor.com\/en\/wp-json\/wp\/v2\/types\/page"}],"author":[{"embeddable":true,"href":"https:\/\/akafor.com\/en\/wp-json\/wp\/v2\/users\/1"}],"replies":[{"embeddable":true,"href":"https:\/\/akafor.com\/en\/wp-json\/wp\/v2\/comments?post=1190"}],"version-history":[{"count":6,"href":"https:\/\/akafor.com\/en\/wp-json\/wp\/v2\/pages\/1190\/revisions"}],"predecessor-version":[{"id":2742,"href":"https:\/\/akafor.com\/en\/wp-json\/wp\/v2\/pages\/1190\/revisions\/2742"}],"up":[{"embeddable":true,"href":"https:\/\/akafor.com\/en\/wp-json\/wp\/v2\/pages\/2642"}],"wp:attachment":[{"href":"https:\/\/akafor.com\/en\/wp-json\/wp\/v2\/media?parent=1190"}],"curies":[{"name":"wp","href":"https:\/\/api.w.org\/{rel}","templated":true}]}}