{"id":1193,"date":"2021-05-26T09:51:04","date_gmt":"2021-05-26T06:51:04","guid":{"rendered":"https:\/\/neyesek.co\/?page_id=1193"},"modified":"2021-06-24T15:24:55","modified_gmt":"2021-06-24T12:24:55","slug":"amipur-plus","status":"publish","type":"page","link":"https:\/\/akafor.com\/en\/iyon-degistirici-sistemler\/iyon-degistirici-recineler\/amipur-plus\/","title":{"rendered":"AmiPur\u00ae PLUS"},"content":{"rendered":"\n<div class=\"wp-block-media-text alignwide has-media-on-the-right is-stacked-on-mobile\"><figure class=\"wp-block-media-text__media\"><img loading=\"lazy\" decoding=\"async\" width=\"436\" height=\"435\" src=\"https:\/\/akafor.com\/wp-content\/uploads\/2021\/05\/AmiPur\u00ae-PLUS-System.png\" alt=\"\" class=\"wp-image-1194 size-full\" srcset=\"https:\/\/akafor.com\/wp-content\/uploads\/2021\/05\/AmiPur\u00ae-PLUS-System.png 436w, https:\/\/akafor.com\/wp-content\/uploads\/2021\/05\/AmiPur\u00ae-PLUS-System-300x300.png 300w, https:\/\/akafor.com\/wp-content\/uploads\/2021\/05\/AmiPur\u00ae-PLUS-System-150x150.png 150w\" sizes=\"auto, (max-width: 436px) 100vw, 436px\" \/><\/figure><div class=\"wp-block-media-text__content\">\n<p>AmiPur PLUS amin safla\u015ft\u0131rma sistemi, amin devresinden \u0131s\u0131ya dayan\u0131kl\u0131 tuzlar\u0131 (HSS) s\u00fcrekli olarak uzakla\u015ft\u0131rmak i\u00e7in Recoflo\u00ae iyon de\u011fi\u015fimine sahiptir. Bir fakir amin \u00e7\u00f6zeltisi, HSS&#8217;nin se\u00e7ici olarak \u00e7\u0131kar\u0131ld\u0131\u011f\u0131 ve safla\u015ft\u0131r\u0131lm\u0131\u015f aminin devreye geri d\u00f6nd\u00fcr\u00fcld\u00fc\u011f\u00fc iyon de\u011fi\u015fim re\u00e7inesi yata\u011f\u0131ndan ge\u00e7erek tutarl\u0131 performans ve azalt\u0131lm\u0131\u015f amin sat\u0131n alma maliyetleri sa\u011flar.<\/p>\n<\/div><\/div>\n\n\n\n<h5 class=\"wp-block-heading\"><strong>Faydalar\u0131<\/strong><\/h5>\n\n\n\n<ul class=\"wp-block-list\"><li>Azalt\u0131lm\u0131\u015f amin maliyetleri<\/li><li>Geli\u015ftirilmi\u015f emici ekonomisi ve performans\u0131<\/li><li>K\u00fc\u00e7\u00fck ayak izi<\/li><li>S\u00fcrekli olarak d\u00fc\u015f\u00fck HSS seviyeleri<\/li><li>Azalt\u0131lm\u0131\u015f ekipman korozyonu<\/li><\/ul>\n\n\n\n<h5 class=\"wp-block-heading\"><strong>Uygulamalar<\/strong><\/h5>\n\n\n\n<ul class=\"wp-block-list\"><li>Amin safla\u015ft\u0131rma<\/li><li>Petrol ve gaz rafinerilerinde amin ar\u0131tma<\/li><\/ul>\n","protected":false},"excerpt":{"rendered":"<p>AmiPur PLUS amin safla\u015ft\u0131rma sistemi, amin devresinden \u0131s\u0131ya dayan\u0131kl\u0131 tuzlar\u0131 (HSS) s\u00fcrekli olarak uzakla\u015ft\u0131rmak i\u00e7in Recoflo\u00ae iyon de\u011fi\u015fimine sahiptir. Bir fakir amin \u00e7\u00f6zeltisi, HSS&#8217;nin se\u00e7ici olarak \u00e7\u0131kar\u0131ld\u0131\u011f\u0131 ve safla\u015ft\u0131r\u0131lm\u0131\u015f aminin devreye geri d\u00f6nd\u00fcr\u00fcld\u00fc\u011f\u00fc iyon de\u011fi\u015fim re\u00e7inesi yata\u011f\u0131ndan ge\u00e7erek tutarl\u0131 performans ve azalt\u0131lm\u0131\u015f amin sat\u0131n alma maliyetleri sa\u011flar. Faydalar\u0131 Azalt\u0131lm\u0131\u015f amin maliyetleri Geli\u015ftirilmi\u015f emici ekonomisi ve [&hellip;]<\/p>\n","protected":false},"author":1,"featured_media":0,"parent":1190,"menu_order":0,"comment_status":"closed","ping_status":"closed","template":"pages\/page-full.php","meta":{"footnotes":""},"class_list":["post-1193","page","type-page","status-publish","hentry"],"_links":{"self":[{"href":"https:\/\/akafor.com\/en\/wp-json\/wp\/v2\/pages\/1193","targetHints":{"allow":["GET"]}}],"collection":[{"href":"https:\/\/akafor.com\/en\/wp-json\/wp\/v2\/pages"}],"about":[{"href":"https:\/\/akafor.com\/en\/wp-json\/wp\/v2\/types\/page"}],"author":[{"embeddable":true,"href":"https:\/\/akafor.com\/en\/wp-json\/wp\/v2\/users\/1"}],"replies":[{"embeddable":true,"href":"https:\/\/akafor.com\/en\/wp-json\/wp\/v2\/comments?post=1193"}],"version-history":[{"count":1,"href":"https:\/\/akafor.com\/en\/wp-json\/wp\/v2\/pages\/1193\/revisions"}],"predecessor-version":[{"id":1195,"href":"https:\/\/akafor.com\/en\/wp-json\/wp\/v2\/pages\/1193\/revisions\/1195"}],"up":[{"embeddable":true,"href":"https:\/\/akafor.com\/en\/wp-json\/wp\/v2\/pages\/1190"}],"wp:attachment":[{"href":"https:\/\/akafor.com\/en\/wp-json\/wp\/v2\/media?parent=1193"}],"curies":[{"name":"wp","href":"https:\/\/api.w.org\/{rel}","templated":true}]}}