{"id":1196,"date":"2021-05-26T09:55:53","date_gmt":"2021-05-26T06:55:53","guid":{"rendered":"https:\/\/neyesek.co\/?page_id=1196"},"modified":"2021-06-24T15:25:20","modified_gmt":"2021-06-24T12:25:20","slug":"amipur-ccs","status":"publish","type":"page","link":"https:\/\/akafor.com\/en\/iyon-degistirici-sistemler\/iyon-degistirici-recineler\/amipur-ccs\/","title":{"rendered":"AMIPUR\u00ae CCS"},"content":{"rendered":"\n<div class=\"wp-block-media-text alignwide has-media-on-the-right is-stacked-on-mobile\"><figure class=\"wp-block-media-text__media\"><img loading=\"lazy\" decoding=\"async\" width=\"436\" height=\"436\" src=\"https:\/\/akafor.com\/wp-content\/uploads\/2021\/05\/AmiPur\u00ae-CCS-System.png\" alt=\"\" class=\"wp-image-1197 size-full\" srcset=\"https:\/\/akafor.com\/wp-content\/uploads\/2021\/05\/AmiPur\u00ae-CCS-System.png 436w, https:\/\/akafor.com\/wp-content\/uploads\/2021\/05\/AmiPur\u00ae-CCS-System-300x300.png 300w, https:\/\/akafor.com\/wp-content\/uploads\/2021\/05\/AmiPur\u00ae-CCS-System-150x150.png 150w\" sizes=\"auto, (max-width: 436px) 100vw, 436px\" \/><\/figure><div class=\"wp-block-media-text__content\">\n<p>AmiPur CCS, karbondioksiti yakalamak ve depolamak i\u00e7in kullan\u0131lan amin devrelerinden HSS&#8217;yi \u00e7\u0131karmak i\u00e7in \u00f6zel olarak tasarlanm\u0131\u015ft\u0131r. Petrokimya tesisleri, g\u00fcbre fabrikalar\u0131 ve k\u00f6m\u00fcr santralleri, atmosfere emisyonlar\u0131 azaltmak i\u00e7in karbondioksiti yakalamak i\u00e7in amin kullan\u0131r. Amin devresindeki HSS birikip a\u015f\u0131nd\u0131r\u0131c\u0131 hale gelebilir ve amin emici performans\u0131n\u0131 ve verimlili\u011fini d\u00fc\u015f\u00fcrebilir, ancak AmiPur CCS, HSS kirleticilerinin s\u00fcrekli olarak uzakla\u015ft\u0131r\u0131lmas\u0131yla bu endi\u015feleri azalt\u0131r.<\/p>\n<\/div><\/div>\n\n\n\n<h5 class=\"wp-block-heading\"><strong>Faydalar<\/strong><\/h5>\n\n\n\n<ul class=\"wp-block-list\"><li>Azalt\u0131lm\u0131\u015f amin maliyetleri<\/li><li>Geli\u015ftirilmi\u015f emici ekonomisi ve performans\u0131<\/li><li>K\u00fc\u00e7\u00fck ayak izi<\/li><li>S\u00fcrekli olarak d\u00fc\u015f\u00fck HSS seviyeleri<\/li><li>Azalt\u0131lm\u0131\u015f ekipman korozyonu<\/li><\/ul>\n\n\n\n<h5 class=\"wp-block-heading\"><strong>Uygulamalar<\/strong><\/h5>\n\n\n\n<ul class=\"wp-block-list\"><li>Amin safla\u015ft\u0131rma<\/li><li>Petrol ve gaz rafinerilerinde amin ar\u0131tma<\/li><\/ul>\n","protected":false},"excerpt":{"rendered":"<p>AmiPur CCS, karbondioksiti yakalamak ve depolamak i\u00e7in kullan\u0131lan amin devrelerinden HSS&#8217;yi \u00e7\u0131karmak i\u00e7in \u00f6zel olarak tasarlanm\u0131\u015ft\u0131r. Petrokimya tesisleri, g\u00fcbre fabrikalar\u0131 ve k\u00f6m\u00fcr santralleri, atmosfere emisyonlar\u0131 azaltmak i\u00e7in karbondioksiti yakalamak i\u00e7in amin kullan\u0131r. Amin devresindeki HSS birikip a\u015f\u0131nd\u0131r\u0131c\u0131 hale gelebilir ve amin emici performans\u0131n\u0131 ve verimlili\u011fini d\u00fc\u015f\u00fcrebilir, ancak AmiPur CCS, HSS kirleticilerinin s\u00fcrekli olarak uzakla\u015ft\u0131r\u0131lmas\u0131yla bu [&hellip;]<\/p>\n","protected":false},"author":1,"featured_media":0,"parent":1190,"menu_order":0,"comment_status":"closed","ping_status":"closed","template":"pages\/page-full.php","meta":{"footnotes":""},"class_list":["post-1196","page","type-page","status-publish","hentry"],"_links":{"self":[{"href":"https:\/\/akafor.com\/en\/wp-json\/wp\/v2\/pages\/1196","targetHints":{"allow":["GET"]}}],"collection":[{"href":"https:\/\/akafor.com\/en\/wp-json\/wp\/v2\/pages"}],"about":[{"href":"https:\/\/akafor.com\/en\/wp-json\/wp\/v2\/types\/page"}],"author":[{"embeddable":true,"href":"https:\/\/akafor.com\/en\/wp-json\/wp\/v2\/users\/1"}],"replies":[{"embeddable":true,"href":"https:\/\/akafor.com\/en\/wp-json\/wp\/v2\/comments?post=1196"}],"version-history":[{"count":1,"href":"https:\/\/akafor.com\/en\/wp-json\/wp\/v2\/pages\/1196\/revisions"}],"predecessor-version":[{"id":1198,"href":"https:\/\/akafor.com\/en\/wp-json\/wp\/v2\/pages\/1196\/revisions\/1198"}],"up":[{"embeddable":true,"href":"https:\/\/akafor.com\/en\/wp-json\/wp\/v2\/pages\/1190"}],"wp:attachment":[{"href":"https:\/\/akafor.com\/en\/wp-json\/wp\/v2\/media?parent=1196"}],"curies":[{"name":"wp","href":"https:\/\/api.w.org\/{rel}","templated":true}]}}