{"id":1199,"date":"2021-05-26T10:00:29","date_gmt":"2021-05-26T07:00:29","guid":{"rendered":"https:\/\/neyesek.co\/?page_id=1199"},"modified":"2021-12-07T11:05:46","modified_gmt":"2021-12-07T08:05:46","slug":"apu-asit-aritma-unitesi","status":"publish","type":"page","link":"https:\/\/akafor.com\/en\/iyon-degistirici-sistemler\/iyon-degistirici-recineler\/apu-asit-aritma-unitesi\/","title":{"rendered":"APU\u00ae Asit Ar\u0131tma \u00dcnitesi"},"content":{"rendered":"\n<div class=\"wp-block-media-text alignwide has-media-on-the-right is-stacked-on-mobile\"><figure class=\"wp-block-media-text__media\"><img loading=\"lazy\" decoding=\"async\" width=\"435\" height=\"435\" src=\"https:\/\/akafor.com\/wp-content\/uploads\/2021\/05\/APU\u00ae-System.png\" alt=\"\" class=\"wp-image-1200 size-full\" srcset=\"https:\/\/akafor.com\/wp-content\/uploads\/2021\/05\/APU\u00ae-System.png 435w, https:\/\/akafor.com\/wp-content\/uploads\/2021\/05\/APU\u00ae-System-300x300.png 300w, https:\/\/akafor.com\/wp-content\/uploads\/2021\/05\/APU\u00ae-System-150x150.png 150w\" sizes=\"auto, (max-width: 435px) 100vw, 435px\" \/><\/figure><div class=\"wp-block-media-text__content\">\n<p>APU Asit Ar\u0131tma \u00dcnitesi, s\u00fcrekli olarak d\u00fc\u015f\u00fck bir kirletici madde seviyesini korumak i\u00e7in proses asitlerinden \u00e7\u00f6z\u00fcnm\u00fc\u015f metalleri s\u00fcrekli olarak uzakla\u015ft\u0131rmak i\u00e7in kullan\u0131l\u0131r. APU, hidroklorik, asetik, nitrik, fosforik ve s\u00fclf\u00fcrik asitleri safla\u015ft\u0131rmak, asit sat\u0131n alma s\u0131kl\u0131\u011f\u0131n\u0131 ve maliyetlerini d\u00fc\u015f\u00fcrmek ve genel i\u015flem verimlili\u011fini art\u0131rmak i\u00e7in al\u00fcminyum anotlama ve bak\u0131r ar\u0131tma i\u015flemlerinde kullan\u0131l\u0131r.<\/p>\n<\/div><\/div>\n\n\n\n<h5 class=\"wp-block-heading\"><strong>Faydalar\u0131<\/strong><\/h5>\n\n\n\n<ul class=\"wp-block-list\"><li>Azalt\u0131lm\u0131\u015f asit al\u0131mlar\u0131<\/li><li>Tutarl\u0131 asit kalitesi<\/li><li>Potansiyel pazarlanabilir yan \u00fcr\u00fcn i\u00e7in at\u0131k al\u00fcminyumun geri kazan\u0131m\u0131<\/li><li>At\u0131k \u00e7amurlarda ve at\u0131k tuz konsantrasyonunda azalma<\/li><li>Daha d\u00fc\u015f\u00fck at\u0131k n\u00f6trle\u015ftirme maliyetleri<\/li><\/ul>\n\n\n\n<h5 class=\"wp-block-heading\"><strong>Uygulamalar<\/strong><\/h5>\n\n\n\n<ul class=\"wp-block-list\"><li>Al\u00fcminyum anodlama<\/li><li>Bak\u0131r ar\u0131tma<\/li><\/ul>\n","protected":false},"excerpt":{"rendered":"<p>APU Asit Ar\u0131tma \u00dcnitesi, s\u00fcrekli olarak d\u00fc\u015f\u00fck bir kirletici madde seviyesini korumak i\u00e7in proses asitlerinden \u00e7\u00f6z\u00fcnm\u00fc\u015f metalleri s\u00fcrekli olarak uzakla\u015ft\u0131rmak i\u00e7in kullan\u0131l\u0131r. APU, hidroklorik, asetik, nitrik, fosforik ve s\u00fclf\u00fcrik asitleri safla\u015ft\u0131rmak, asit sat\u0131n alma s\u0131kl\u0131\u011f\u0131n\u0131 ve maliyetlerini d\u00fc\u015f\u00fcrmek ve genel i\u015flem verimlili\u011fini art\u0131rmak i\u00e7in al\u00fcminyum anotlama ve bak\u0131r ar\u0131tma i\u015flemlerinde kullan\u0131l\u0131r. Faydalar\u0131 Azalt\u0131lm\u0131\u015f asit al\u0131mlar\u0131 [&hellip;]<\/p>\n","protected":false},"author":1,"featured_media":1200,"parent":1190,"menu_order":0,"comment_status":"closed","ping_status":"closed","template":"pages\/page-full.php","meta":{"footnotes":""},"class_list":["post-1199","page","type-page","status-publish","has-post-thumbnail","hentry"],"_links":{"self":[{"href":"https:\/\/akafor.com\/en\/wp-json\/wp\/v2\/pages\/1199","targetHints":{"allow":["GET"]}}],"collection":[{"href":"https:\/\/akafor.com\/en\/wp-json\/wp\/v2\/pages"}],"about":[{"href":"https:\/\/akafor.com\/en\/wp-json\/wp\/v2\/types\/page"}],"author":[{"embeddable":true,"href":"https:\/\/akafor.com\/en\/wp-json\/wp\/v2\/users\/1"}],"replies":[{"embeddable":true,"href":"https:\/\/akafor.com\/en\/wp-json\/wp\/v2\/comments?post=1199"}],"version-history":[{"count":2,"href":"https:\/\/akafor.com\/en\/wp-json\/wp\/v2\/pages\/1199\/revisions"}],"predecessor-version":[{"id":1203,"href":"https:\/\/akafor.com\/en\/wp-json\/wp\/v2\/pages\/1199\/revisions\/1203"}],"up":[{"embeddable":true,"href":"https:\/\/akafor.com\/en\/wp-json\/wp\/v2\/pages\/1190"}],"wp:featuredmedia":[{"embeddable":true,"href":"https:\/\/akafor.com\/en\/wp-json\/wp\/v2\/media\/1200"}],"wp:attachment":[{"href":"https:\/\/akafor.com\/en\/wp-json\/wp\/v2\/media?parent=1199"}],"curies":[{"name":"wp","href":"https:\/\/api.w.org\/{rel}","templated":true}]}}