{"id":1204,"date":"2021-05-26T10:21:10","date_gmt":"2021-05-26T07:21:10","guid":{"rendered":"https:\/\/neyesek.co\/?page_id=1204"},"modified":"2021-12-07T11:04:51","modified_gmt":"2021-12-07T08:04:51","slug":"anopur-asit-geri-kazanimi","status":"publish","type":"page","link":"https:\/\/akafor.com\/en\/iyon-degistirici-sistemler\/iyon-degistirici-recineler\/anopur-asit-geri-kazanimi\/","title":{"rendered":"ANOPUR&#x2122; AS\u0130T GER\u0130 KAZANIMI"},"content":{"rendered":"\n<div class=\"wp-block-media-text alignwide has-media-on-the-right is-stacked-on-mobile\"><figure class=\"wp-block-media-text__media\"><img decoding=\"async\" src=\"https:\/\/akafor.com\/wp-content\/uploads\/2021\/05\/AnoPur&#x2122;-System.png\" alt=\"\" class=\"wp-image-1205 size-full\"\/><\/figure><div class=\"wp-block-media-text__content\">\n<p>APU\u00ae sistemine dayanan AnoPur sistemi, al\u00fcminyum anotlamada s\u00fclf\u00fcrik asit safla\u015ft\u0131rma i\u00e7in \u00f6zel olarak uyarlanm\u0131\u015ft\u0131r. Kirleticileri s\u00fcrekli olarak d\u00fc\u015f\u00fck bir seviyeye indirmek i\u00e7in anotlama banyolar\u0131nda kullan\u0131lan s\u00fclf\u00fcrik asitten \u00e7\u00f6z\u00fcnm\u00fc\u015f al\u00fcminyum s\u00fcrekli olarak \u00e7\u0131kar\u0131l\u0131r. Bu, banyo bo\u015faltma ihtiyac\u0131n\u0131 ortadan kald\u0131r\u0131r, asit sat\u0131n alma maliyetlerini azalt\u0131r ve tutarl\u0131 ve \u00f6ng\u00f6r\u00fclebilir bir anotlama s\u00fcreci sa\u011flar.<\/p>\n<\/div><\/div>\n\n\n\n<h5 class=\"wp-block-heading\"><strong>Faydalar\u0131<\/strong><\/h5>\n\n\n\n<ul class=\"wp-block-list\"><li>Azalt\u0131lm\u0131\u015f asit al\u0131mlar\u0131<\/li><li>Tutarl\u0131 ve \u00f6ng\u00f6r\u00fclebilir performans ve \u00fcr\u00fcn kalitesi<\/li><li>At\u0131k \u00e7amurda azalma<\/li><li>Daha d\u00fc\u015f\u00fck enerji gereksinimleri<\/li><\/ul>\n\n\n\n<h5 class=\"wp-block-heading\"><strong>Uygulamalar<\/strong><\/h5>\n\n\n\n<ul class=\"wp-block-list\"><li>Al\u00fcminyum anodlama<\/li><\/ul>\n","protected":false},"excerpt":{"rendered":"<p>APU\u00ae sistemine dayanan AnoPur sistemi, al\u00fcminyum anotlamada s\u00fclf\u00fcrik asit safla\u015ft\u0131rma i\u00e7in \u00f6zel olarak uyarlanm\u0131\u015ft\u0131r. Kirleticileri s\u00fcrekli olarak d\u00fc\u015f\u00fck bir seviyeye indirmek i\u00e7in anotlama banyolar\u0131nda kullan\u0131lan s\u00fclf\u00fcrik asitten \u00e7\u00f6z\u00fcnm\u00fc\u015f al\u00fcminyum s\u00fcrekli olarak \u00e7\u0131kar\u0131l\u0131r. Bu, banyo bo\u015faltma ihtiyac\u0131n\u0131 ortadan kald\u0131r\u0131r, asit sat\u0131n alma maliyetlerini azalt\u0131r ve tutarl\u0131 ve \u00f6ng\u00f6r\u00fclebilir bir anotlama s\u00fcreci sa\u011flar. Faydalar\u0131 Azalt\u0131lm\u0131\u015f asit al\u0131mlar\u0131 [&hellip;]<\/p>\n","protected":false},"author":1,"featured_media":1205,"parent":1190,"menu_order":0,"comment_status":"closed","ping_status":"closed","template":"pages\/page-full.php","meta":{"footnotes":""},"class_list":["post-1204","page","type-page","status-publish","has-post-thumbnail","hentry"],"_links":{"self":[{"href":"https:\/\/akafor.com\/en\/wp-json\/wp\/v2\/pages\/1204","targetHints":{"allow":["GET"]}}],"collection":[{"href":"https:\/\/akafor.com\/en\/wp-json\/wp\/v2\/pages"}],"about":[{"href":"https:\/\/akafor.com\/en\/wp-json\/wp\/v2\/types\/page"}],"author":[{"embeddable":true,"href":"https:\/\/akafor.com\/en\/wp-json\/wp\/v2\/users\/1"}],"replies":[{"embeddable":true,"href":"https:\/\/akafor.com\/en\/wp-json\/wp\/v2\/comments?post=1204"}],"version-history":[{"count":1,"href":"https:\/\/akafor.com\/en\/wp-json\/wp\/v2\/pages\/1204\/revisions"}],"predecessor-version":[{"id":1206,"href":"https:\/\/akafor.com\/en\/wp-json\/wp\/v2\/pages\/1204\/revisions\/1206"}],"up":[{"embeddable":true,"href":"https:\/\/akafor.com\/en\/wp-json\/wp\/v2\/pages\/1190"}],"wp:featuredmedia":[{"embeddable":true,"href":"https:\/\/akafor.com\/en\/wp-json\/wp\/v2\/media\/1205"}],"wp:attachment":[{"href":"https:\/\/akafor.com\/en\/wp-json\/wp\/v2\/media?parent=1204"}],"curies":[{"name":"wp","href":"https:\/\/api.w.org\/{rel}","templated":true}]}}