{"id":1207,"date":"2021-05-26T10:25:51","date_gmt":"2021-05-26T07:25:51","guid":{"rendered":"https:\/\/neyesek.co\/?page_id=1207"},"modified":"2021-12-07T11:03:48","modified_gmt":"2021-12-07T08:03:48","slug":"cer-kostik-asit-geri-kazanim-sistemi","status":"publish","type":"page","link":"https:\/\/akafor.com\/en\/iyon-degistirici-sistemler\/iyon-degistirici-recineler\/cer-kostik-asit-geri-kazanim-sistemi\/","title":{"rendered":"CER &#x2122; KOST\u0130K AS\u0130T GER\u0130 KAZANIM S\u0130STEM\u0130"},"content":{"rendered":"\n<div class=\"wp-block-media-text alignwide has-media-on-the-right is-stacked-on-mobile\"><figure class=\"wp-block-media-text__media\"><img decoding=\"async\" src=\"https:\/\/akafor.com\/wp-content\/uploads\/2021\/05\/CER&#x2122;-Recovery-System.png\" alt=\"\" class=\"wp-image-1208 size-full\"\/><\/figure><div class=\"wp-block-media-text__content\">\n<p>Kostik soda ile da\u011flama veya kimyasal \u00f6\u011f\u00fctme, al\u00fcminyum anodlamada genellikle en b\u00fcy\u00fck i\u015fletme gideri olabilir. CER Kostik a\u015f\u0131nma Geri kazan\u0131m sistemimiz, s\u00fcrekli olarak kristalize olur ve \u00e7\u00f6z\u00fcnm\u00fc\u015f al\u00fcminyumu kostik soda a\u015f\u0131nd\u0131r\u0131c\u0131lardan uzakla\u015ft\u0131r\u0131r ve kosti\u011fi yeniden kullan\u0131m i\u00e7in a\u015f\u0131nd\u0131rma \/ \u00f6\u011f\u00fctme tanklar\u0131na geri d\u00f6nd\u00fcrerek kimyasal maliyetlerin, at\u0131k i\u015fleme maliyetlerinin ve i\u015f\u00e7ilik gereksinimlerinin azalmas\u0131na neden olur. Ayr\u0131lan al\u00fcminyum trihidrat kristali, pazarlanabilir ve sat\u0131labilir bir de\u011fer i\u00e7erir.<\/p>\n<\/div><\/div>\n\n\n\n<h5 class=\"wp-block-heading\"><strong>Faydalar\u0131<\/strong><\/h5>\n\n\n\n<ul class=\"wp-block-list\"><li>Azalt\u0131lm\u0131\u015f asit al\u0131mlar\u0131<\/li><li>Tutarl\u0131 ve \u00f6ng\u00f6r\u00fclebilir performans ve \u00fcr\u00fcn kalitesi<\/li><li>At\u0131k \u00e7amurda azalma<\/li><li>Daha d\u00fc\u015f\u00fck enerji gereksinimleri<\/li><\/ul>\n\n\n\n<h5 class=\"wp-block-heading\"><strong>Uygulamalar<\/strong><\/h5>\n\n\n\n<ul class=\"wp-block-list\"><li>Al\u00fcminyum anodlama<\/li><\/ul>\n","protected":false},"excerpt":{"rendered":"<p>Kostik soda ile da\u011flama veya kimyasal \u00f6\u011f\u00fctme, al\u00fcminyum anodlamada genellikle en b\u00fcy\u00fck i\u015fletme gideri olabilir. CER Kostik a\u015f\u0131nma Geri kazan\u0131m sistemimiz, s\u00fcrekli olarak kristalize olur ve \u00e7\u00f6z\u00fcnm\u00fc\u015f al\u00fcminyumu kostik soda a\u015f\u0131nd\u0131r\u0131c\u0131lardan uzakla\u015ft\u0131r\u0131r ve kosti\u011fi yeniden kullan\u0131m i\u00e7in a\u015f\u0131nd\u0131rma \/ \u00f6\u011f\u00fctme tanklar\u0131na geri d\u00f6nd\u00fcrerek kimyasal maliyetlerin, at\u0131k i\u015fleme maliyetlerinin ve i\u015f\u00e7ilik gereksinimlerinin azalmas\u0131na neden olur. Ayr\u0131lan [&hellip;]<\/p>\n","protected":false},"author":1,"featured_media":1208,"parent":1190,"menu_order":0,"comment_status":"closed","ping_status":"closed","template":"pages\/page-full.php","meta":{"footnotes":""},"class_list":["post-1207","page","type-page","status-publish","has-post-thumbnail","hentry"],"_links":{"self":[{"href":"https:\/\/akafor.com\/en\/wp-json\/wp\/v2\/pages\/1207","targetHints":{"allow":["GET"]}}],"collection":[{"href":"https:\/\/akafor.com\/en\/wp-json\/wp\/v2\/pages"}],"about":[{"href":"https:\/\/akafor.com\/en\/wp-json\/wp\/v2\/types\/page"}],"author":[{"embeddable":true,"href":"https:\/\/akafor.com\/en\/wp-json\/wp\/v2\/users\/1"}],"replies":[{"embeddable":true,"href":"https:\/\/akafor.com\/en\/wp-json\/wp\/v2\/comments?post=1207"}],"version-history":[{"count":2,"href":"https:\/\/akafor.com\/en\/wp-json\/wp\/v2\/pages\/1207\/revisions"}],"predecessor-version":[{"id":2745,"href":"https:\/\/akafor.com\/en\/wp-json\/wp\/v2\/pages\/1207\/revisions\/2745"}],"up":[{"embeddable":true,"href":"https:\/\/akafor.com\/en\/wp-json\/wp\/v2\/pages\/1190"}],"wp:featuredmedia":[{"embeddable":true,"href":"https:\/\/akafor.com\/en\/wp-json\/wp\/v2\/media\/1208"}],"wp:attachment":[{"href":"https:\/\/akafor.com\/en\/wp-json\/wp\/v2\/media?parent=1207"}],"curies":[{"name":"wp","href":"https:\/\/api.w.org\/{rel}","templated":true}]}}