{"id":1210,"date":"2021-05-26T10:35:20","date_gmt":"2021-05-26T07:35:20","guid":{"rendered":"https:\/\/neyesek.co\/?page_id=1210"},"modified":"2021-06-24T15:29:23","modified_gmt":"2021-06-24T12:29:23","slug":"dpu-fosforik-asit-geri-kazanim-sistemi","status":"publish","type":"page","link":"https:\/\/akafor.com\/en\/iyon-degistirici-sistemler\/iyon-degistirici-recineler\/dpu-fosforik-asit-geri-kazanim-sistemi\/","title":{"rendered":"DPU &#x2122; FOSFOR\u0130K AS\u0130T GER\u0130 KAZANIM S\u0130STEM\u0130"},"content":{"rendered":"\n<div class=\"wp-block-media-text alignwide has-media-on-the-right is-stacked-on-mobile\"><figure class=\"wp-block-media-text__media\"><img decoding=\"async\" src=\"https:\/\/akafor.com\/wp-content\/uploads\/2021\/05\/DPU&#x2122;-Recovery-System.png\" alt=\"\" class=\"wp-image-1211 size-full\"\/><\/figure><div class=\"wp-block-media-text__content\">\n<p>DPU Sistemi, al\u00fcminyum bitirme i\u015flemlerinde fosforik asit ve kar\u0131\u015f\u0131k asitleri geri kazan\u0131r. Sistem, fosforik asit durulama suyundan \u00e7\u00f6z\u00fcnm\u00fc\u015f al\u00fcminyumu ekonomik olarak \u00e7\u0131karmak i\u00e7in katyon re\u00e7ine yata\u011f\u0131n\u0131 suyla seyreltilebilir re\u00e7ine yata\u011f\u0131yla birle\u015ftirir ve daha sonra fosforik asidi yeniden kullan\u0131lmak \u00fczere% 85&#8217;e kadar konsantre eder.<\/p>\n<\/div><\/div>\n\n\n\n<h5 class=\"wp-block-heading\"><strong>Faydalar\u0131<\/strong><\/h5>\n\n\n\n<ul class=\"wp-block-list\"><li>Azalt\u0131lm\u0131\u015f asit al\u0131mlar\u0131<\/li><li>Tutarl\u0131 ve \u00f6ng\u00f6r\u00fclebilir performans ve \u00fcr\u00fcn kalitesi<\/li><li>At\u0131k \u00e7amurda azalma<\/li><li>Daha d\u00fc\u015f\u00fck enerji gereksinimleri<\/li><\/ul>\n\n\n\n<h5 class=\"wp-block-heading\"><strong>Uygulamalar<\/strong><\/h5>\n\n\n\n<ul class=\"wp-block-list\"><li>Al\u00fcminyum anodlama<\/li><\/ul>\n","protected":false},"excerpt":{"rendered":"<p>DPU Sistemi, al\u00fcminyum bitirme i\u015flemlerinde fosforik asit ve kar\u0131\u015f\u0131k asitleri geri kazan\u0131r. Sistem, fosforik asit durulama suyundan \u00e7\u00f6z\u00fcnm\u00fc\u015f al\u00fcminyumu ekonomik olarak \u00e7\u0131karmak i\u00e7in katyon re\u00e7ine yata\u011f\u0131n\u0131 suyla seyreltilebilir re\u00e7ine yata\u011f\u0131yla birle\u015ftirir ve daha sonra fosforik asidi yeniden kullan\u0131lmak \u00fczere% 85&#8217;e kadar konsantre eder. Faydalar\u0131 Azalt\u0131lm\u0131\u015f asit al\u0131mlar\u0131 Tutarl\u0131 ve \u00f6ng\u00f6r\u00fclebilir performans ve \u00fcr\u00fcn kalitesi At\u0131k [&hellip;]<\/p>\n","protected":false},"author":1,"featured_media":0,"parent":1190,"menu_order":0,"comment_status":"closed","ping_status":"closed","template":"pages\/page-full.php","meta":{"footnotes":""},"class_list":["post-1210","page","type-page","status-publish","hentry"],"_links":{"self":[{"href":"https:\/\/akafor.com\/en\/wp-json\/wp\/v2\/pages\/1210","targetHints":{"allow":["GET"]}}],"collection":[{"href":"https:\/\/akafor.com\/en\/wp-json\/wp\/v2\/pages"}],"about":[{"href":"https:\/\/akafor.com\/en\/wp-json\/wp\/v2\/types\/page"}],"author":[{"embeddable":true,"href":"https:\/\/akafor.com\/en\/wp-json\/wp\/v2\/users\/1"}],"replies":[{"embeddable":true,"href":"https:\/\/akafor.com\/en\/wp-json\/wp\/v2\/comments?post=1210"}],"version-history":[{"count":1,"href":"https:\/\/akafor.com\/en\/wp-json\/wp\/v2\/pages\/1210\/revisions"}],"predecessor-version":[{"id":1212,"href":"https:\/\/akafor.com\/en\/wp-json\/wp\/v2\/pages\/1210\/revisions\/1212"}],"up":[{"embeddable":true,"href":"https:\/\/akafor.com\/en\/wp-json\/wp\/v2\/pages\/1190"}],"wp:attachment":[{"href":"https:\/\/akafor.com\/en\/wp-json\/wp\/v2\/media?parent=1210"}],"curies":[{"name":"wp","href":"https:\/\/api.w.org\/{rel}","templated":true}]}}