{"id":1213,"date":"2021-05-26T10:40:44","date_gmt":"2021-05-26T07:40:44","guid":{"rendered":"https:\/\/neyesek.co\/?page_id=1213"},"modified":"2021-12-07T11:02:56","modified_gmt":"2021-12-07T08:02:56","slug":"chromapur-iyon-degisimi","status":"publish","type":"page","link":"https:\/\/akafor.com\/en\/iyon-degistirici-sistemler\/iyon-degistirici-recineler\/chromapur-iyon-degisimi\/","title":{"rendered":"CHROMAPUR &#x2122; \u0130YON DE\u011e\u0130\u015e\u0130M\u0130"},"content":{"rendered":"\n<div class=\"wp-block-media-text alignwide has-media-on-the-right is-stacked-on-mobile\"><figure class=\"wp-block-media-text__media\"><img decoding=\"async\" src=\"https:\/\/akafor.com\/wp-content\/uploads\/2021\/05\/ChromaPur&#x2122;-Ion-Exchange-System.png\" alt=\"\" class=\"wp-image-1214 size-full\"\/><\/figure><div class=\"wp-block-media-text__content\">\n<p>ChromaPur sistemi, krom kaplama banyolar\u0131ndaki kirletici madde birikimini gidermek i\u00e7in \u00e7\u00f6z\u00fcm\u00fcm\u00fczd\u00fcr. Sistem, \u00e7\u00f6z\u00fcnm\u00fc\u015f kirleticileri uzakla\u015ft\u0131rmak i\u00e7in kaplama \u00e7\u00f6zeltisini bir re\u00e7ine yata\u011f\u0131ndan ge\u00e7irerek \u00e7al\u0131\u015f\u0131r ve kaplama banyosuna geri d\u00f6nen safla\u015ft\u0131r\u0131lm\u0131\u015f ve yeniden kullan\u0131labilir kromik asidi geride b\u0131rak\u0131r. Bu d\u00f6ng\u00fc, kimyasal ve at\u0131k ar\u0131tma maliyetlerini \u00f6nemli \u00f6l\u00e7\u00fcde azalt\u0131rken, banyo bo\u015faltma i\u00e7in ar\u0131za s\u00fcresini neredeyse ortadan kald\u0131r\u0131r.<\/p>\n<\/div><\/div>\n\n\n\n<h5 class=\"wp-block-heading\"><strong>Faydalar\u0131<\/strong><\/h5>\n\n\n\n<ul class=\"wp-block-list\"><li>Azalt\u0131lm\u0131\u015f kimyasal ve at\u0131k ar\u0131tma maliyetleri<\/li><li>Tutarl\u0131 ve \u00f6ng\u00f6r\u00fclebilir performans ve \u00fcr\u00fcn kalitesi<\/li><li>Banyo \u00e7\u00f6pl\u00fc\u011f\u00fcn\u00fcn ortadan kald\u0131r\u0131lmas\u0131<\/li><li>Metal tuzlar\u0131n\u0131n y\u00fcksek oranda geri kazan\u0131m\u0131<\/li><li>Daha d\u00fc\u015f\u00fck enerji gereksinimleri<\/li><\/ul>\n\n\n\n<h5 class=\"wp-block-heading\"><strong>Uygulamalar<\/strong><\/h5>\n\n\n\n<ul class=\"wp-block-list\"><li>Elektroliz  y\u00f6ntemiyle kaplama<\/li><li>\u00c7elik Asitleme<\/li><\/ul>\n","protected":false},"excerpt":{"rendered":"<p>ChromaPur sistemi, krom kaplama banyolar\u0131ndaki kirletici madde birikimini gidermek i\u00e7in \u00e7\u00f6z\u00fcm\u00fcm\u00fczd\u00fcr. Sistem, \u00e7\u00f6z\u00fcnm\u00fc\u015f kirleticileri uzakla\u015ft\u0131rmak i\u00e7in kaplama \u00e7\u00f6zeltisini bir re\u00e7ine yata\u011f\u0131ndan ge\u00e7irerek \u00e7al\u0131\u015f\u0131r ve kaplama banyosuna geri d\u00f6nen safla\u015ft\u0131r\u0131lm\u0131\u015f ve yeniden kullan\u0131labilir kromik asidi geride b\u0131rak\u0131r. Bu d\u00f6ng\u00fc, kimyasal ve at\u0131k ar\u0131tma maliyetlerini \u00f6nemli \u00f6l\u00e7\u00fcde azalt\u0131rken, banyo bo\u015faltma i\u00e7in ar\u0131za s\u00fcresini neredeyse ortadan kald\u0131r\u0131r. Faydalar\u0131 [&hellip;]<\/p>\n","protected":false},"author":1,"featured_media":1214,"parent":1190,"menu_order":0,"comment_status":"closed","ping_status":"closed","template":"pages\/page-full.php","meta":{"footnotes":""},"class_list":["post-1213","page","type-page","status-publish","has-post-thumbnail","hentry"],"_links":{"self":[{"href":"https:\/\/akafor.com\/en\/wp-json\/wp\/v2\/pages\/1213","targetHints":{"allow":["GET"]}}],"collection":[{"href":"https:\/\/akafor.com\/en\/wp-json\/wp\/v2\/pages"}],"about":[{"href":"https:\/\/akafor.com\/en\/wp-json\/wp\/v2\/types\/page"}],"author":[{"embeddable":true,"href":"https:\/\/akafor.com\/en\/wp-json\/wp\/v2\/users\/1"}],"replies":[{"embeddable":true,"href":"https:\/\/akafor.com\/en\/wp-json\/wp\/v2\/comments?post=1213"}],"version-history":[{"count":1,"href":"https:\/\/akafor.com\/en\/wp-json\/wp\/v2\/pages\/1213\/revisions"}],"predecessor-version":[{"id":1215,"href":"https:\/\/akafor.com\/en\/wp-json\/wp\/v2\/pages\/1213\/revisions\/1215"}],"up":[{"embeddable":true,"href":"https:\/\/akafor.com\/en\/wp-json\/wp\/v2\/pages\/1190"}],"wp:featuredmedia":[{"embeddable":true,"href":"https:\/\/akafor.com\/en\/wp-json\/wp\/v2\/media\/1214"}],"wp:attachment":[{"href":"https:\/\/akafor.com\/en\/wp-json\/wp\/v2\/media?parent=1213"}],"curies":[{"name":"wp","href":"https:\/\/api.w.org\/{rel}","templated":true}]}}