{"id":1216,"date":"2021-05-26T10:46:28","date_gmt":"2021-05-26T07:46:28","guid":{"rendered":"https:\/\/neyesek.co\/?page_id=1216"},"modified":"2021-06-24T15:30:25","modified_gmt":"2021-06-24T12:30:25","slug":"nickelpur-iyon-degisimi","status":"publish","type":"page","link":"https:\/\/akafor.com\/en\/iyon-degistirici-sistemler\/iyon-degistirici-recineler\/nickelpur-iyon-degisimi\/","title":{"rendered":"NICKELPUR &#x2122; \u0130YON DE\u011e\u0130\u015e\u0130M\u0130"},"content":{"rendered":"\n<div class=\"wp-block-media-text alignwide has-media-on-the-right is-stacked-on-mobile\"><figure class=\"wp-block-media-text__media\"><img decoding=\"async\" src=\"https:\/\/akafor.com\/wp-content\/uploads\/2021\/05\/NickelPur&#x2122;-Ion-Exchange-System.png\" alt=\"\" class=\"wp-image-1217 size-full\"\/><\/figure><div class=\"wp-block-media-text__content\">\n<p>S\u0131k\u0131\u015ft\u0131r\u0131lm\u0131\u015f-yatak, kar\u015f\u0131-ak\u0131m \u00e7al\u0131\u015fmas\u0131 ile NickelPur Nikel Kurtarma Sistemi birle\u015ftirir iyon de\u011fi\u015fimi% 95 \u00fczerinde kurtarmak i\u00e7in<br>kaplama banyolar\u0131ndan nikel \u00e7ekme. Nikel tuzu, elektrokaplama i\u015flemi s\u0131ras\u0131nda do\u011fal olarak kaybolur ve bu da daha y\u00fcksek i\u015fletme maliyetleri ve at\u0131k ar\u0131tma hususlar\u0131 ile sonu\u00e7lan\u0131r. NickelPur sistemi, depolanan ve daha sonra gerekti\u011fi gibi kaplama banyolar\u0131na geri eklenen nikel tuzlar\u0131n\u0131 etkili bir \u015fekilde geri kazanarak, konsantre ederek ve asidi gidererek bu endi\u015feleri azalt\u0131r.<\/p>\n<\/div><\/div>\n\n\n\n<h5 class=\"wp-block-heading\"><strong>Faydalar\u0131<\/strong><\/h5>\n\n\n\n<ul class=\"wp-block-list\"><li>Azalt\u0131lm\u0131\u015f kimyasal ve at\u0131k ar\u0131tma maliyetleri<\/li><li>Tutarl\u0131 ve \u00f6ng\u00f6r\u00fclebilir performans ve \u00fcr\u00fcn kalitesi<\/li><li>Banyo \u00e7\u00f6pl\u00fc\u011f\u00fcn\u00fcn ortadan kald\u0131r\u0131lmas\u0131<\/li><li>Metal tuzlar\u0131n\u0131n y\u00fcksek oranda geri kazan\u0131m\u0131<\/li><li>Daha d\u00fc\u015f\u00fck enerji gereksinimleri<\/li><\/ul>\n\n\n\n<h5 class=\"wp-block-heading\"><strong>Uygulamalar<\/strong><\/h5>\n\n\n\n<ul class=\"wp-block-list\"><li>Elektroliz y\u00f6ntemiyle kaplama<\/li><li>\u00c7elik Asitleme<\/li><\/ul>\n","protected":false},"excerpt":{"rendered":"<p>S\u0131k\u0131\u015ft\u0131r\u0131lm\u0131\u015f-yatak, kar\u015f\u0131-ak\u0131m \u00e7al\u0131\u015fmas\u0131 ile NickelPur Nikel Kurtarma Sistemi birle\u015ftirir iyon de\u011fi\u015fimi% 95 \u00fczerinde kurtarmak i\u00e7inkaplama banyolar\u0131ndan nikel \u00e7ekme. Nikel tuzu, elektrokaplama i\u015flemi s\u0131ras\u0131nda do\u011fal olarak kaybolur ve bu da daha y\u00fcksek i\u015fletme maliyetleri ve at\u0131k ar\u0131tma hususlar\u0131 ile sonu\u00e7lan\u0131r. NickelPur sistemi, depolanan ve daha sonra gerekti\u011fi gibi kaplama banyolar\u0131na geri eklenen nikel tuzlar\u0131n\u0131 etkili bir [&hellip;]<\/p>\n","protected":false},"author":1,"featured_media":0,"parent":1190,"menu_order":0,"comment_status":"closed","ping_status":"closed","template":"pages\/page-full.php","meta":{"footnotes":""},"class_list":["post-1216","page","type-page","status-publish","hentry"],"_links":{"self":[{"href":"https:\/\/akafor.com\/en\/wp-json\/wp\/v2\/pages\/1216","targetHints":{"allow":["GET"]}}],"collection":[{"href":"https:\/\/akafor.com\/en\/wp-json\/wp\/v2\/pages"}],"about":[{"href":"https:\/\/akafor.com\/en\/wp-json\/wp\/v2\/types\/page"}],"author":[{"embeddable":true,"href":"https:\/\/akafor.com\/en\/wp-json\/wp\/v2\/users\/1"}],"replies":[{"embeddable":true,"href":"https:\/\/akafor.com\/en\/wp-json\/wp\/v2\/comments?post=1216"}],"version-history":[{"count":1,"href":"https:\/\/akafor.com\/en\/wp-json\/wp\/v2\/pages\/1216\/revisions"}],"predecessor-version":[{"id":1218,"href":"https:\/\/akafor.com\/en\/wp-json\/wp\/v2\/pages\/1216\/revisions\/1218"}],"up":[{"embeddable":true,"href":"https:\/\/akafor.com\/en\/wp-json\/wp\/v2\/pages\/1190"}],"wp:attachment":[{"href":"https:\/\/akafor.com\/en\/wp-json\/wp\/v2\/media?parent=1216"}],"curies":[{"name":"wp","href":"https:\/\/api.w.org\/{rel}","templated":true}]}}