{"id":1219,"date":"2021-05-26T10:50:20","date_gmt":"2021-05-26T07:50:20","guid":{"rendered":"https:\/\/neyesek.co\/?page_id=1219"},"modified":"2021-06-24T15:31:27","modified_gmt":"2021-06-24T12:31:27","slug":"micropur-iyon-degisimi","status":"publish","type":"page","link":"https:\/\/akafor.com\/en\/iyon-degistirici-sistemler\/iyon-degistirici-recineler\/micropur-iyon-degisimi\/","title":{"rendered":"MICROPUR &#x2122; \u0130YON DE\u011e\u0130\u015e\u0130M\u0130"},"content":{"rendered":"\n<div class=\"wp-block-media-text alignwide has-media-on-the-right is-stacked-on-mobile\"><figure class=\"wp-block-media-text__media\"><img decoding=\"async\" src=\"https:\/\/akafor.com\/wp-content\/uploads\/2021\/05\/MicroPur&#x2122;-Ion-Exchange-System.png\" alt=\"\" class=\"wp-image-1220 size-full\"\/><\/figure><div class=\"wp-block-media-text__content\">\n<p>MicroPur \u00fcnitesi APU\u00ae sistemini temel al\u0131r ve k\u00fc\u00e7\u00fck ila orta \u00f6l\u00e7ekli \u00e7elik asitleme i\u015flemleri i\u00e7in tasarlanm\u0131\u015ft\u0131r. Sistem, asit ve at\u0131k ar\u0131tma maliyetlerini b\u00fcy\u00fck \u00f6l\u00e7\u00fcde azaltarak asit ve at\u0131k i\u015fleme maliyetlerini b\u00fcy\u00fck \u00f6l\u00e7\u00fcde azaltarak asit ve asit i\u015fleme maliyetlerini b\u00fcy\u00fck \u00f6l\u00e7\u00fcde d\u00fc\u015f\u00fcren metalleri uzakla\u015ft\u0131rarak banyo bo\u015faltma ihtiyac\u0131n\u0131 ortadan kald\u0131r\u0131r. Tutarl\u0131 banyo kimyas\u0131 ile asitleme performans\u0131 sa\u011flan\u0131r ve \u00fcr\u00fcn kalitesi artar.<\/p>\n<\/div><\/div>\n\n\n\n<h5 class=\"wp-block-heading\"><strong>Faydalar\u0131<\/strong><\/h5>\n\n\n\n<ul class=\"wp-block-list\"><li>Azalt\u0131lm\u0131\u015f kimyasal ve at\u0131k ar\u0131tma maliyetleri<\/li><li>Tutarl\u0131 ve \u00f6ng\u00f6r\u00fclebilir performans ve \u00fcr\u00fcn kalitesi<\/li><li>Banyo \u00e7\u00f6pl\u00fc\u011f\u00fcn\u00fcn ortadan kald\u0131r\u0131lmas\u0131<\/li><li>Metal tuzlar\u0131n\u0131n y\u00fcksek oranda geri kazan\u0131m\u0131<\/li><li>Daha d\u00fc\u015f\u00fck enerji gereksinimleri<\/li><\/ul>\n\n\n\n<h5 class=\"wp-block-heading\"><strong>Uygulamalar<\/strong><\/h5>\n\n\n\n<ul class=\"wp-block-list\"><li>Elektroliz y\u00f6ntemiyle kaplama<\/li><li>\u00c7elik Asitleme<\/li><\/ul>\n","protected":false},"excerpt":{"rendered":"<p>MicroPur \u00fcnitesi APU\u00ae sistemini temel al\u0131r ve k\u00fc\u00e7\u00fck ila orta \u00f6l\u00e7ekli \u00e7elik asitleme i\u015flemleri i\u00e7in tasarlanm\u0131\u015ft\u0131r. Sistem, asit ve at\u0131k ar\u0131tma maliyetlerini b\u00fcy\u00fck \u00f6l\u00e7\u00fcde azaltarak asit ve at\u0131k i\u015fleme maliyetlerini b\u00fcy\u00fck \u00f6l\u00e7\u00fcde azaltarak asit ve asit i\u015fleme maliyetlerini b\u00fcy\u00fck \u00f6l\u00e7\u00fcde d\u00fc\u015f\u00fcren metalleri uzakla\u015ft\u0131rarak banyo bo\u015faltma ihtiyac\u0131n\u0131 ortadan kald\u0131r\u0131r. Tutarl\u0131 banyo kimyas\u0131 ile asitleme performans\u0131 sa\u011flan\u0131r [&hellip;]<\/p>\n","protected":false},"author":1,"featured_media":0,"parent":1190,"menu_order":0,"comment_status":"closed","ping_status":"closed","template":"pages\/page-full.php","meta":{"footnotes":""},"class_list":["post-1219","page","type-page","status-publish","hentry"],"_links":{"self":[{"href":"https:\/\/akafor.com\/en\/wp-json\/wp\/v2\/pages\/1219","targetHints":{"allow":["GET"]}}],"collection":[{"href":"https:\/\/akafor.com\/en\/wp-json\/wp\/v2\/pages"}],"about":[{"href":"https:\/\/akafor.com\/en\/wp-json\/wp\/v2\/types\/page"}],"author":[{"embeddable":true,"href":"https:\/\/akafor.com\/en\/wp-json\/wp\/v2\/users\/1"}],"replies":[{"embeddable":true,"href":"https:\/\/akafor.com\/en\/wp-json\/wp\/v2\/comments?post=1219"}],"version-history":[{"count":1,"href":"https:\/\/akafor.com\/en\/wp-json\/wp\/v2\/pages\/1219\/revisions"}],"predecessor-version":[{"id":1221,"href":"https:\/\/akafor.com\/en\/wp-json\/wp\/v2\/pages\/1219\/revisions\/1221"}],"up":[{"embeddable":true,"href":"https:\/\/akafor.com\/en\/wp-json\/wp\/v2\/pages\/1190"}],"wp:attachment":[{"href":"https:\/\/akafor.com\/en\/wp-json\/wp\/v2\/media?parent=1219"}],"curies":[{"name":"wp","href":"https:\/\/api.w.org\/{rel}","templated":true}]}}