{"id":1222,"date":"2021-05-26T10:59:06","date_gmt":"2021-05-26T07:59:06","guid":{"rendered":"https:\/\/neyesek.co\/?page_id=1222"},"modified":"2021-06-24T15:32:44","modified_gmt":"2021-06-24T12:32:44","slug":"ssu-iyon-degisimi","status":"publish","type":"page","link":"https:\/\/akafor.com\/en\/iyon-degistirici-sistemler\/iyon-degistirici-recineler\/ssu-iyon-degisimi\/","title":{"rendered":"SSU &#x2122; \u0130YON DE\u011e\u0130\u015e\u0130M\u0130"},"content":{"rendered":"\n<div class=\"wp-block-media-text alignwide has-media-on-the-right is-stacked-on-mobile\"><figure class=\"wp-block-media-text__media\"><img decoding=\"async\" src=\"https:\/\/akafor.com\/wp-content\/uploads\/2021\/05\/SSU&#x2122;-Ion-Exchange-System.png\" alt=\"\" class=\"wp-image-1223 size-full\"\/><\/figure><div class=\"wp-block-media-text__content\">\n<p>SSU Tuz Ay\u0131rma \u00dcnitesi, klor\u00fcr i\u00e7in y\u00fcksek afiniteye sahip benzersiz bir iyon de\u011fi\u015fim re\u00e7inesi kullan\u0131r. Bu sistem, bak\u0131r ar\u0131tma i\u015flemlerinden tuzlar\u0131 etkili bir \u015fekilde uzakla\u015ft\u0131rarak kirletici seviyelerini d\u00fc\u015f\u00fcr\u00fcr ve ekipman \u00f6mr\u00fcn\u00fc uzat\u0131r.<\/p>\n<\/div><\/div>\n\n\n\n<h5 class=\"wp-block-heading\"><strong>Faydalar\u0131<\/strong><\/h5>\n\n\n\n<ul class=\"wp-block-list\"><li>Daha az kire\u00e7 al\u0131m\u0131<\/li><li>Azalt\u0131lm\u0131\u015f at\u0131k i\u015fleme maliyetleri<\/li><li>Daha az s\u00fclf\u00fcrik asit al\u0131m\u0131<\/li><li>Artan s\u00fcre\u00e7 verimlili\u011fi<\/li><li>Daha d\u00fc\u015f\u00fck kirletici madde seviyeleri<\/li><\/ul>\n\n\n\n<h5 class=\"wp-block-heading\"><strong>Uygulamalar<\/strong><\/h5>\n\n\n\n<ul class=\"wp-block-list\"><li>Bak\u0131r ar\u0131tma<\/li><\/ul>\n","protected":false},"excerpt":{"rendered":"<p>SSU Tuz Ay\u0131rma \u00dcnitesi, klor\u00fcr i\u00e7in y\u00fcksek afiniteye sahip benzersiz bir iyon de\u011fi\u015fim re\u00e7inesi kullan\u0131r. Bu sistem, bak\u0131r ar\u0131tma i\u015flemlerinden tuzlar\u0131 etkili bir \u015fekilde uzakla\u015ft\u0131rarak kirletici seviyelerini d\u00fc\u015f\u00fcr\u00fcr ve ekipman \u00f6mr\u00fcn\u00fc uzat\u0131r. Faydalar\u0131 Daha az kire\u00e7 al\u0131m\u0131 Azalt\u0131lm\u0131\u015f at\u0131k i\u015fleme maliyetleri Daha az s\u00fclf\u00fcrik asit al\u0131m\u0131 Artan s\u00fcre\u00e7 verimlili\u011fi Daha d\u00fc\u015f\u00fck kirletici madde seviyeleri Uygulamalar [&hellip;]<\/p>\n","protected":false},"author":1,"featured_media":0,"parent":1190,"menu_order":0,"comment_status":"closed","ping_status":"closed","template":"pages\/page-full.php","meta":{"footnotes":""},"class_list":["post-1222","page","type-page","status-publish","hentry"],"_links":{"self":[{"href":"https:\/\/akafor.com\/en\/wp-json\/wp\/v2\/pages\/1222","targetHints":{"allow":["GET"]}}],"collection":[{"href":"https:\/\/akafor.com\/en\/wp-json\/wp\/v2\/pages"}],"about":[{"href":"https:\/\/akafor.com\/en\/wp-json\/wp\/v2\/types\/page"}],"author":[{"embeddable":true,"href":"https:\/\/akafor.com\/en\/wp-json\/wp\/v2\/users\/1"}],"replies":[{"embeddable":true,"href":"https:\/\/akafor.com\/en\/wp-json\/wp\/v2\/comments?post=1222"}],"version-history":[{"count":1,"href":"https:\/\/akafor.com\/en\/wp-json\/wp\/v2\/pages\/1222\/revisions"}],"predecessor-version":[{"id":1224,"href":"https:\/\/akafor.com\/en\/wp-json\/wp\/v2\/pages\/1222\/revisions\/1224"}],"up":[{"embeddable":true,"href":"https:\/\/akafor.com\/en\/wp-json\/wp\/v2\/pages\/1190"}],"wp:attachment":[{"href":"https:\/\/akafor.com\/en\/wp-json\/wp\/v2\/media?parent=1222"}],"curies":[{"name":"wp","href":"https:\/\/api.w.org\/{rel}","templated":true}]}}