{"id":1225,"date":"2021-05-26T12:09:30","date_gmt":"2021-05-26T09:09:30","guid":{"rendered":"https:\/\/neyesek.co\/?page_id=1225"},"modified":"2021-06-24T15:32:01","modified_gmt":"2021-06-24T12:32:01","slug":"bars-iyon-degisimi","status":"publish","type":"page","link":"https:\/\/akafor.com\/en\/iyon-degistirici-sistemler\/iyon-degistirici-recineler\/bars-iyon-degisimi\/","title":{"rendered":"BARS \u0130YON DE\u011e\u0130\u015e\u0130M\u0130"},"content":{"rendered":"\n<p>K\u00fc\u00e7\u00fck konsantrasyonlarda, bizmut, antimon ve arsenik, bak\u0131r elektrolitinde kirletici seviyelerini kontrol etmeye yard\u0131mc\u0131 olabilecek zay\u0131fl\u0131klar \u00fcretebilir. Ancak daha b\u00fcy\u00fck konsantrasyonlarda operasyon i\u00e7in sorun yaratabilirler. Recoflo\u00ae teknolojisine dayanan BARS Bizmut ve Antimon Geri Kazan\u0131m Sistemi, bak\u0131r ar\u0131tma i\u015flemlerinde bak\u0131r elektrolit ak\u0131\u015f\u0131ndan bizmut ve antimon tuzlar\u0131n\u0131 se\u00e7ici olarak ay\u0131r\u0131r ve \u00e7\u00f6keltir. Sonu\u00e7, i\u015flemde yeniden kullan\u0131labilen safla\u015ft\u0131r\u0131lm\u0131\u015f bir elektrolit ak\u0131\u015f\u0131d\u0131r.<\/p>\n\n\n\n<h5 class=\"wp-block-heading\"><strong>Faydalar\u0131<\/strong><\/h5>\n\n\n\n<ul class=\"wp-block-list\"><li>Daha az kire\u00e7 al\u0131m\u0131<\/li><li>Azalt\u0131lm\u0131\u015f at\u0131k i\u015fleme maliyetleri<\/li><li>Daha az s\u00fclf\u00fcrik asit al\u0131m\u0131<\/li><li>Artan s\u00fcre\u00e7 verimlili\u011fi<\/li><li>Daha d\u00fc\u015f\u00fck kirletici madde seviyeleri<\/li><\/ul>\n\n\n\n<h5 class=\"wp-block-heading\"><strong>Uygulamalar<\/strong><\/h5>\n\n\n\n<ul class=\"wp-block-list\"><li>Bak\u0131r ar\u0131tma<\/li><\/ul>\n","protected":false},"excerpt":{"rendered":"<p>K\u00fc\u00e7\u00fck konsantrasyonlarda, bizmut, antimon ve arsenik, bak\u0131r elektrolitinde kirletici seviyelerini kontrol etmeye yard\u0131mc\u0131 olabilecek zay\u0131fl\u0131klar \u00fcretebilir. Ancak daha b\u00fcy\u00fck konsantrasyonlarda operasyon i\u00e7in sorun yaratabilirler. Recoflo\u00ae teknolojisine dayanan BARS Bizmut ve Antimon Geri Kazan\u0131m Sistemi, bak\u0131r ar\u0131tma i\u015flemlerinde bak\u0131r elektrolit ak\u0131\u015f\u0131ndan bizmut ve antimon tuzlar\u0131n\u0131 se\u00e7ici olarak ay\u0131r\u0131r ve \u00e7\u00f6keltir. Sonu\u00e7, i\u015flemde yeniden kullan\u0131labilen safla\u015ft\u0131r\u0131lm\u0131\u015f bir [&hellip;]<\/p>\n","protected":false},"author":1,"featured_media":0,"parent":1190,"menu_order":0,"comment_status":"closed","ping_status":"closed","template":"pages\/page-full.php","meta":{"footnotes":""},"class_list":["post-1225","page","type-page","status-publish","hentry"],"_links":{"self":[{"href":"https:\/\/akafor.com\/en\/wp-json\/wp\/v2\/pages\/1225","targetHints":{"allow":["GET"]}}],"collection":[{"href":"https:\/\/akafor.com\/en\/wp-json\/wp\/v2\/pages"}],"about":[{"href":"https:\/\/akafor.com\/en\/wp-json\/wp\/v2\/types\/page"}],"author":[{"embeddable":true,"href":"https:\/\/akafor.com\/en\/wp-json\/wp\/v2\/users\/1"}],"replies":[{"embeddable":true,"href":"https:\/\/akafor.com\/en\/wp-json\/wp\/v2\/comments?post=1225"}],"version-history":[{"count":1,"href":"https:\/\/akafor.com\/en\/wp-json\/wp\/v2\/pages\/1225\/revisions"}],"predecessor-version":[{"id":1226,"href":"https:\/\/akafor.com\/en\/wp-json\/wp\/v2\/pages\/1225\/revisions\/1226"}],"up":[{"embeddable":true,"href":"https:\/\/akafor.com\/en\/wp-json\/wp\/v2\/pages\/1190"}],"wp:attachment":[{"href":"https:\/\/akafor.com\/en\/wp-json\/wp\/v2\/media?parent=1225"}],"curies":[{"name":"wp","href":"https:\/\/api.w.org\/{rel}","templated":true}]}}