{"id":1227,"date":"2021-05-26T12:12:29","date_gmt":"2021-05-26T09:12:29","guid":{"rendered":"https:\/\/neyesek.co\/?page_id=1227"},"modified":"2021-11-09T15:28:53","modified_gmt":"2021-11-09T12:28:53","slug":"asru-iyon-degisimi","status":"publish","type":"page","link":"https:\/\/akafor.com\/en\/iyon-degistirici-sistemler\/iyon-degistirici-recineler\/asru-iyon-degisimi\/","title":{"rendered":"ASRU \u0130yon De\u011fi\u015fimi"},"content":{"rendered":"\n<p>K\u00fc\u00e7\u00fck konsantrasyonlarda, bizmut, antimon ve arsenik, bak\u0131r elektrolitinde kirletici seviyelerini kontrol etmeye yard\u0131mc\u0131 olabilecek zay\u0131fl\u0131klar \u00fcretebilir. Ancak daha b\u00fcy\u00fck konsantrasyonlarda operasyon i\u00e7in sorun yaratabilirler. Recoflo\u00ae teknolojisine dayanan AsRU Arsenik Geri Kazan\u0131m \u00dcnitesi, bak\u0131r ar\u0131tma i\u015flemlerinde arseni\u011fi bak\u0131r elektrolit ak\u0131\u015f\u0131ndan se\u00e7ici olarak ay\u0131r\u0131r ve konsantre eder. Sonu\u00e7, i\u015flemde yeniden kullan\u0131labilen safla\u015ft\u0131r\u0131lm\u0131\u015f bir elektrolit ak\u0131\u015f\u0131d\u0131r.<\/p>\n\n\n\n<h5 class=\"wp-block-heading\"><strong>Faydalar\u0131<\/strong><\/h5>\n\n\n\n<ul class=\"wp-block-list\"><li>Daha az kire\u00e7 al\u0131m\u0131<\/li><li>Azalt\u0131lm\u0131\u015f at\u0131k i\u015fleme maliyetleri<\/li><li>Daha az s\u00fclf\u00fcrik asit al\u0131m\u0131<\/li><li>Artan s\u00fcre\u00e7 verimlili\u011fi<\/li><li>Daha d\u00fc\u015f\u00fck kirletici madde seviyeleri<\/li><\/ul>\n\n\n\n<h5 class=\"wp-block-heading\"><strong>Uygulamalar<\/strong><\/h5>\n\n\n\n<ul class=\"wp-block-list\"><li>Bak\u0131r ar\u0131tma<\/li><\/ul>\n","protected":false},"excerpt":{"rendered":"<p>K\u00fc\u00e7\u00fck konsantrasyonlarda, bizmut, antimon ve arsenik, bak\u0131r elektrolitinde kirletici seviyelerini kontrol etmeye yard\u0131mc\u0131 olabilecek zay\u0131fl\u0131klar \u00fcretebilir. Ancak daha b\u00fcy\u00fck konsantrasyonlarda operasyon i\u00e7in sorun yaratabilirler. Recoflo\u00ae teknolojisine dayanan AsRU Arsenik Geri Kazan\u0131m \u00dcnitesi, bak\u0131r ar\u0131tma i\u015flemlerinde arseni\u011fi bak\u0131r elektrolit ak\u0131\u015f\u0131ndan se\u00e7ici olarak ay\u0131r\u0131r ve konsantre eder. Sonu\u00e7, i\u015flemde yeniden kullan\u0131labilen safla\u015ft\u0131r\u0131lm\u0131\u015f bir elektrolit ak\u0131\u015f\u0131d\u0131r. Faydalar\u0131 Daha [&hellip;]<\/p>\n","protected":false},"author":1,"featured_media":0,"parent":1190,"menu_order":0,"comment_status":"closed","ping_status":"closed","template":"pages\/page-full.php","meta":{"footnotes":""},"class_list":["post-1227","page","type-page","status-publish","hentry"],"_links":{"self":[{"href":"https:\/\/akafor.com\/en\/wp-json\/wp\/v2\/pages\/1227","targetHints":{"allow":["GET"]}}],"collection":[{"href":"https:\/\/akafor.com\/en\/wp-json\/wp\/v2\/pages"}],"about":[{"href":"https:\/\/akafor.com\/en\/wp-json\/wp\/v2\/types\/page"}],"author":[{"embeddable":true,"href":"https:\/\/akafor.com\/en\/wp-json\/wp\/v2\/users\/1"}],"replies":[{"embeddable":true,"href":"https:\/\/akafor.com\/en\/wp-json\/wp\/v2\/comments?post=1227"}],"version-history":[{"count":2,"href":"https:\/\/akafor.com\/en\/wp-json\/wp\/v2\/pages\/1227\/revisions"}],"predecessor-version":[{"id":2739,"href":"https:\/\/akafor.com\/en\/wp-json\/wp\/v2\/pages\/1227\/revisions\/2739"}],"up":[{"embeddable":true,"href":"https:\/\/akafor.com\/en\/wp-json\/wp\/v2\/pages\/1190"}],"wp:attachment":[{"href":"https:\/\/akafor.com\/en\/wp-json\/wp\/v2\/media?parent=1227"}],"curies":[{"name":"wp","href":"https:\/\/api.w.org\/{rel}","templated":true}]}}