{"id":1229,"date":"2021-05-26T12:17:03","date_gmt":"2021-05-26T09:17:03","guid":{"rendered":"https:\/\/neyesek.co\/?page_id=1229"},"modified":"2021-11-09T15:27:45","modified_gmt":"2021-11-09T12:27:45","slug":"pdp-iyon-degisimi","status":"publish","type":"page","link":"https:\/\/akafor.com\/en\/iyon-degistirici-sistemler\/iyon-degistirici-recineler\/pdp-iyon-degisimi\/","title":{"rendered":"PDP  \u0130yon De\u011fi\u015fimi"},"content":{"rendered":"\n<div class=\"wp-block-media-text alignwide has-media-on-the-right is-stacked-on-mobile\"><figure class=\"wp-block-media-text__media\"><img decoding=\"async\" src=\"https:\/\/akafor.com\/wp-content\/uploads\/2021\/05\/SSU&#x2122;-Ion-Exchange-System-1.png\" alt=\"\" class=\"wp-image-1230 size-full\"\/><\/figure><div class=\"wp-block-media-text__content\">\n<p>Klor\u00fcr de\u011firmene odun yongalar\u0131, kostik ve jenerat\u00f6rde kullan\u0131lm\u0131\u015f asit olarak girer ve geri kazan\u0131m kazan\u0131n\u0131n a\u015f\u0131nmas\u0131na ve t\u0131kanmas\u0131na neden olarak buhar \u00fcretiminin en aza indirilmesine ve maliyetli kesintilere yol a\u00e7abilir. PDP \u00c7\u00f6kt\u00fcr\u00fcc\u00fc Toz Ar\u0131tma Sistemi, bir Kraft de\u011firmeninde elektrostatik \u00e7\u00f6keltici (ESP) tozundan klor\u00fcr\u00fc se\u00e7ici olarak ay\u0131ran bir klor\u00fcr giderme sistemidir. SSU &#x2122; sistemine dayal\u0131 olarak, y\u00fcksek derecede se\u00e7ici iyon de\u011fi\u015fim re\u00e7inesi, klor\u00fcr\u00fc s\u00fclfat tuzlar\u0131ndan ay\u0131r\u0131rken, ayn\u0131 zamanda de\u011ferli pi\u015firme kimyasallar\u0131n\u0131 geri kazan\u0131r.<\/p>\n<\/div><\/div>\n\n\n\n<h5 class=\"wp-block-heading\">Faydalar\u0131<\/h5>\n\n\n\n<ul class=\"wp-block-list\"><li>\u00d6nemli \u00f6l\u00e7\u00fcde daha d\u00fc\u015f\u00fck sermaye ve kurulum maliyetleri<\/li><li>Azalt\u0131lm\u0131\u015f i\u015fletme maliyetleri<\/li><li>Daha verimli s\u00fclfat ve karbonat geri kazan\u0131m\u0131<\/li><li>Klor\u00fcr ve \/ veya potasyumun verimli bir \u015fekilde uzakla\u015ft\u0131r\u0131lmas\u0131<\/li><li>Daha k\u00fc\u00e7\u00fck ayak izi<\/li><\/ul>\n\n\n\n<h5 class=\"wp-block-heading\"><strong>Uygulamalar<\/strong><\/h5>\n\n\n\n<ul class=\"wp-block-list\"><li>Ka\u011f\u0131t Hamuru ve Ka\u011f\u0131t i\u015flemleri<\/li><\/ul>\n","protected":false},"excerpt":{"rendered":"<p>Klor\u00fcr de\u011firmene odun yongalar\u0131, kostik ve jenerat\u00f6rde kullan\u0131lm\u0131\u015f asit olarak girer ve geri kazan\u0131m kazan\u0131n\u0131n a\u015f\u0131nmas\u0131na ve t\u0131kanmas\u0131na neden olarak buhar \u00fcretiminin en aza indirilmesine ve maliyetli kesintilere yol a\u00e7abilir. PDP \u00c7\u00f6kt\u00fcr\u00fcc\u00fc Toz Ar\u0131tma Sistemi, bir Kraft de\u011firmeninde elektrostatik \u00e7\u00f6keltici (ESP) tozundan klor\u00fcr\u00fc se\u00e7ici olarak ay\u0131ran bir klor\u00fcr giderme sistemidir. SSU &#x2122; sistemine dayal\u0131 olarak, [&hellip;]<\/p>\n","protected":false},"author":1,"featured_media":0,"parent":1190,"menu_order":0,"comment_status":"closed","ping_status":"closed","template":"pages\/page-full.php","meta":{"footnotes":""},"class_list":["post-1229","page","type-page","status-publish","hentry"],"_links":{"self":[{"href":"https:\/\/akafor.com\/en\/wp-json\/wp\/v2\/pages\/1229","targetHints":{"allow":["GET"]}}],"collection":[{"href":"https:\/\/akafor.com\/en\/wp-json\/wp\/v2\/pages"}],"about":[{"href":"https:\/\/akafor.com\/en\/wp-json\/wp\/v2\/types\/page"}],"author":[{"embeddable":true,"href":"https:\/\/akafor.com\/en\/wp-json\/wp\/v2\/users\/1"}],"replies":[{"embeddable":true,"href":"https:\/\/akafor.com\/en\/wp-json\/wp\/v2\/comments?post=1229"}],"version-history":[{"count":2,"href":"https:\/\/akafor.com\/en\/wp-json\/wp\/v2\/pages\/1229\/revisions"}],"predecessor-version":[{"id":2737,"href":"https:\/\/akafor.com\/en\/wp-json\/wp\/v2\/pages\/1229\/revisions\/2737"}],"up":[{"embeddable":true,"href":"https:\/\/akafor.com\/en\/wp-json\/wp\/v2\/pages\/1190"}],"wp:attachment":[{"href":"https:\/\/akafor.com\/en\/wp-json\/wp\/v2\/media?parent=1229"}],"curies":[{"name":"wp","href":"https:\/\/api.w.org\/{rel}","templated":true}]}}