{"id":1232,"date":"2021-05-26T12:20:37","date_gmt":"2021-05-26T09:20:37","guid":{"rendered":"https:\/\/neyesek.co\/?page_id=1232"},"modified":"2021-06-24T16:03:59","modified_gmt":"2021-06-24T13:03:59","slug":"pru-iyon-degisimi","status":"publish","type":"page","link":"https:\/\/akafor.com\/en\/iyon-degistirici-sistemler\/iyon-degistirici-recineler\/pru-iyon-degisimi\/","title":{"rendered":"PRU \u0130YON DE\u011e\u0130\u015e\u0130M\u0130"},"content":{"rendered":"\n<div class=\"wp-block-media-text alignwide has-media-on-the-right is-stacked-on-mobile\"><figure class=\"wp-block-media-text__media\"><img loading=\"lazy\" decoding=\"async\" width=\"437\" height=\"435\" src=\"https:\/\/akafor.com\/wp-content\/uploads\/2021\/05\/PRU-Ion-Exchange-System.png\" alt=\"\" class=\"wp-image-1233 size-full\" srcset=\"https:\/\/akafor.com\/wp-content\/uploads\/2021\/05\/PRU-Ion-Exchange-System.png 437w, https:\/\/akafor.com\/wp-content\/uploads\/2021\/05\/PRU-Ion-Exchange-System-300x300.png 300w, https:\/\/akafor.com\/wp-content\/uploads\/2021\/05\/PRU-Ion-Exchange-System-150x150.png 150w\" sizes=\"auto, (max-width: 437px) 100vw, 437px\" \/><\/figure><div class=\"wp-block-media-text__content\">\n<p>Potasyum tuzlar\u0131n\u0131n b\u00fcy\u00fck bir k\u0131sm\u0131 ESP k\u00fcl\u00fcnde bulunabilir ve birikerek korozyona ve di\u011fer i\u015flem bozukluklar\u0131na neden olabilir. PRU sistemi, belirli \u00e7al\u0131\u015fma ko\u015fullar\u0131 alt\u0131nda iyon de\u011fi\u015fimi yoluyla k\u00fcl \u00e7\u00f6zeltisinden potasyumu se\u00e7ici olarak uzakla\u015ft\u0131rarak bir Kraft de\u011firmenindeki potasyum seviyelerini kontrol eder. Bu y\u00f6ntem, potasyum seviyelerini kontrol etmek i\u00e7in fazla k\u00fcl\u00fc temizlemeye k\u0131yasla daha uygun maliyetli bir \u00e7\u00f6z\u00fcm sunar. PRU sistemi ayn\u0131 zamanda de\u011ferli pi\u015firme kimyasallar\u0131n\u0131n geri kazan\u0131lmas\u0131na yard\u0131mc\u0131 olur ve kazan\u0131n korozyonu ve t\u0131kanmas\u0131 nedeniyle maliyetli kapatma ihtiyac\u0131n\u0131 azalt\u0131r.<\/p>\n<\/div><\/div>\n\n\n\n<h5 class=\"wp-block-heading\">Faydalar\u0131<\/h5>\n\n\n\n<ul class=\"wp-block-list\"><li>\u00d6nemli \u00f6l\u00e7\u00fcde daha d\u00fc\u015f\u00fck sermaye ve kurulum maliyetleri<\/li><li>Azalt\u0131lm\u0131\u015f i\u015fletme maliyetleri<\/li><li>Daha verimli s\u00fclfat ve karbonat geri kazan\u0131m\u0131<\/li><li>Klor\u00fcr ve \/ veya potasyumun verimli bir \u015fekilde uzakla\u015ft\u0131r\u0131lmas\u0131<\/li><li>Daha k\u00fc\u00e7\u00fck ayak izi<\/li><\/ul>\n\n\n\n<h5 class=\"wp-block-heading\"><strong>Uygulamalar<\/strong><\/h5>\n\n\n\n<ul class=\"wp-block-list\"><li>Ka\u011f\u0131t Hamuru ve Ka\u011f\u0131t i\u015flemleri<\/li><\/ul>\n","protected":false},"excerpt":{"rendered":"<p>Potasyum tuzlar\u0131n\u0131n b\u00fcy\u00fck bir k\u0131sm\u0131 ESP k\u00fcl\u00fcnde bulunabilir ve birikerek korozyona ve di\u011fer i\u015flem bozukluklar\u0131na neden olabilir. PRU sistemi, belirli \u00e7al\u0131\u015fma ko\u015fullar\u0131 alt\u0131nda iyon de\u011fi\u015fimi yoluyla k\u00fcl \u00e7\u00f6zeltisinden potasyumu se\u00e7ici olarak uzakla\u015ft\u0131rarak bir Kraft de\u011firmenindeki potasyum seviyelerini kontrol eder. Bu y\u00f6ntem, potasyum seviyelerini kontrol etmek i\u00e7in fazla k\u00fcl\u00fc temizlemeye k\u0131yasla daha uygun maliyetli bir \u00e7\u00f6z\u00fcm [&hellip;]<\/p>\n","protected":false},"author":1,"featured_media":0,"parent":1190,"menu_order":0,"comment_status":"closed","ping_status":"closed","template":"pages\/page-full.php","meta":{"footnotes":""},"class_list":["post-1232","page","type-page","status-publish","hentry"],"_links":{"self":[{"href":"https:\/\/akafor.com\/en\/wp-json\/wp\/v2\/pages\/1232","targetHints":{"allow":["GET"]}}],"collection":[{"href":"https:\/\/akafor.com\/en\/wp-json\/wp\/v2\/pages"}],"about":[{"href":"https:\/\/akafor.com\/en\/wp-json\/wp\/v2\/types\/page"}],"author":[{"embeddable":true,"href":"https:\/\/akafor.com\/en\/wp-json\/wp\/v2\/users\/1"}],"replies":[{"embeddable":true,"href":"https:\/\/akafor.com\/en\/wp-json\/wp\/v2\/comments?post=1232"}],"version-history":[{"count":1,"href":"https:\/\/akafor.com\/en\/wp-json\/wp\/v2\/pages\/1232\/revisions"}],"predecessor-version":[{"id":1234,"href":"https:\/\/akafor.com\/en\/wp-json\/wp\/v2\/pages\/1232\/revisions\/1234"}],"up":[{"embeddable":true,"href":"https:\/\/akafor.com\/en\/wp-json\/wp\/v2\/pages\/1190"}],"wp:attachment":[{"href":"https:\/\/akafor.com\/en\/wp-json\/wp\/v2\/media?parent=1232"}],"curies":[{"name":"wp","href":"https:\/\/api.w.org\/{rel}","templated":true}]}}