{"id":1235,"date":"2021-05-26T12:23:10","date_gmt":"2021-05-26T09:23:10","guid":{"rendered":"https:\/\/neyesek.co\/?page_id=1235"},"modified":"2021-06-24T16:07:09","modified_gmt":"2021-06-24T13:07:09","slug":"gap-iyon-degisimi","status":"publish","type":"page","link":"https:\/\/akafor.com\/en\/iyon-degistirici-sistemler\/iyon-degistirici-recineler\/gap-iyon-degisimi\/","title":{"rendered":"GAP \u0130YON DE\u011e\u0130\u015e\u0130M\u0130"},"content":{"rendered":"\n<div class=\"wp-block-media-text alignwide has-media-on-the-right is-stacked-on-mobile\"><figure class=\"wp-block-media-text__media\"><img loading=\"lazy\" decoding=\"async\" width=\"438\" height=\"437\" src=\"https:\/\/akafor.com\/wp-content\/uploads\/2021\/05\/GAP-Ion-Exchange-System.png\" alt=\"\" class=\"wp-image-1236 size-full\" srcset=\"https:\/\/akafor.com\/wp-content\/uploads\/2021\/05\/GAP-Ion-Exchange-System.png 438w, https:\/\/akafor.com\/wp-content\/uploads\/2021\/05\/GAP-Ion-Exchange-System-300x300.png 300w, https:\/\/akafor.com\/wp-content\/uploads\/2021\/05\/GAP-Ion-Exchange-System-150x150.png 150w\" sizes=\"auto, (max-width: 438px) 100vw, 438px\" \/><\/figure><div class=\"wp-block-media-text__content\">\n<p>APU\u00ae sistemine dayanan GAP sistemi, Kraft de\u011firmenlerinde klor dioksit jenerat\u00f6rleri \u00fczerinde \u00e7al\u0131\u015f\u0131r. Klor dioksit \u00fcretimi s\u0131ras\u0131nda sodyum s\u00fclfatlar da \u00fcretilir ve birikerek sorunlara neden olabilir. GAP sistemi, klor dioksit i\u00e7eren s\u00fclf\u00fcrik asit sol\u00fcsyonunu sodyum s\u00fclfattan ay\u0131rarak kostik ve s\u00fclf\u00fcrik asit al\u0131mlar\u0131n\u0131n azalmas\u0131na, daha az kesintiye ve d\u00fc\u015f\u00fck tuz kayb\u0131na izin verir.<\/p>\n<\/div><\/div>\n\n\n\n<h5 class=\"wp-block-heading\">Faydalar\u0131<\/h5>\n\n\n\n<ul class=\"wp-block-list\"><li>\u00d6nemli \u00f6l\u00e7\u00fcde daha d\u00fc\u015f\u00fck sermaye ve kurulum maliyetleri<\/li><li>Azalt\u0131lm\u0131\u015f i\u015fletme maliyetleri<\/li><li>Daha verimli s\u00fclfat ve karbonat geri kazan\u0131m\u0131<\/li><li>Klor\u00fcr ve \/ veya potasyumun verimli bir \u015fekilde uzakla\u015ft\u0131r\u0131lmas\u0131<\/li><li>Daha k\u00fc\u00e7\u00fck ayak izi<\/li><\/ul>\n\n\n\n<h5 class=\"wp-block-heading\"><strong>Uygulamalar<\/strong><\/h5>\n\n\n\n<ul class=\"wp-block-list\"><li>Ka\u011f\u0131t Hamuru ve Ka\u011f\u0131t i\u015flemleri<\/li><\/ul>\n","protected":false},"excerpt":{"rendered":"<p>APU\u00ae sistemine dayanan GAP sistemi, Kraft de\u011firmenlerinde klor dioksit jenerat\u00f6rleri \u00fczerinde \u00e7al\u0131\u015f\u0131r. Klor dioksit \u00fcretimi s\u0131ras\u0131nda sodyum s\u00fclfatlar da \u00fcretilir ve birikerek sorunlara neden olabilir. GAP sistemi, klor dioksit i\u00e7eren s\u00fclf\u00fcrik asit sol\u00fcsyonunu sodyum s\u00fclfattan ay\u0131rarak kostik ve s\u00fclf\u00fcrik asit al\u0131mlar\u0131n\u0131n azalmas\u0131na, daha az kesintiye ve d\u00fc\u015f\u00fck tuz kayb\u0131na izin verir. Faydalar\u0131 \u00d6nemli \u00f6l\u00e7\u00fcde daha [&hellip;]<\/p>\n","protected":false},"author":1,"featured_media":0,"parent":1190,"menu_order":0,"comment_status":"closed","ping_status":"closed","template":"pages\/page-full.php","meta":{"footnotes":""},"class_list":["post-1235","page","type-page","status-publish","hentry"],"_links":{"self":[{"href":"https:\/\/akafor.com\/en\/wp-json\/wp\/v2\/pages\/1235","targetHints":{"allow":["GET"]}}],"collection":[{"href":"https:\/\/akafor.com\/en\/wp-json\/wp\/v2\/pages"}],"about":[{"href":"https:\/\/akafor.com\/en\/wp-json\/wp\/v2\/types\/page"}],"author":[{"embeddable":true,"href":"https:\/\/akafor.com\/en\/wp-json\/wp\/v2\/users\/1"}],"replies":[{"embeddable":true,"href":"https:\/\/akafor.com\/en\/wp-json\/wp\/v2\/comments?post=1235"}],"version-history":[{"count":1,"href":"https:\/\/akafor.com\/en\/wp-json\/wp\/v2\/pages\/1235\/revisions"}],"predecessor-version":[{"id":1237,"href":"https:\/\/akafor.com\/en\/wp-json\/wp\/v2\/pages\/1235\/revisions\/1237"}],"up":[{"embeddable":true,"href":"https:\/\/akafor.com\/en\/wp-json\/wp\/v2\/pages\/1190"}],"wp:attachment":[{"href":"https:\/\/akafor.com\/en\/wp-json\/wp\/v2\/media?parent=1235"}],"curies":[{"name":"wp","href":"https:\/\/api.w.org\/{rel}","templated":true}]}}