{"id":1238,"date":"2021-05-26T12:29:20","date_gmt":"2021-05-26T09:29:20","guid":{"rendered":"https:\/\/neyesek.co\/?page_id=1238"},"modified":"2021-06-24T16:07:34","modified_gmt":"2021-06-24T13:07:34","slug":"recopur-iyon-degisimi","status":"publish","type":"page","link":"https:\/\/akafor.com\/en\/iyon-degistirici-sistemler\/iyon-degistirici-recineler\/recopur-iyon-degisimi\/","title":{"rendered":"RECOPUR\u00ae \u0130YON DE\u011e\u0130\u015e\u0130M\u0130"},"content":{"rendered":"\n<div class=\"wp-block-media-text alignwide has-media-on-the-right is-stacked-on-mobile\"><figure class=\"wp-block-media-text__media\"><img loading=\"lazy\" decoding=\"async\" width=\"436\" height=\"437\" src=\"https:\/\/akafor.com\/wp-content\/uploads\/2021\/05\/RecoPur\u00ae-System.png\" alt=\"\" class=\"wp-image-1239 size-full\" srcset=\"https:\/\/akafor.com\/wp-content\/uploads\/2021\/05\/RecoPur\u00ae-System.png 436w, https:\/\/akafor.com\/wp-content\/uploads\/2021\/05\/RecoPur\u00ae-System-300x300.png 300w, https:\/\/akafor.com\/wp-content\/uploads\/2021\/05\/RecoPur\u00ae-System-150x150.png 150w\" sizes=\"auto, (max-width: 436px) 100vw, 436px\" \/><\/figure><div class=\"wp-block-media-text__content\">\n<p>RecoPur \u00dcretilen Su Yumu\u015fat\u0131c\u0131lar\u0131, g\u00fcvenlik, maliyetler, kimyasal t\u00fcketimi, at\u0131k \u00fcretimi ve ekipman ayak izi s\u00f6z konusu oldu\u011funda geleneksel yumu\u015fat\u0131c\u0131lardan daha iyi performans g\u00f6sterir. Bu yumu\u015fat\u0131c\u0131lar, rejenerasyon i\u00e7in% 80&#8217;e kadar daha az tuz ve at\u0131k kullan\u0131r ve rejenerasyon i\u00e7in asit ve kostik ihtiyac\u0131n\u0131 ortadan kald\u0131r\u0131r. RecoPur sistemi kompakt olacak, kolayca kurulacak ve \u00e7al\u0131\u015ft\u0131r\u0131lacak ve etkili re\u00e7ine temizli\u011fi ile bak\u0131m\u0131 kolay olacak \u015fekilde tasarlanm\u0131\u015ft\u0131r.<\/p>\n<\/div><\/div>\n\n\n\n<h5 class=\"wp-block-heading\"><strong>Faydalar\u0131<\/strong><\/h5>\n\n\n\n<ul class=\"wp-block-list\"><li>Geleneksel iyon de\u011fi\u015ftirme sistemlerinden daha k\u00fc\u00e7\u00fck ayak izi<\/li><li>Rejenerasyon i\u00e7in daha az tuz ve at\u0131k<\/li><li>Kolay ve h\u0131zl\u0131 kurulum<\/li><li>Daha fazla g\u00fcvenlik i\u00e7in daha az kimyasal kullan\u0131m\u0131<\/li><li>Daha uzun hizmet \u00f6mr\u00fc ve daha d\u00fc\u015f\u00fck re\u00e7ine de\u011fi\u015ftirme maliyetleri<\/li><\/ul>\n\n\n\n<h5 class=\"wp-block-heading\"><strong>Uygulamalar<\/strong><\/h5>\n\n\n\n<ul class=\"wp-block-list\"><li>Deniz suyu \/ ac\u0131 su tuzdan ar\u0131nd\u0131rma<\/li><li>PFAS kald\u0131rma<\/li><li>Sel\u00fcloz ve Ka\u011f\u0131t y\u00fcksek safl\u0131kta su \u00fcretimi<\/li><li>Tekstil y\u00fcksek safl\u0131kta su \u00fcretimi<\/li><li>Petrol ve gaz rafinerilerinde yumu\u015fama<\/li><li>Y\u00fcksek safl\u0131kta end\u00fcstriyel su \u00fcretimi<\/li><li>\u00dcretilen su ar\u0131tma<\/li><li>Yumu\u015fatma ve s\u00fclfat giderme<\/li><li>Suyu ac\u0131kt\u0131rma<\/li><li>G\u0131da i\u015flemlerinde demineralizasyon<\/li><\/ul>\n","protected":false},"excerpt":{"rendered":"<p>RecoPur \u00dcretilen Su Yumu\u015fat\u0131c\u0131lar\u0131, g\u00fcvenlik, maliyetler, kimyasal t\u00fcketimi, at\u0131k \u00fcretimi ve ekipman ayak izi s\u00f6z konusu oldu\u011funda geleneksel yumu\u015fat\u0131c\u0131lardan daha iyi performans g\u00f6sterir. Bu yumu\u015fat\u0131c\u0131lar, rejenerasyon i\u00e7in% 80&#8217;e kadar daha az tuz ve at\u0131k kullan\u0131r ve rejenerasyon i\u00e7in asit ve kostik ihtiyac\u0131n\u0131 ortadan kald\u0131r\u0131r. RecoPur sistemi kompakt olacak, kolayca kurulacak ve \u00e7al\u0131\u015ft\u0131r\u0131lacak ve etkili re\u00e7ine [&hellip;]<\/p>\n","protected":false},"author":1,"featured_media":0,"parent":1190,"menu_order":0,"comment_status":"closed","ping_status":"closed","template":"pages\/page-full.php","meta":{"footnotes":""},"class_list":["post-1238","page","type-page","status-publish","hentry"],"_links":{"self":[{"href":"https:\/\/akafor.com\/en\/wp-json\/wp\/v2\/pages\/1238","targetHints":{"allow":["GET"]}}],"collection":[{"href":"https:\/\/akafor.com\/en\/wp-json\/wp\/v2\/pages"}],"about":[{"href":"https:\/\/akafor.com\/en\/wp-json\/wp\/v2\/types\/page"}],"author":[{"embeddable":true,"href":"https:\/\/akafor.com\/en\/wp-json\/wp\/v2\/users\/1"}],"replies":[{"embeddable":true,"href":"https:\/\/akafor.com\/en\/wp-json\/wp\/v2\/comments?post=1238"}],"version-history":[{"count":1,"href":"https:\/\/akafor.com\/en\/wp-json\/wp\/v2\/pages\/1238\/revisions"}],"predecessor-version":[{"id":1240,"href":"https:\/\/akafor.com\/en\/wp-json\/wp\/v2\/pages\/1238\/revisions\/1240"}],"up":[{"embeddable":true,"href":"https:\/\/akafor.com\/en\/wp-json\/wp\/v2\/pages\/1190"}],"wp:attachment":[{"href":"https:\/\/akafor.com\/en\/wp-json\/wp\/v2\/media?parent=1238"}],"curies":[{"name":"wp","href":"https:\/\/api.w.org\/{rel}","templated":true}]}}