{"id":1241,"date":"2021-05-26T12:32:34","date_gmt":"2021-05-26T09:32:34","guid":{"rendered":"https:\/\/neyesek.co\/?page_id=1241"},"modified":"2021-06-24T16:08:10","modified_gmt":"2021-06-24T13:08:10","slug":"recoflo-triflo-iyon-degisimi","status":"publish","type":"page","link":"https:\/\/akafor.com\/en\/iyon-degistirici-sistemler\/iyon-degistirici-recineler\/recoflo-triflo-iyon-degisimi\/","title":{"rendered":"Recoflo\u00ae Triflo &#x2122; \u0130YON DE\u011e\u0130\u015e\u0130M\u0130"},"content":{"rendered":"\n<div class=\"wp-block-media-text alignwide has-media-on-the-right is-stacked-on-mobile\"><figure class=\"wp-block-media-text__media\"><img decoding=\"async\" src=\"https:\/\/akafor.com\/wp-content\/uploads\/2021\/05\/Recoflo\u00ae-Triflo&#x2122;-Demineralizer.png\" alt=\"\" class=\"wp-image-1242 size-full\"\/><\/figure><div class=\"wp-block-media-text__content\">\n<p>Recoflo Triflo Demineralizer, kritik ve s\u00fcper kritik kazanlar\u0131 beslemek i\u00e7in ultra saf su \u00fcretir. Tescilli Recoflo iyon de\u011fi\u015fim re\u00e7inemizi kullanan Triflo Demineralizer, 450 ppm TDS&#8217;ye kadar besleme suyunu tolere etmek i\u00e7in ekonomik olarak ve g\u00fc\u00e7l\u00fc ekipmanla y\u00fcksek kaliteli su elde eder.<\/p>\n<\/div><\/div>\n\n\n\n<h5 class=\"wp-block-heading\"><strong>Faydalar\u0131<\/strong><\/h5>\n\n\n\n<ul class=\"wp-block-list\"><li>Geleneksel iyon de\u011fi\u015ftirme sistemlerinden daha k\u00fc\u00e7\u00fck ayak izi<\/li><li>Rejenerasyon i\u00e7in daha az tuz ve at\u0131k<\/li><li>Kolay ve h\u0131zl\u0131 kurulum<\/li><li>Daha fazla g\u00fcvenlik i\u00e7in daha az kimyasal kullan\u0131m\u0131<\/li><li>Daha uzun hizmet \u00f6mr\u00fc ve daha d\u00fc\u015f\u00fck re\u00e7ine de\u011fi\u015ftirme maliyetleri<\/li><\/ul>\n\n\n\n<h5 class=\"wp-block-heading\"><strong>Uygulamalar<\/strong><\/h5>\n\n\n\n<ul class=\"wp-block-list\"><li>Deniz suyu \/ ac\u0131 su tuzdan ar\u0131nd\u0131rma<\/li><li>PFAS kald\u0131rma<\/li><li>Sel\u00fcloz ve Ka\u011f\u0131t y\u00fcksek safl\u0131kta su \u00fcretimi<\/li><li>Tekstil y\u00fcksek safl\u0131kta su \u00fcretimi<\/li><li>Petrol ve gaz rafinerilerinde yumu\u015fama<\/li><li>Y\u00fcksek safl\u0131kta end\u00fcstriyel su \u00fcretimi<\/li><li>\u00dcretilen su ar\u0131tma<\/li><li>Yumu\u015fatma ve s\u00fclfat giderme<\/li><li>Suyu ac\u0131kt\u0131rma<\/li><li>G\u0131da i\u015flemlerinde demineralizasyon<\/li><\/ul>\n","protected":false},"excerpt":{"rendered":"<p>Recoflo Triflo Demineralizer, kritik ve s\u00fcper kritik kazanlar\u0131 beslemek i\u00e7in ultra saf su \u00fcretir. Tescilli Recoflo iyon de\u011fi\u015fim re\u00e7inemizi kullanan Triflo Demineralizer, 450 ppm TDS&#8217;ye kadar besleme suyunu tolere etmek i\u00e7in ekonomik olarak ve g\u00fc\u00e7l\u00fc ekipmanla y\u00fcksek kaliteli su elde eder. Faydalar\u0131 Geleneksel iyon de\u011fi\u015ftirme sistemlerinden daha k\u00fc\u00e7\u00fck ayak izi Rejenerasyon i\u00e7in daha az tuz [&hellip;]<\/p>\n","protected":false},"author":1,"featured_media":0,"parent":1190,"menu_order":0,"comment_status":"closed","ping_status":"closed","template":"pages\/page-full.php","meta":{"footnotes":""},"class_list":["post-1241","page","type-page","status-publish","hentry"],"_links":{"self":[{"href":"https:\/\/akafor.com\/en\/wp-json\/wp\/v2\/pages\/1241","targetHints":{"allow":["GET"]}}],"collection":[{"href":"https:\/\/akafor.com\/en\/wp-json\/wp\/v2\/pages"}],"about":[{"href":"https:\/\/akafor.com\/en\/wp-json\/wp\/v2\/types\/page"}],"author":[{"embeddable":true,"href":"https:\/\/akafor.com\/en\/wp-json\/wp\/v2\/users\/1"}],"replies":[{"embeddable":true,"href":"https:\/\/akafor.com\/en\/wp-json\/wp\/v2\/comments?post=1241"}],"version-history":[{"count":1,"href":"https:\/\/akafor.com\/en\/wp-json\/wp\/v2\/pages\/1241\/revisions"}],"predecessor-version":[{"id":1243,"href":"https:\/\/akafor.com\/en\/wp-json\/wp\/v2\/pages\/1241\/revisions\/1243"}],"up":[{"embeddable":true,"href":"https:\/\/akafor.com\/en\/wp-json\/wp\/v2\/pages\/1190"}],"wp:attachment":[{"href":"https:\/\/akafor.com\/en\/wp-json\/wp\/v2\/media?parent=1241"}],"curies":[{"name":"wp","href":"https:\/\/api.w.org\/{rel}","templated":true}]}}