{"id":1247,"date":"2021-05-26T14:02:55","date_gmt":"2021-05-26T11:02:55","guid":{"rendered":"https:\/\/neyesek.co\/?page_id=1247"},"modified":"2021-06-24T16:08:56","modified_gmt":"2021-06-24T13:08:56","slug":"spectrum-plus-filtre","status":"publish","type":"page","link":"https:\/\/akafor.com\/en\/iyon-degistirici-sistemler\/iyon-degistirici-recineler\/spectrum-plus-filtre\/","title":{"rendered":"SPECTRUM PLUS F\u0130LTRE&#x2122;"},"content":{"rendered":"\n<div class=\"wp-block-media-text alignwide has-media-on-the-right is-stacked-on-mobile\"><figure class=\"wp-block-media-text__media\"><img decoding=\"async\" src=\"https:\/\/akafor.com\/wp-content\/uploads\/2021\/05\/Spectrum-Plus-Filter&#x2122;-System.png\" alt=\"\" class=\"wp-image-1248 size-full\"\/><\/figure><div class=\"wp-block-media-text__content\">\n<p>Spectrum Plus Filtre, iki par\u00e7ac\u0131kl\u0131 medyum katman\u0131 ve patentli bir geri y\u0131kama i\u015flemi kullanarak y\u00fcksek bir performans seviyesi elde eder. Kaba ortam\u0131n \u00fcst katman\u0131, b\u00fcy\u00fck par\u00e7ac\u0131klar\u0131n derinlik filtrelemesini sa\u011flayarak daha uzun bir hizmet d\u00f6ng\u00fcs\u00fcne izin verirken, tescilli, \u00e7ok yo\u011fun ince cilalama ortam\u0131n\u0131n alt katman\u0131 daha k\u00fc\u00e7\u00fck par\u00e7ac\u0131klar i\u00e7in y\u00fczey filtrasyonu sa\u011flar. Bu filtre, a\u015fa\u011f\u0131 ak\u0131\u015f petrol ve gaz operasyonlar\u0131nda kullan\u0131lmadan \u00f6nce \u00fcretilen suyu ar\u0131tmak ve ya\u011f ve kat\u0131 i\u00e7eri\u011fini azaltmak i\u00e7in tasarlanm\u0131\u015ft\u0131r.<\/p>\n<\/div><\/div>\n\n\n\n<h5 class=\"wp-block-heading\"><strong>Faydalar\u0131<\/strong><\/h5>\n\n\n\n<ul class=\"wp-block-list\"><li>At\u0131k ak\u0131\u015f\u0131nda% 90\u2019a varan azalma<\/li><li>100 NTU kadar y\u00fcksek bulan\u0131kl\u0131\u011fa sahip de\u011fi\u015fken besleme suyunu i\u015fler<\/li><li>Tam otomatik, kolay kurulum<\/li><li>Azalt\u0131lm\u0131\u015f ayak izi<\/li><li>Azalt\u0131lm\u0131\u015f at\u0131k hacmi ve i\u015fletme maliyetleri<\/li><\/ul>\n\n\n\n<h5 class=\"wp-block-heading\"><strong>Uygulamalars<\/strong><\/h5>\n\n\n\n<ul class=\"wp-block-list\"><li>Deniz suyu \/ ac\u0131 su tuzdan ar\u0131nd\u0131rma<\/li><li>Petrol ve gaz rafinerilerinde filtrasyon<\/li><\/ul>\n","protected":false},"excerpt":{"rendered":"<p>Spectrum Plus Filtre, iki par\u00e7ac\u0131kl\u0131 medyum katman\u0131 ve patentli bir geri y\u0131kama i\u015flemi kullanarak y\u00fcksek bir performans seviyesi elde eder. Kaba ortam\u0131n \u00fcst katman\u0131, b\u00fcy\u00fck par\u00e7ac\u0131klar\u0131n derinlik filtrelemesini sa\u011flayarak daha uzun bir hizmet d\u00f6ng\u00fcs\u00fcne izin verirken, tescilli, \u00e7ok yo\u011fun ince cilalama ortam\u0131n\u0131n alt katman\u0131 daha k\u00fc\u00e7\u00fck par\u00e7ac\u0131klar i\u00e7in y\u00fczey filtrasyonu sa\u011flar. Bu filtre, a\u015fa\u011f\u0131 ak\u0131\u015f [&hellip;]<\/p>\n","protected":false},"author":1,"featured_media":0,"parent":1190,"menu_order":0,"comment_status":"closed","ping_status":"closed","template":"pages\/page-full.php","meta":{"footnotes":""},"class_list":["post-1247","page","type-page","status-publish","hentry"],"_links":{"self":[{"href":"https:\/\/akafor.com\/en\/wp-json\/wp\/v2\/pages\/1247","targetHints":{"allow":["GET"]}}],"collection":[{"href":"https:\/\/akafor.com\/en\/wp-json\/wp\/v2\/pages"}],"about":[{"href":"https:\/\/akafor.com\/en\/wp-json\/wp\/v2\/types\/page"}],"author":[{"embeddable":true,"href":"https:\/\/akafor.com\/en\/wp-json\/wp\/v2\/users\/1"}],"replies":[{"embeddable":true,"href":"https:\/\/akafor.com\/en\/wp-json\/wp\/v2\/comments?post=1247"}],"version-history":[{"count":1,"href":"https:\/\/akafor.com\/en\/wp-json\/wp\/v2\/pages\/1247\/revisions"}],"predecessor-version":[{"id":1249,"href":"https:\/\/akafor.com\/en\/wp-json\/wp\/v2\/pages\/1247\/revisions\/1249"}],"up":[{"embeddable":true,"href":"https:\/\/akafor.com\/en\/wp-json\/wp\/v2\/pages\/1190"}],"wp:attachment":[{"href":"https:\/\/akafor.com\/en\/wp-json\/wp\/v2\/media?parent=1247"}],"curies":[{"name":"wp","href":"https:\/\/api.w.org\/{rel}","templated":true}]}}