{"id":1255,"date":"2021-05-26T14:38:27","date_gmt":"2021-05-26T11:38:27","guid":{"rendered":"https:\/\/neyesek.co\/?page_id=1255"},"modified":"2021-06-24T16:10:03","modified_gmt":"2021-06-24T13:10:03","slug":"drenajlama-bandi","status":"publish","type":"page","link":"https:\/\/akafor.com\/en\/gida-endustri-makineleri\/urunler\/peynir-yapimi\/drenajlama-bandi\/","title":{"rendered":"DRENAJLAMA BANDI"},"content":{"rendered":"\n<div class=\"wp-block-media-text alignwide has-media-on-the-right is-stacked-on-mobile\" style=\"grid-template-columns:auto 51%\"><figure class=\"wp-block-media-text__media\"><img loading=\"lazy\" decoding=\"async\" width=\"487\" height=\"353\" src=\"https:\/\/akafor.com\/wp-content\/uploads\/2021\/05\/Drenajlama-Bandi.png\" alt=\"\" class=\"wp-image-1256 size-full\" srcset=\"https:\/\/akafor.com\/wp-content\/uploads\/2021\/05\/Drenajlama-Bandi.png 487w, https:\/\/akafor.com\/wp-content\/uploads\/2021\/05\/Drenajlama-Bandi-300x217.png 300w\" sizes=\"auto, (max-width: 487px) 100vw, 487px\" \/><\/figure><div class=\"wp-block-media-text__content\">\n<p>Ama\u00e7, m\u00fc\u015fteriye \u00e7ok \u00e7e\u015fitli peynirlere uyacak en hijyenik, sa\u011flam \u00e7\u00f6z\u00fcmleri sunmakt\u0131r. Bantlama, orta\u011f\u0131m\u0131z taraf\u0131ndan \u00f6zellikle peynir uygulamalar\u0131 i\u00e7in tasarlanm\u0131\u015f ve \u00fcretilmi\u015ftir; buradan, savak tasar\u0131m\u0131, lor y\u00fcksekli\u011fi, tutma s\u00fcresi ve kar\u0131\u015ft\u0131r\u0131c\u0131lar\u0131n stili \/ say\u0131s\u0131 dahil olmak \u00fczere peynir t\u00fcr\u00fc i\u00e7in y\u00fcksek derecede \u00f6zelle\u015ftirme m\u00fcmk\u00fcnd\u00fcr.<\/p>\n<\/div><\/div>\n\n\n\n<h4 class=\"wp-block-heading\">\u00d6zellikleri<\/h4>\n\n\n\n<ul class=\"wp-block-list\"><li>D\u00f6rt farkl\u0131 bant geni\u015fli\u011fi art\u0131k saatte 2.000 \u00fcr\u00fcnden saatte 33.000 \u00fcr\u00fcne kadar kesintisiz bantlar i\u00e7in kapasitelere izin veriyor<\/li><li>Kontroll\u00fc peynir ortam\u0131 i\u00e7in tamamen kapal\u0131 makine<\/li><li>Bak\u0131m i\u00e7in bir u\u00e7tan \u00e7\u0131kar\u0131labilir panel<\/li><li>Peynir kesmelerinde maksimum kat\u0131 tutma i\u00e7in ayarlanabilir &#8220;Wedge Wire Screen&#8221; peynir alt\u0131 suyunu giderme sistemi<\/li><li>Temperlenmi\u015f su ilavesi, lordan laktoz uzakla\u015ft\u0131r\u0131lmas\u0131n\u0131 en \u00fcst d\u00fczeye \u00e7\u0131kar\u0131r<\/li><li>Etkili lor ajitasyonu ve maksimum lor kat\u0131lar\u0131n\u0131n tutulmas\u0131 i\u00e7in dikey d\u00fcbel kar\u0131\u015ft\u0131rma<\/li><li>&#8220;Herring Bone&#8221; kay\u0131\u015f yata\u011f\u0131 tasar\u0131m\u0131, kay\u0131\u015f \u00f6mr\u00fcn\u00fc ve performans\u0131n\u0131 en \u00fcst d\u00fczeye \u00e7\u0131kar\u0131r<\/li><li>Drenaj ve Paspas Kay\u0131\u015f\u0131 # 1 ile Paspas Kay\u0131\u015f\u0131 # 2 aras\u0131ndaki CIP kapatma cihaz\u0131, daha h\u0131zl\u0131 CIP d\u00f6n\u00fc\u015f\u00fcne izin verir<\/li><\/ul>\n\n\n\n<h4 class=\"wp-block-heading\">Faydalar\u0131<\/h4>\n\n\n\n<ul class=\"wp-block-list\"><li>Hijyen ve bak\u0131m a\u00e7\u0131s\u0131ndan s\u0131n\u0131f\u0131n\u0131n en iyisi<\/li><\/ul>\n","protected":false},"excerpt":{"rendered":"<p>Ama\u00e7, m\u00fc\u015fteriye \u00e7ok \u00e7e\u015fitli peynirlere uyacak en hijyenik, sa\u011flam \u00e7\u00f6z\u00fcmleri sunmakt\u0131r. Bantlama, orta\u011f\u0131m\u0131z taraf\u0131ndan \u00f6zellikle peynir uygulamalar\u0131 i\u00e7in tasarlanm\u0131\u015f ve \u00fcretilmi\u015ftir; buradan, savak tasar\u0131m\u0131, lor y\u00fcksekli\u011fi, tutma s\u00fcresi ve kar\u0131\u015ft\u0131r\u0131c\u0131lar\u0131n stili \/ say\u0131s\u0131 dahil olmak \u00fczere peynir t\u00fcr\u00fc i\u00e7in y\u00fcksek derecede \u00f6zelle\u015ftirme m\u00fcmk\u00fcnd\u00fcr. \u00d6zellikleri D\u00f6rt farkl\u0131 bant geni\u015fli\u011fi art\u0131k saatte 2.000 \u00fcr\u00fcnden saatte 33.000 \u00fcr\u00fcne [&hellip;]<\/p>\n","protected":false},"author":1,"featured_media":0,"parent":1252,"menu_order":0,"comment_status":"closed","ping_status":"closed","template":"pages\/page-full.php","meta":{"footnotes":""},"class_list":["post-1255","page","type-page","status-publish","hentry"],"_links":{"self":[{"href":"https:\/\/akafor.com\/en\/wp-json\/wp\/v2\/pages\/1255","targetHints":{"allow":["GET"]}}],"collection":[{"href":"https:\/\/akafor.com\/en\/wp-json\/wp\/v2\/pages"}],"about":[{"href":"https:\/\/akafor.com\/en\/wp-json\/wp\/v2\/types\/page"}],"author":[{"embeddable":true,"href":"https:\/\/akafor.com\/en\/wp-json\/wp\/v2\/users\/1"}],"replies":[{"embeddable":true,"href":"https:\/\/akafor.com\/en\/wp-json\/wp\/v2\/comments?post=1255"}],"version-history":[{"count":2,"href":"https:\/\/akafor.com\/en\/wp-json\/wp\/v2\/pages\/1255\/revisions"}],"predecessor-version":[{"id":1753,"href":"https:\/\/akafor.com\/en\/wp-json\/wp\/v2\/pages\/1255\/revisions\/1753"}],"up":[{"embeddable":true,"href":"https:\/\/akafor.com\/en\/wp-json\/wp\/v2\/pages\/1252"}],"wp:attachment":[{"href":"https:\/\/akafor.com\/en\/wp-json\/wp\/v2\/media?parent=1255"}],"curies":[{"name":"wp","href":"https:\/\/api.w.org\/{rel}","templated":true}]}}