{"id":1276,"date":"2021-05-27T11:43:03","date_gmt":"2021-05-27T08:43:03","guid":{"rendered":"https:\/\/neyesek.co\/?page_id=1276"},"modified":"2021-06-24T16:37:31","modified_gmt":"2021-06-24T13:37:31","slug":"tru-block-blok-formlama-makinesi","status":"publish","type":"page","link":"https:\/\/akafor.com\/en\/gida-endustri-makineleri\/urunler\/peynir-yapimi\/tru-block-blok-formlama-makinesi\/","title":{"rendered":"TRU-BLOCK&#x2122; BLOK FORMLAMA MAK\u0130NES\u0130"},"content":{"rendered":"\n<div class=\"wp-block-media-text alignwide has-media-on-the-right is-stacked-on-mobile\"><figure class=\"wp-block-media-text__media\"><img decoding=\"async\" src=\"https:\/\/akafor.com\/wp-content\/uploads\/2021\/05\/TRU-BLOCK&#x2122;-Blok-Formlama-Makinesi.png\" alt=\"\" class=\"wp-image-1277 size-full\"\/><\/figure><div class=\"wp-block-media-text__content\">\n<p>RELCO, tesisinizi en son blok \u015fekillendirme teknolojisiyle, USDA y\u00f6nergelerine g\u00f6re tasarlanm\u0131\u015f y\u00fcksek kaliteli, a\u011f\u0131r hizmet tipi bir blok \u015fekillendirici olan TRU-BLOCK &#x2122; Blok \u015eekillendirici ile donatabilir. RELCO M\u00fchendisleri, benzersiz operasyonunuzu en \u00fcst d\u00fczeye \u00e7\u0131karmak i\u00e7in do\u011fru \u00fcr\u00fcn kombinasyonunu bir araya getirmek i\u00e7in sizinle ortakl\u0131k kurar. RELCO, d\u00fcnya \u00e7ap\u0131nda 400&#8217;\u00fcn \u00fczerinde blok olu\u015fturucu kurmu\u015ftur.<\/p>\n<\/div><\/div>\n\n\n\n<p>RELCO\u00ae TRU-BLOCK &#x2122; Blok olu\u015fturucuda iyile\u015ftirmeler m\u00fc\u015fteri g\u00f6z \u00f6n\u00fcnde bulundurularak yap\u0131lm\u0131\u015ft\u0131r. M\u00fc\u015fteri geri bildirimlerini ve kendi kapsaml\u0131 tasar\u0131m deneyimimizi kullanarak RELCO, verimli bir blok \u015fekillendirici sunabilir.<\/p>\n\n\n\n<h4 class=\"wp-block-heading\">\u00d6ZELL\u0130KLER &amp; FAYDALAR<\/h4>\n\n\n\n<ul class=\"wp-block-list\"><li>Blok \u00f6nceki i\u015flem parametrelerini g\u00f6r\u00fcnt\u00fclemek i\u00e7in basitle\u015ftirilmi\u015f kullan\u0131c\u0131 aray\u00fcz\u00fc ve bile\u015fen d\u00f6ng\u00fcleri temelinde \u00f6nerilen bak\u0131mlar sunar<\/li><li>Patenti beklemede olan Tower Screen, yo\u011fun delikli \u0131zgaras\u0131na ve iyile\u015ftirilmi\u015f mukavemete sahiptir<\/li><li>Pop-up tepsi, blok olu\u015fturucu haznesinden torbalay\u0131c\u0131 \u00e7enelerine ve \u00fcr\u00fcne ge\u00e7i\u015fleri ortadan kald\u0131rmak i\u00e7in mente\u015felidir<\/li><li>Platform asans\u00f6r\u00fc, en do\u011fru platform y\u00fckseklik kontrol\u00fc (+\/- .003 in\u00e7 dahilinde) i\u00e7in hareket kontroll\u00fc bir bilyal\u0131 vidal\u0131 akt\u00fcat\u00f6r kullan\u0131r<\/li><li>Giyotin Kapak, h\u0131zl\u0131 ve kolay inceleme i\u00e7in h\u0131zl\u0131 kelep\u00e7eler tak\u0131l\u0131d\u0131r<\/li><li>Izgara ve kule aras\u0131ndaki minimum bo\u015fluk, lor peynirlerinde bloklara m\u00fckemmel lor f\u00fczyonu sa\u011flar<\/li><li>D\u00fcz contalar\u0131n yerin O-Ring contalar yer al\u0131r ve TRU-BLOCK &#x2122; daha sa\u011fl\u0131kl\u0131 hale gelir<\/li><li>Daha az alan kullanmak i\u00e7in ayak izi azalt\u0131ld\u0131<\/li><li>Whey Gallery, m\u00fcmk\u00fcn olan en iyi blok bitirme i\u00e7in peynir s\u00fctunundaki ge\u00e7i\u015fleri azaltan blok \u015fekillendirici haznesine entegre edilmi\u015ftir<\/li><li>Kap\u0131 mekanizmas\u0131 do\u011frudan blok olu\u015fturucu b\u00f6lmesine monte edilir, hizalamay\u0131 iyile\u015ftirir, a\u015f\u0131nmay\u0131 azalt\u0131r ve g\u00fcvenilir bir s\u0131zd\u0131rmazl\u0131k sa\u011flar<\/li><li>Sa\u011flam platform montaj mekanizmas\u0131 bak\u0131m\u0131 basitle\u015ftirir ve azalt\u0131r<\/li><li>Patent bekleyen Dual-Viton hazne s\u0131zd\u0131rmazl\u0131k teknolojisi, s\u0131hhi ve s\u0131hhi olmayan par\u00e7alar\u0131n ayr\u0131lmas\u0131 i\u00e7in atomosferik bir d\u0131\u015f bo\u015flu\u011fa sahip bir s\u0131z\u0131nt\u0131 tespit haznesi i\u00e7erir ve daha y\u00fcksek performans ve kullan\u0131m \u00f6mr\u00fc i\u00e7in tasarlanm\u0131\u015ft\u0131r<\/li><li>Kule \u00fcst\u00fc, basit inceleme s\u00fcreci i\u00e7in kolayca \u00e7\u0131kar\u0131labilir<\/li><li>Kule CIP ak\u0131\u015f\u0131, en verimli temizlik i\u00e7in perde aras\u0131nda ve kulenin i\u00e7inde pozitif olarak y\u00f6nlendirilir<\/li><li>Solenoid valf stili, solenoid grubu s\u00f6kmeden silindir solenoidlerinin de\u011fi\u015ftirilmesi i\u00e7in daha kolay bak\u0131m sa\u011flar<\/li><li>Blok \u015fekillendirici taban\u0131, su ve d\u00f6k\u00fcnt\u00fcden ar\u0131nd\u0131r\u0131lm\u0131\u015f olacak \u015fekilde e\u011fimlidir<\/li><li>Otomasyon, \u0130lk Doldurma, Normal \u0130\u015flemler ve Kulelerin Bo\u015falt\u0131lmas\u0131 i\u00e7in dizilerle standart olarak gelir, kule verimlili\u011fini en \u00fcst d\u00fczeye \u00e7\u0131kar\u0131r (her \u00fc\u00e7 i\u015flemde de)<\/li><li>Mevcut s\u00fcre\u00e7lerle tam entegrasyon i\u00e7in tam otomasyon yetenekleri<\/li><li>Vakum seviyelerinin ve hava ak\u0131\u015f\u0131n\u0131n do\u011fru y\u00f6netimi i\u00e7in Hava Y\u00f6netim Sistemi, maksimum peynir ge\u00e7i\u015fine izin verir<\/li><li>20 kg&#8217;l\u0131k bir peynir blo\u011fu i\u00e7in tipik blok boyutlar\u0131 11 &#8220;G x 14&#8221; U x 7 &#8211; 7.25 &#8220;Y (280 mm G x 356 mm U x 178 &#8211; 184 mm Y) olacakt\u0131r &#8211; bitmi\u015f y\u00fckseklik de\u011fi\u015fkendir<\/li><li>RELCO taraf\u0131ndan tedarik edilen t\u00fcm ekipmanlar, \u00f6zellikle belirtilmedik\u00e7e, bu teklif tarihi itibariyle y\u00fcr\u00fcrl\u00fckte olan s\u00fct \u00fcr\u00fcnleri ekipman\u0131 i\u00e7in ge\u00e7erli 3A standartlar\u0131na ve USDA y\u00f6nergelerine ve h\u00fck\u00fcmet d\u00fczenlemelerine g\u00f6re \u00fcretilmi\u015ftir<\/li><\/ul>\n\n\n\n<h4 class=\"wp-block-heading\">\u00dcRET\u0130M KAB\u0130L\u0130YETLER\u0130<\/h4>\n\n\n\n<ul class=\"wp-block-list\"><li>18 \u2019Standart Kule (saatte 907 kg&#8217;a kadar)<\/li><li>22 \u2019Geni\u015fletilmi\u015f Kule (saatte 1.134 kg&#8217;a kadar)<\/li><li>32 &#8216;Y\u00fcksek Kapasiteli Kule (saatte 1.588 kg&#8217;a kadar)<\/li><\/ul>\n","protected":false},"excerpt":{"rendered":"<p>RELCO, tesisinizi en son blok \u015fekillendirme teknolojisiyle, USDA y\u00f6nergelerine g\u00f6re tasarlanm\u0131\u015f y\u00fcksek kaliteli, a\u011f\u0131r hizmet tipi bir blok \u015fekillendirici olan TRU-BLOCK &#x2122; Blok \u015eekillendirici ile donatabilir. RELCO M\u00fchendisleri, benzersiz operasyonunuzu en \u00fcst d\u00fczeye \u00e7\u0131karmak i\u00e7in do\u011fru \u00fcr\u00fcn kombinasyonunu bir araya getirmek i\u00e7in sizinle ortakl\u0131k kurar. RELCO, d\u00fcnya \u00e7ap\u0131nda 400&#8217;\u00fcn \u00fczerinde blok olu\u015fturucu kurmu\u015ftur. RELCO\u00ae TRU-BLOCK [&hellip;]<\/p>\n","protected":false},"author":1,"featured_media":0,"parent":1252,"menu_order":0,"comment_status":"closed","ping_status":"closed","template":"pages\/page-full.php","meta":{"footnotes":""},"class_list":["post-1276","page","type-page","status-publish","hentry"],"_links":{"self":[{"href":"https:\/\/akafor.com\/en\/wp-json\/wp\/v2\/pages\/1276","targetHints":{"allow":["GET"]}}],"collection":[{"href":"https:\/\/akafor.com\/en\/wp-json\/wp\/v2\/pages"}],"about":[{"href":"https:\/\/akafor.com\/en\/wp-json\/wp\/v2\/types\/page"}],"author":[{"embeddable":true,"href":"https:\/\/akafor.com\/en\/wp-json\/wp\/v2\/users\/1"}],"replies":[{"embeddable":true,"href":"https:\/\/akafor.com\/en\/wp-json\/wp\/v2\/comments?post=1276"}],"version-history":[{"count":1,"href":"https:\/\/akafor.com\/en\/wp-json\/wp\/v2\/pages\/1276\/revisions"}],"predecessor-version":[{"id":1278,"href":"https:\/\/akafor.com\/en\/wp-json\/wp\/v2\/pages\/1276\/revisions\/1278"}],"up":[{"embeddable":true,"href":"https:\/\/akafor.com\/en\/wp-json\/wp\/v2\/pages\/1252"}],"wp:attachment":[{"href":"https:\/\/akafor.com\/en\/wp-json\/wp\/v2\/media?parent=1276"}],"curies":[{"name":"wp","href":"https:\/\/api.w.org\/{rel}","templated":true}]}}