{"id":1310,"date":"2021-05-28T10:22:36","date_gmt":"2021-05-28T07:22:36","guid":{"rendered":"https:\/\/neyesek.co\/?page_id=1310"},"modified":"2021-06-24T16:56:50","modified_gmt":"2021-06-24T13:56:50","slug":"permat-kurutma-sistemleri","status":"publish","type":"page","link":"https:\/\/akafor.com\/en\/gida-endustri-makineleri\/urunler\/kurutma-sistemleri\/permat-kurutma-sistemleri\/","title":{"rendered":"PERMAT KURUTMA S\u0130STEMLER\u0130"},"content":{"rendered":"\n<div class=\"wp-block-media-text alignwide has-media-on-the-right is-stacked-on-mobile\"><figure class=\"wp-block-media-text__media\"><img loading=\"lazy\" decoding=\"async\" width=\"492\" height=\"362\" src=\"https:\/\/akafor.com\/wp-content\/uploads\/2021\/05\/PERMAT-KURUTMA-SISTEMLERI.png\" alt=\"\" class=\"wp-image-1311 size-full\" srcset=\"https:\/\/akafor.com\/wp-content\/uploads\/2021\/05\/PERMAT-KURUTMA-SISTEMLERI.png 492w, https:\/\/akafor.com\/wp-content\/uploads\/2021\/05\/PERMAT-KURUTMA-SISTEMLERI-300x221.png 300w\" sizes=\"auto, (max-width: 492px) 100vw, 492px\" \/><\/figure><div class=\"wp-block-media-text__content\">\n<p>RELCO\u00ae\u2019nun L-TECH &#x2122; Permeat Kurutma Sistemi, s\u00fct veya peynir alt\u0131 suyu filtrasyonundan kaynaklanan yenilebilir permeat\u0131 kurutmak i\u00e7in \u00f6zel olarak tasarlanm\u0131\u015ft\u0131r. Kat\u0131lar, bir Hi-Con buharla\u015ft\u0131r\u0131c\u0131 arac\u0131l\u0131\u011f\u0131yla y\u00fczde 60 ila 70+ aras\u0131nda konsantre edilir. Sistemin \u00dc\u00e7l\u00fc C \u0130\u015flemcisi, kar\u015f\u0131 ak\u0131m ak\u0131\u015f\u0131yla y\u00fcksek kat\u0131 madde n\u00fcfuzunu s\u00fcrekli so\u011futma ve kristalle\u015ftirme yetene\u011fine sahiptir ve y\u00fczde 75&#8217;e yak\u0131n seviyelerde daha fazla kat\u0131 konsantrasyonu sa\u011flar.<\/p>\n<\/div><\/div>\n\n\n\n<p>L-TECH&#x2122; Permeat Kurutma Kurutma Sistemi Hava Kald\u0131rmal\u0131, kal\u0131\u015f Sistemi uzatarak alttan besleyici. B\u00f6lmenin alt k\u0131sm\u0131ndaki entegre ak\u0131\u015fkan yatak, ikinci a\u015fama kurutma ve ince tane aglomerasyonu sa\u011flar. Geri kazan\u0131lan ince taneler, aglomerasyon i\u00e7in kurutma odas\u0131na ta\u015f\u0131n\u0131r.<\/p>\n\n\n\n<h4 class=\"wp-block-heading\">\u00d6ZELL\u0130KLER &amp; FAYDALAR<\/h4>\n\n\n\n<ul class=\"wp-block-list\"><li>HiCon Evaporat\u00f6rde maksimum su tahliyesi, kurutucunun boyutunu ve enerji gereksinimlerini en aza indirir<\/li><li>S\u00fcrekli kristalizasyon, laktoz kristalle\u015fme derecesini iyile\u015ftirir ve kurutucuda tozun yap\u0131\u015fkanl\u0131\u011f\u0131n\u0131 azalt\u0131r<\/li><li>S\u00fcrekli kristalizasyon, kristalle\u015ftirici sermayesini ve so\u011futma giderlerini en aza indirir<\/li><li>Tutma s\u00fcresini uzatmak i\u00e7in alttan beslemeli kurutucu<\/li><li>RELCO taraf\u0131ndan tedarik edilen t\u00fcm ekipmanlar, \u00f6zellikle belirtilmedik\u00e7e, bu teklif tarihi itibariyle y\u00fcr\u00fcrl\u00fckte olan s\u00fct \u00fcr\u00fcnleri ekipman\u0131 i\u00e7in ge\u00e7erli 3A standartlar\u0131na ve USDA y\u00f6nergelerine ve h\u00fck\u00fcmet d\u00fczenlemelerine g\u00f6re \u00fcretilmi\u015ftir<\/li><li>Patlama havaland\u0131rmas\u0131, kurutucu odas\u0131 ve torbal\u0131k filtreler \u00fczerinde bulunur<\/li><li>Kolay saha konumu i\u00e7in k\u00fc\u00e7\u00fck bitki ayak izi<\/li><\/ul>\n\n\n\n<h4 class=\"wp-block-heading\">GEL\u0130\u015eM\u0130\u015e PAR\u00c7ALAR<\/h4>\n\n\n\n<h6 class=\"wp-block-heading\">HI-CON EVAPORAT\u00d6R<\/h6>\n\n\n\n<p>D\u00fc\u015f\u00fck kirlenme; kompakt tasar\u0131m; y\u00fcksek kat\u0131 madde elde eder<\/p>\n\n\n\n<h6 class=\"wp-block-heading\">\u00dc\u00c7L\u00dc C \u0130\u015eLEMC\u0130<\/h6>\n\n\n\n<p>S\u00fcrekli \u00fcr\u00fcn ak\u0131\u015f\u0131, kristalizasyon i\u00e7in tanklar\u0131 ortadan kald\u0131r\u0131r; h\u0131zl\u0131 so\u011futma ile konsantrasyon olu\u015fur; giri\u015f beslemesi kristalize olmayan malzemedir<\/p>\n\n\n\n<h6 class=\"wp-block-heading\">NEM G\u0130DER\u0130C\u0130<\/h6>\n\n\n\n<p>Filtre de\u011fi\u015fimi i\u00e7in kolay eri\u015fim; paslanmaz \u00e7elik; yatay istiflenmi\u015f bobinler kompakt tasar\u0131m sa\u011flar; kendini bo\u015faltma<\/p>\n\n\n\n<h6 class=\"wp-block-heading\">TORBA F\u0130LTRE<\/h6>\n\n\n\n<p>Kolay \u00fcstten y\u00fckleme \u00e7antas\u0131, rahat, g\u00fcvenli inceleme; torba \u00f6mr\u00fcn\u00fc uzatmak i\u00e7in tasarlanm\u0131\u015f; g\u00fcvenlik patlama havaland\u0131rma<\/p>\n\n\n\n<h6 class=\"wp-block-heading\">HAVA-L\u0130FT KURUTMA<\/h6>\n\n\n\n<p>Alttan hava ve \u00fcr\u00fcn giri\u015fi iki ge\u00e7i\u015fli kurutmaya izin verir; iki ge\u00e7i\u015fli kurutma, kompakt bir oda tasar\u0131m\u0131yla verimlili\u011fi ve maliyeti art\u0131r\u0131r; emniyetli patlama havaland\u0131rmas\u0131; entegre ak\u0131\u015fkan yatak, kurutmay\u0131 ve ince tanelerin aglomerasyonunu tamamlar<\/p>\n","protected":false},"excerpt":{"rendered":"<p>RELCO\u00ae\u2019nun L-TECH &#x2122; Permeat Kurutma Sistemi, s\u00fct veya peynir alt\u0131 suyu filtrasyonundan kaynaklanan yenilebilir permeat\u0131 kurutmak i\u00e7in \u00f6zel olarak tasarlanm\u0131\u015ft\u0131r. Kat\u0131lar, bir Hi-Con buharla\u015ft\u0131r\u0131c\u0131 arac\u0131l\u0131\u011f\u0131yla y\u00fczde 60 ila 70+ aras\u0131nda konsantre edilir. Sistemin \u00dc\u00e7l\u00fc C \u0130\u015flemcisi, kar\u015f\u0131 ak\u0131m ak\u0131\u015f\u0131yla y\u00fcksek kat\u0131 madde n\u00fcfuzunu s\u00fcrekli so\u011futma ve kristalle\u015ftirme yetene\u011fine sahiptir ve y\u00fczde 75&#8217;e yak\u0131n seviyelerde daha [&hellip;]<\/p>\n","protected":false},"author":1,"featured_media":0,"parent":1293,"menu_order":0,"comment_status":"closed","ping_status":"closed","template":"pages\/page-full.php","meta":{"footnotes":""},"class_list":["post-1310","page","type-page","status-publish","hentry"],"_links":{"self":[{"href":"https:\/\/akafor.com\/en\/wp-json\/wp\/v2\/pages\/1310","targetHints":{"allow":["GET"]}}],"collection":[{"href":"https:\/\/akafor.com\/en\/wp-json\/wp\/v2\/pages"}],"about":[{"href":"https:\/\/akafor.com\/en\/wp-json\/wp\/v2\/types\/page"}],"author":[{"embeddable":true,"href":"https:\/\/akafor.com\/en\/wp-json\/wp\/v2\/users\/1"}],"replies":[{"embeddable":true,"href":"https:\/\/akafor.com\/en\/wp-json\/wp\/v2\/comments?post=1310"}],"version-history":[{"count":1,"href":"https:\/\/akafor.com\/en\/wp-json\/wp\/v2\/pages\/1310\/revisions"}],"predecessor-version":[{"id":1312,"href":"https:\/\/akafor.com\/en\/wp-json\/wp\/v2\/pages\/1310\/revisions\/1312"}],"up":[{"embeddable":true,"href":"https:\/\/akafor.com\/en\/wp-json\/wp\/v2\/pages\/1293"}],"wp:attachment":[{"href":"https:\/\/akafor.com\/en\/wp-json\/wp\/v2\/media?parent=1310"}],"curies":[{"name":"wp","href":"https:\/\/api.w.org\/{rel}","templated":true}]}}