{"id":1377,"date":"2021-05-31T08:56:20","date_gmt":"2021-05-31T05:56:20","guid":{"rendered":"https:\/\/neyesek.co\/?page_id=1377"},"modified":"2021-06-25T15:45:57","modified_gmt":"2021-06-25T12:45:57","slug":"bulk-bag-dolgu-makinesi","status":"publish","type":"page","link":"https:\/\/akafor.com\/en\/gida-endustri-makineleri\/urunler\/toz-isleme-ve-paketleme\/bulk-bag-dolgu-makinesi\/","title":{"rendered":"BULK BAG DOLUM MAK\u0130NES\u0130"},"content":{"rendered":"\n<div class=\"wp-block-media-text alignwide has-media-on-the-right is-stacked-on-mobile\"><figure class=\"wp-block-media-text__media\"><img loading=\"lazy\" decoding=\"async\" width=\"489\" height=\"356\" src=\"https:\/\/akafor.com\/wp-content\/uploads\/2021\/05\/BULK-BAG-DOLGU-MAKINESI.png\" alt=\"\" class=\"wp-image-1378 size-full\" srcset=\"https:\/\/akafor.com\/wp-content\/uploads\/2021\/05\/BULK-BAG-DOLGU-MAKINESI.png 489w, https:\/\/akafor.com\/wp-content\/uploads\/2021\/05\/BULK-BAG-DOLGU-MAKINESI-300x218.png 300w\" sizes=\"auto, (max-width: 489px) 100vw, 489px\" \/><\/figure><div class=\"wp-block-media-text__content\">\n<p>RELCO\u00ae D\u00f6kme Torba Doldurucu, doldurulan her torban\u0131n stabilitesi ve do\u011frulu\u011fu i\u00e7in tasarlanm\u0131\u015f, s\u0131hhi uygulamalar i\u00e7in tasarlanm\u0131\u015ft\u0131r. RELCO Bulk Bag Filler, basit bak\u0131m ve temizlik kolayl\u0131\u011f\u0131 sa\u011flar.<\/p>\n<\/div><\/div>\n\n\n\n<h4 class=\"wp-block-heading\">\u00d6ZELL\u0130KLER &amp; FAYDALAR<\/h4>\n\n\n\n<ul class=\"wp-block-list\"><li>RELCO taraf\u0131ndan sa\u011flanan t\u00fcm ekipman, \u00f6zellikle belirtilmedi\u011fi s\u00fcrece, bu teklifin tarihi itibariyle y\u00fcr\u00fcrl\u00fckte olan s\u00fct \u00fcr\u00fcnleri ekipman\u0131 ve h\u00fck\u00fcmet d\u00fczenlemeleri i\u00e7in ge\u00e7erli 3A standartlar\u0131na ve USDA y\u00f6nergelerine g\u00f6re \u00fcretilmi\u015ftir.<\/li><li>Korozyon direnci ve dayan\u0131kl\u0131l\u0131k i\u00e7in sa\u011flam Paslanmaz \u00e7elik yap\u0131<\/li><li>UL listesinde yer alan NEMA 4 paslanmaz \u00e7elik muhafazalara yerle\u015ftirilmi\u015f PLC\/HMI, pn\u00f6matik, motor yol vericiler ve E-Stop g\u00fcvenlik devresi<\/li><li>Sabit y\u00fck h\u00fccresi seti ile entegre terazi kontrol\u00f6r\u00fc<\/li><li>Temizlik kolayl\u0131\u011f\u0131 i\u00e7in aletsiz s\u00f6kme tasar\u0131m\u0131<\/li><li>Paslanmaz \u00e7elik eri\u015fim platformu, kolay ve g\u00fcvenli eri\u015fim sa\u011flar<\/li><li>D\u00f6ner torba ask\u0131 sistemi, bo\u015f y\u00fck torbalar\u0131n\u0131 y\u00fcklerken tek noktadan operat\u00f6r aray\u00fcz\u00fc sa\u011flar, ask\u0131lar farkl\u0131 geni\u015flikteki y\u00fck torbalar\u0131 i\u00e7in kolayca ayarlanabilir<\/li><li>Aletsiz doldurma kafas\u0131 ba\u011flant\u0131s\u0131, doldurma kafalar\u0131 aras\u0131nda h\u0131zl\u0131 de\u011fi\u015ftirilebilirlik sa\u011flayarak farkl\u0131 boyutta torba boyunlar\u0131n\u0131n kullan\u0131lmas\u0131na izin verir<\/li><li>Y\u0131\u011f\u0131n torba \u015fi\u015firme venturi ve HEPA filtresi, k\u0131smen \u00e7\u00f6km\u00fc\u015f bir y\u00fck torbas\u0131 nedeniyle k\u00f6pr\u00fcleme olas\u0131l\u0131\u011f\u0131n\u0131 azaltarak, toplu torbay\u0131 doldurmadan \u00f6nce geni\u015fletmek i\u00e7in s\u0131hhi hava sa\u011flar<\/li><li>Hidrolik bir makasla e\u015fle\u015ftirilmi\u015f torba alt\u0131 yo\u011funla\u015ft\u0131rma platformu, \u00fcr\u00fcn\u00fc b\u00fcy\u00fck torba i\u00e7inde da\u011f\u0131t\u0131r ve sabit bir d\u00fcz torba taban\u0131 olu\u015fturur<\/li><li>Makasl\u0131 kald\u0131rma, 45 in\u00e7 ila 72 in\u00e7 aras\u0131nda de\u011fi\u015fen torba yan duvar uzunluklar\u0131n\u0131 kabul edecek \u015fekilde otomatik olarak ayarlan\u0131rken, torba halkas\u0131 asma sistemine sabit operat\u00f6r aray\u00fcz\u00fcn\u00fc korur<\/li><li>Pn\u00f6matik damper, giri\u015f i\u00e7inde \u00fcr\u00fcn birikmesini azalt\u0131r<\/li><li>Otomatik toz toplama kontrol valfi, torba doldurulurken havan\u0131n yerini al\u0131r ve torba de\u011fi\u015fimleri s\u0131ras\u0131nda tozu kontrol eder<\/li><\/ul>\n\n\n\n<h4 class=\"wp-block-heading\">OPS\u0130YONEL TASARIM \u00d6ZELL\u0130KLER\u0130<\/h4>\n\n\n\n<ul class=\"wp-block-list\"><li>D\u00f6kme Torba Paletleme Sistemi<\/li><\/ul>\n","protected":false},"excerpt":{"rendered":"<p>RELCO\u00ae D\u00f6kme Torba Doldurucu, doldurulan her torban\u0131n stabilitesi ve do\u011frulu\u011fu i\u00e7in tasarlanm\u0131\u015f, s\u0131hhi uygulamalar i\u00e7in tasarlanm\u0131\u015ft\u0131r. RELCO Bulk Bag Filler, basit bak\u0131m ve temizlik kolayl\u0131\u011f\u0131 sa\u011flar. \u00d6ZELL\u0130KLER &amp; FAYDALAR RELCO taraf\u0131ndan sa\u011flanan t\u00fcm ekipman, \u00f6zellikle belirtilmedi\u011fi s\u00fcrece, bu teklifin tarihi itibariyle y\u00fcr\u00fcrl\u00fckte olan s\u00fct \u00fcr\u00fcnleri ekipman\u0131 ve h\u00fck\u00fcmet d\u00fczenlemeleri i\u00e7in ge\u00e7erli 3A standartlar\u0131na ve USDA [&hellip;]<\/p>\n","protected":false},"author":1,"featured_media":0,"parent":1362,"menu_order":0,"comment_status":"closed","ping_status":"closed","template":"pages\/page-full.php","meta":{"footnotes":""},"class_list":["post-1377","page","type-page","status-publish","hentry"],"_links":{"self":[{"href":"https:\/\/akafor.com\/en\/wp-json\/wp\/v2\/pages\/1377","targetHints":{"allow":["GET"]}}],"collection":[{"href":"https:\/\/akafor.com\/en\/wp-json\/wp\/v2\/pages"}],"about":[{"href":"https:\/\/akafor.com\/en\/wp-json\/wp\/v2\/types\/page"}],"author":[{"embeddable":true,"href":"https:\/\/akafor.com\/en\/wp-json\/wp\/v2\/users\/1"}],"replies":[{"embeddable":true,"href":"https:\/\/akafor.com\/en\/wp-json\/wp\/v2\/comments?post=1377"}],"version-history":[{"count":2,"href":"https:\/\/akafor.com\/en\/wp-json\/wp\/v2\/pages\/1377\/revisions"}],"predecessor-version":[{"id":1783,"href":"https:\/\/akafor.com\/en\/wp-json\/wp\/v2\/pages\/1377\/revisions\/1783"}],"up":[{"embeddable":true,"href":"https:\/\/akafor.com\/en\/wp-json\/wp\/v2\/pages\/1362"}],"wp:attachment":[{"href":"https:\/\/akafor.com\/en\/wp-json\/wp\/v2\/media?parent=1377"}],"curies":[{"name":"wp","href":"https:\/\/api.w.org\/{rel}","templated":true}]}}