{"id":1380,"date":"2021-05-31T17:52:53","date_gmt":"2021-05-31T14:52:53","guid":{"rendered":"https:\/\/neyesek.co\/?page_id=1380"},"modified":"2021-06-25T15:46:21","modified_gmt":"2021-06-25T12:46:21","slug":"paletmeleme-entegre-bulk-bag-dolum-makinesi","status":"publish","type":"page","link":"https:\/\/akafor.com\/en\/gida-endustri-makineleri\/urunler\/toz-isleme-ve-paketleme\/paletmeleme-entegre-bulk-bag-dolum-makinesi\/","title":{"rendered":"PALETMELEME ENTEGRE BULK BAG DOLUM MAK\u0130NES\u0130"},"content":{"rendered":"\n<div class=\"wp-block-media-text alignwide has-media-on-the-right is-stacked-on-mobile\"><figure class=\"wp-block-media-text__media\"><img loading=\"lazy\" decoding=\"async\" width=\"488\" height=\"357\" src=\"https:\/\/akafor.com\/wp-content\/uploads\/2021\/05\/PALETMELEME-ENTEGRE-BULK-BAG-DOLUM-MAKINESI.png\" alt=\"\" class=\"wp-image-1381 size-full\" srcset=\"https:\/\/akafor.com\/wp-content\/uploads\/2021\/05\/PALETMELEME-ENTEGRE-BULK-BAG-DOLUM-MAKINESI.png 488w, https:\/\/akafor.com\/wp-content\/uploads\/2021\/05\/PALETMELEME-ENTEGRE-BULK-BAG-DOLUM-MAKINESI-300x219.png 300w\" sizes=\"auto, (max-width: 488px) 100vw, 488px\" \/><\/figure><div class=\"wp-block-media-text__content\">\n<p>RELCO\u00ae D\u00f6kme Torba Paletleme Sistemi, bir RELCO\u00ae D\u00f6kme Bulk Bag dolum makinesi ile e\u015fle\u015ftirildi\u011finde, dolu torbalar, motorlu bir araba arac\u0131l\u0131\u011f\u0131yla paketleme odas\u0131ndan otomatik olarak s\u00fcr\u00fclebilir. Paketleme odas\u0131n\u0131n d\u0131\u015f\u0131na \u00e7\u0131kt\u0131ktan sonra, araba bir hava kilit odas\u0131na girer, orada araba paketleme odas\u0131 kap\u0131s\u0131n\u0131n kapanmas\u0131n\u0131 ve depo kap\u0131s\u0131n\u0131n a\u00e7\u0131lmas\u0131n\u0131 bekleyecektir. Hava kilidi yap\u0131ld\u0131ktan sonra, araba, y\u00fck \u00e7antas\u0131n\u0131n bir palet ve ara-tabaka \u00fczerine yerle\u015ftirildi\u011fi depoya do\u011fru devam edecektir.<\/p>\n<\/div><\/div>\n\n\n\n<h4 class=\"wp-block-heading\">\u00d6ZELL\u0130KLER &amp; FAYDALAR<\/h4>\n\n\n\n<ul class=\"wp-block-list\"><li>RELCO taraf\u0131ndan tedarik edilen t\u00fcm ekipmanlar, \u00f6zellikle belirtilmedik\u00e7e, bu teklif tarihi itibariyle y\u00fcr\u00fcrl\u00fckte olan s\u00fct \u00fcr\u00fcnleri ekipman\u0131 i\u00e7in ge\u00e7erli 3A standartlar\u0131na ve USDA y\u00f6nergelerine ve h\u00fck\u00fcmet d\u00fczenlemelerine g\u00f6re \u00fcretilmi\u015ftir<\/li><li>Korozyon direnci ve dayan\u0131kl\u0131l\u0131k i\u00e7in sa\u011flam Paslanmaz \u00e7elik yap\u0131<\/li><li>Yukar\u0131 ak\u0131\u015fl\u0131 D\u00f6kme Torba Doldurucunun doldurma oran\u0131n\u0131 art\u0131r\u0131r, besleme sistemi uygun \u015fekilde tasarland\u0131\u011f\u0131nda 10 toplu torba ve saat elde edilebilir<\/li><li>UL listesinde yer alan NEMA 4 paslanmaz \u00e7elik muhafazalara yerle\u015ftirilmi\u015f PLC\/HMI, pn\u00f6matik, motor yol vericiler ve E-Stop g\u00fcvenlik devresi<\/li><li>Paslanmaz \u00e7elik eri\u015fim platformlar\u0131 kolay ve g\u00fcvenli eri\u015fim sa\u011flar<\/li><li>Paslanmaz \u00e7elik zincirli konvey\u00f6rler ve ba\u015f \u00fcst\u00fc arabalar dolu torbay\u0131 hijyenik dolum alan\u0131ndan ta\u015f\u0131r, paketleme odas\u0131 i\u00e7indeki palet ve forklift trafi\u011fini ortadan kald\u0131r\u0131r<\/li><li>Araba, g\u00fcvenilir seyahat sa\u011flamak i\u00e7in d\u00f6rt aksl\u0131 tahrik sistemine sahiptir<\/li><li>Araba ask\u0131lar\u0131, farkl\u0131 geni\u015flikteki toplu \u00e7antalar i\u00e7in kolayca ayarlan\u0131r<\/li><li>Torba ask\u0131lar\u0131, torbay\u0131 depo alan\u0131nda otomatik olarak serbest b\u0131rak\u0131r<\/li><li>Son y\u00fck biriktirme konvey\u00f6rlerini dahil etmek i\u00e7in otomatik palet ve kayar levha sunucular\u0131<\/li><\/ul>\n","protected":false},"excerpt":{"rendered":"<p>RELCO\u00ae D\u00f6kme Torba Paletleme Sistemi, bir RELCO\u00ae D\u00f6kme Bulk Bag dolum makinesi ile e\u015fle\u015ftirildi\u011finde, dolu torbalar, motorlu bir araba arac\u0131l\u0131\u011f\u0131yla paketleme odas\u0131ndan otomatik olarak s\u00fcr\u00fclebilir. Paketleme odas\u0131n\u0131n d\u0131\u015f\u0131na \u00e7\u0131kt\u0131ktan sonra, araba bir hava kilit odas\u0131na girer, orada araba paketleme odas\u0131 kap\u0131s\u0131n\u0131n kapanmas\u0131n\u0131 ve depo kap\u0131s\u0131n\u0131n a\u00e7\u0131lmas\u0131n\u0131 bekleyecektir. Hava kilidi yap\u0131ld\u0131ktan sonra, araba, y\u00fck \u00e7antas\u0131n\u0131n bir [&hellip;]<\/p>\n","protected":false},"author":1,"featured_media":0,"parent":1362,"menu_order":0,"comment_status":"closed","ping_status":"closed","template":"pages\/page-full.php","meta":{"footnotes":""},"class_list":["post-1380","page","type-page","status-publish","hentry"],"_links":{"self":[{"href":"https:\/\/akafor.com\/en\/wp-json\/wp\/v2\/pages\/1380","targetHints":{"allow":["GET"]}}],"collection":[{"href":"https:\/\/akafor.com\/en\/wp-json\/wp\/v2\/pages"}],"about":[{"href":"https:\/\/akafor.com\/en\/wp-json\/wp\/v2\/types\/page"}],"author":[{"embeddable":true,"href":"https:\/\/akafor.com\/en\/wp-json\/wp\/v2\/users\/1"}],"replies":[{"embeddable":true,"href":"https:\/\/akafor.com\/en\/wp-json\/wp\/v2\/comments?post=1380"}],"version-history":[{"count":1,"href":"https:\/\/akafor.com\/en\/wp-json\/wp\/v2\/pages\/1380\/revisions"}],"predecessor-version":[{"id":1382,"href":"https:\/\/akafor.com\/en\/wp-json\/wp\/v2\/pages\/1380\/revisions\/1382"}],"up":[{"embeddable":true,"href":"https:\/\/akafor.com\/en\/wp-json\/wp\/v2\/pages\/1362"}],"wp:attachment":[{"href":"https:\/\/akafor.com\/en\/wp-json\/wp\/v2\/media?parent=1380"}],"curies":[{"name":"wp","href":"https:\/\/api.w.org\/{rel}","templated":true}]}}