{"id":1386,"date":"2021-06-01T08:33:00","date_gmt":"2021-06-01T05:33:00","guid":{"rendered":"https:\/\/neyesek.co\/?page_id=1386"},"modified":"2021-06-01T08:33:00","modified_gmt":"2021-06-01T05:33:00","slug":"bulk-bag-bosaltma-ekipmani","status":"publish","type":"page","link":"https:\/\/akafor.com\/en\/gida-endustri-makineleri\/urunler\/toz-isleme-ve-paketleme\/bulk-bag-bosaltma-ekipmani\/","title":{"rendered":"BULK BAG BO\u015eALTMA EK\u0130PMANI"},"content":{"rendered":"\n<div class=\"wp-block-media-text alignwide has-media-on-the-right is-stacked-on-mobile\"><figure class=\"wp-block-media-text__media\"><img loading=\"lazy\" decoding=\"async\" width=\"493\" height=\"361\" src=\"https:\/\/akafor.com\/wp-content\/uploads\/2021\/05\/BULK-BAG-BOSALTMA-EKIPMANI.png\" alt=\"\" class=\"wp-image-1387 size-full\" srcset=\"https:\/\/akafor.com\/wp-content\/uploads\/2021\/05\/BULK-BAG-BOSALTMA-EKIPMANI.png 493w, https:\/\/akafor.com\/wp-content\/uploads\/2021\/05\/BULK-BAG-BOSALTMA-EKIPMANI-300x220.png 300w\" sizes=\"auto, (max-width: 493px) 100vw, 493px\" \/><\/figure><div class=\"wp-block-media-text__content\">\n<p>Bulk Bag Unloader, hijyenik bir al\u0131c\u0131 t\u00fcp ve titre\u015fim tavas\u0131 i\u00e7eren sa\u011flam bir alt mod\u00fclden olu\u015fur. Bo\u015falt\u0131c\u0131 2.500 pound kapasiteye sahiptir ve \u00e7ok \u00e7e\u015fitli torba boyutlar\u0131n\u0131 kabul eder. Torba a\u011fz\u0131 s\u0131zd\u0131rmazl\u0131\u011f\u0131, tozu en aza indirgemek i\u00e7in ortadaki \u00e7ift mandallarla sa\u011flan\u0131r. Al\u0131c\u0131 t\u00fcp i\u00e7indeki bir muhafaza, torba de\u011fi\u015fimleri s\u0131ras\u0131nda tozlanmay\u0131 s\u0131n\u0131rlayan bir toz portu i\u00e7erir. Titre\u015fimli torba tavas\u0131 ve iste\u011fe ba\u011fl\u0131 torba masaj cihazlar\u0131, zor, daha az serbest ak\u0131\u015fl\u0131 \u00fcr\u00fcnler i\u00e7in pozitif toz de\u015farj\u0131 sa\u011flar. \u00c7anta sunumunu kolayla\u015ft\u0131rmak i\u00e7in bir kald\u0131rma ve monoray sistemini birle\u015ftirmek i\u00e7in taban mod\u00fcl\u00fcne iste\u011fe ba\u011fl\u0131 bir \u00fcst mod\u00fcl eklenebilir.<\/p>\n<\/div><\/div>\n\n\n\n<p>RELCO\u00ae Bulk Bag Unloader, USDA s\u0131hhi uygulamalar\u0131 i\u00e7in tasarlanm\u0131\u015ft\u0131r ve a\u011f\u0131z kelep\u00e7esini \u00e7al\u0131\u015ft\u0131rmak i\u00e7in \u00e7ift manuel pn\u00f6matik silindirli bir s\u0131hhi al\u0131c\u0131 t\u00fcp i\u00e7erir. Toplu bo\u015faltma ihtiya\u00e7lar\u0131n\u0131za ve zor akan malzemelerinize uyacak \u015fekilde kolayca \u00f6zelle\u015ftirilebilir.<\/p>\n\n\n\n<h4 class=\"wp-block-heading\">\u00d6ZELL\u0130KLER &amp; FAYDALAR<\/h4>\n\n\n\n<ul class=\"wp-block-list\"><li>Mod\u00fcler Paslanmaz \u00c7elik \u00c7er\u00e7eve, s\u0131hhi yap\u0131 i\u00e7in s\u00fcrekli kaynaklara sahiptir<\/li><li>\u00dcst ve alt \u00e7er\u00e7eveler, belirli ekipman d\u00fczenlerini kar\u015f\u0131lamak i\u00e7in ba\u011f\u0131ms\u0131z olarak y\u00f6nlendirilebilir<\/li><li>Paslanmaz \u00c7elik Titre\u015fim Torbas\u0131 Tandem titre\u015fim izolat\u00f6rlerine monte edilen tava, bir titre\u015fim motoru arac\u0131l\u0131\u011f\u0131yla \u00fcr\u00fcn ak\u0131\u015f\u0131n\u0131 destekler<\/li><li>Torba Pan, toz kayb\u0131n\u0131\/d\u00f6k\u00fclmesini kontrol alt\u0131na almaya yard\u0131mc\u0131 olmak i\u00e7in 4 in\u00e7 y\u00fcksekli\u011finde d\u00f6k\u00fclme kontrol yan panelleri i\u00e7erir<\/li><li>4 in\u00e7lik pn\u00f6matik hava silindirleri ile \u00e7al\u0131\u015ft\u0131r\u0131lan \u00c7ift Torbal\u0131 Masaj Aletleri, daha az serbest ak\u0131\u015fl\u0131 \u00fcr\u00fcnler i\u00e7in pozitif g\u00fc\u00e7 de\u015farj\u0131n\u0131 destekler, s\u0131ral\u0131 zamanlay\u0131c\u0131 ve bir NEMA 4X muhafaza i\u00e7ine yerle\u015ftirilmi\u015f solenoid valf i\u00e7erir<\/li><li>Elle \u00e7al\u0131\u015ft\u0131r\u0131lan iris valfi, ge\u00e7i\u015fler s\u0131ras\u0131nda kolay k\u0131smi torba ba\u011flamalar\u0131na izin verir<\/li><li>Paslanmaz \u00e7elik s\u0131hhi al\u0131c\u0131 t\u00fcp, teleskopik torba kelep\u00e7e plakas\u0131n\u0131 kontrol eden \u00e7ift elle \u00e7al\u0131\u015ft\u0131r\u0131lan, hava destekli silindirler arac\u0131l\u0131\u011f\u0131yla torba astar\u0131na s\u0131hhi bir ba\u011flant\u0131 sa\u011flar. Toz toplama portu, torba de\u011fi\u015fimi s\u0131ras\u0131nda \u00e7\u0131k\u0131\u015ftaki toz toplama halkas\u0131nda toplanan \u00fcr\u00fcn\u00fc \u00e7\u0131kar\u0131r<\/li><\/ul>\n\n\n\n<h4 class=\"wp-block-heading\">SE\u00c7ENEKLER<\/h4>\n\n\n\n<ul class=\"wp-block-list\"><li>Paslanmaz \u00c7elik Torba Kald\u0131rma Adapt\u00f6r\u00fc, vin\u00e7 ve y\u00fck torbas\u0131 aras\u0131nda basit bir ba\u011flant\u0131 noktas\u0131 sa\u011flar; torba kald\u0131rma adapt\u00f6r\u00fc, i\u015flem s\u0131ras\u0131nda d\u00f6kme torban\u0131n a\u011f\u0131rl\u0131\u011f\u0131n\u0131 e\u015fit \u015fekilde yayar<\/li><li>Y\u00fcksek h\u0131zl\u0131, d\u00fc\u015f\u00fck profilli motorlu iki tonluk metrik Kald\u0131rma ve Araba Sistemi i\u00e7eren Tekli Kald\u0131rma Mod\u00fcl\u00fc, as\u0131l\u0131, d\u00f6rt d\u00fc\u011fmeli as\u0131l\u0131 ve I-Kiri\u015fli<\/li><li>Y\u00fcksek h\u0131zl\u0131, d\u00fc\u015f\u00fck profilli motorlu iki tonluk metrik Kald\u0131rma ve Araba Sistemi i\u00e7eren \u00c7ift Kald\u0131rma mod\u00fcl\u00fc, as\u0131l\u0131, d\u00f6rt d\u00fc\u011fmeli as\u0131l\u0131 ve I-Kiri\u015fli. \u00c7ift vin\u00e7, daha h\u0131zl\u0131 toplu torba de\u011fi\u015fiklikleri i\u00e7in mevcut b\u00fcy\u00fck torba bo\u015falt\u0131l\u0131rken bir sonraki b\u00fcy\u00fck torban\u0131n k\u0131smen y\u00fcklenmesine izin verir<\/li><li>Kald\u0131rma ve Araba I-Kiri\u015f, karbon \u00e7eli\u011finden imal edilmi\u015f ve daha sonra operat\u00f6r\u00fcn d\u00f6kme torbay\u0131 ekipmana ba\u011flamas\u0131na ve torbay\u0131 yerine kald\u0131rmas\u0131na izin verecek \u015fekilde boyanm\u0131\u015ft\u0131r<\/li><li>A\u011f\u0131rl\u0131k kayb\u0131 paketi, y\u00fck h\u00fccrelerini, kontrol paketini ve \u00e7\u0131k\u0131\u015f kapatma valfini i\u00e7erir<\/li><li>Hassas bir a\u011f\u0131rl\u0131k kayb\u0131 harmanlama sistemi i\u00e7in a\u011f\u0131rl\u0131k kayb\u0131 paketini hacimsel bir besleyici ile birle\u015ftirin<\/li><li>\u00d6zel Tasar\u0131m Uygulamalar<\/li><\/ul>\n","protected":false},"excerpt":{"rendered":"<p>Bulk Bag Unloader, hijyenik bir al\u0131c\u0131 t\u00fcp ve titre\u015fim tavas\u0131 i\u00e7eren sa\u011flam bir alt mod\u00fclden olu\u015fur. Bo\u015falt\u0131c\u0131 2.500 pound kapasiteye sahiptir ve \u00e7ok \u00e7e\u015fitli torba boyutlar\u0131n\u0131 kabul eder. Torba a\u011fz\u0131 s\u0131zd\u0131rmazl\u0131\u011f\u0131, tozu en aza indirgemek i\u00e7in ortadaki \u00e7ift mandallarla sa\u011flan\u0131r. Al\u0131c\u0131 t\u00fcp i\u00e7indeki bir muhafaza, torba de\u011fi\u015fimleri s\u0131ras\u0131nda tozlanmay\u0131 s\u0131n\u0131rlayan bir toz portu i\u00e7erir. Titre\u015fimli [&hellip;]<\/p>\n","protected":false},"author":1,"featured_media":0,"parent":1362,"menu_order":0,"comment_status":"closed","ping_status":"closed","template":"","meta":{"footnotes":""},"class_list":["post-1386","page","type-page","status-publish","hentry"],"_links":{"self":[{"href":"https:\/\/akafor.com\/en\/wp-json\/wp\/v2\/pages\/1386","targetHints":{"allow":["GET"]}}],"collection":[{"href":"https:\/\/akafor.com\/en\/wp-json\/wp\/v2\/pages"}],"about":[{"href":"https:\/\/akafor.com\/en\/wp-json\/wp\/v2\/types\/page"}],"author":[{"embeddable":true,"href":"https:\/\/akafor.com\/en\/wp-json\/wp\/v2\/users\/1"}],"replies":[{"embeddable":true,"href":"https:\/\/akafor.com\/en\/wp-json\/wp\/v2\/comments?post=1386"}],"version-history":[{"count":2,"href":"https:\/\/akafor.com\/en\/wp-json\/wp\/v2\/pages\/1386\/revisions"}],"predecessor-version":[{"id":1787,"href":"https:\/\/akafor.com\/en\/wp-json\/wp\/v2\/pages\/1386\/revisions\/1787"}],"up":[{"embeddable":true,"href":"https:\/\/akafor.com\/en\/wp-json\/wp\/v2\/pages\/1362"}],"wp:attachment":[{"href":"https:\/\/akafor.com\/en\/wp-json\/wp\/v2\/media?parent=1386"}],"curies":[{"name":"wp","href":"https:\/\/api.w.org\/{rel}","templated":true}]}}