{"id":1397,"date":"2021-06-01T09:30:20","date_gmt":"2021-06-01T06:30:20","guid":{"rendered":"https:\/\/neyesek.co\/?page_id=1397"},"modified":"2021-09-01T10:56:53","modified_gmt":"2021-09-01T07:56:53","slug":"membran-cip-kimyasallari","status":"publish","type":"page","link":"https:\/\/akafor.com\/en\/filtrasyon\/urunler\/membran-cip-kimyasallari\/","title":{"rendered":"MEMBRAN C\u0130P K\u0130MYASALLARI"},"content":{"rendered":"\n<ol class=\"wp-block-list\"><li>Bir\u00e7ok bak\u0131\u015f a\u00e7\u0131s\u0131, tek hedef: ekonomik verimlilik.<\/li><\/ol>\n\n\n\n<p>K\u0131sa vadede maliyetleri d\u00fc\u015f\u00fcrmek yerine uzun vadeli ba\u015far\u0131 elde etmek &#8211; bir i\u015f perspektifi, \u00fcretim planlamas\u0131nda \u00e7ok y\u00f6nl\u00fc unsurlar\u0131 dikkate al\u0131r.<\/p>\n\n\n\n<p>Membran filtrasyonu i\u00e7in koordine edilmi\u015f temizlik konseptleri s\u00f6z konusu oldu\u011funda, \u015firketler i\u00e7in b\u00fct\u00fcnsel bir ortak olarak kendimizi g\u00f6r\u00fcyoruz.&nbsp;Temizleme konseptinin eksiksiz, yetkin bir analizi ve adaptasyonu, i\u015fletme maliyetlerini azalt\u0131r ve membran filtrasyon sisteminizin verimlili\u011fini en \u00fcst d\u00fczeye \u00e7\u0131kar\u0131r.&nbsp;Burada bir\u00e7ok fakt\u00f6r\u00fcn toplam\u0131 belirleyicidir.&nbsp;Horpovel, bu ama\u00e7la kapsaml\u0131 bir izleme sunar &#8211; analizimizin odak noktas\u0131nda:<\/p>\n\n\n\n<p>&#8211; Temizlik s\u00fcresini azaltarak temizlik maliyetlerini s\u0131n\u0131rlay\u0131n.<\/p>\n\n\n\n<p>&#8211; M\u00fckemmel temizleme s\u00fcresi sayesinde \u00fcretim performans\u0131n\u0131 art\u0131r\u0131n.<\/p>\n\n\n\n<p>&#8211; Membran\u0131 ideal bir d\u00f6nemde de\u011fi\u015ftirerek yedek yat\u0131r\u0131m maliyetlerini en aza indirin.<\/p>\n\n\n\n<p>&#8211; Eksiklikleri erken ke\u015ffedin ve sisteminizin maliyet a\u00e7\u0131s\u0131ndan optimize edilmi\u015f \u00e7al\u0131\u015fmas\u0131n\u0131 sa\u011flay\u0131n.<\/p>\n\n\n\n<p>En k\u00fc\u00e7\u00fck ayarlama ciddi tasarruf potansiyeline neden olur.&nbsp; Bu nedenle, t\u00fcm bu maliyetlerin tamam\u0131 ve etkileri g\u00f6r\u00fcl\u00fcr.<\/p>\n\n\n\n<h4 class=\"wp-block-heading\">Net konseptler, fikirler.&nbsp;\u00d6d\u00fcn yok.<\/h4>\n\n\n\n<p>Membran sisteminizin bak\u0131m\u0131 s\u00f6z konusu oldu\u011funda, hi\u00e7bir taviz vermeyiz: Horpovel, en y\u00fcksek net k\u00e2r i\u00e7in entegre konsept geli\u015ftirir, ne daha az, ne daha fazla.&nbsp;Kapsaml\u0131 \u00f6neriler.&nbsp;Verimli \u00e7\u00f6z\u00fcmler.&nbsp;Sorumlu davran\u0131\u015flar.&nbsp;Bizim i\u00e7in bunlar ba\u015far\u0131l\u0131 bir ortakl\u0131\u011f\u0131n temel bile\u015fenleridir &#8211; membran temizleyicilerinin imalat\u0131ndan, sistem temizli\u011finin optimizasyonuna kadar.<\/p>\n\n\n\n<h4 class=\"wp-block-heading\">\u00c7abuk.&nbsp;Basit.&nbsp;Net bir \u015fey.<\/h4>\n\n\n\n<p>ATP testi ile birka\u00e7 saniye i\u00e7inde anlaml\u0131 sonu\u00e7lar elde edin.&nbsp;Bu, d\u00fcnya \u00e7ap\u0131nda ger\u00e7ek zamanl\u0131 temizlik s\u00fcre\u00e7lerinin etkinli\u011fini izlemek i\u00e7in kullan\u0131l\u0131r.&nbsp;Horpovel Sizi uygun bir do\u011frulama prosed\u00fcr\u00fc ile destekler:<\/p>\n\n\n\n<p>Biz temizlik&nbsp;sonu\u00e7lar\u0131n\u0131, temizlik maddelerinin kullan\u0131m\u0131n\u0131 kontrol eder ve temizli\u011fi optimize ederiz &#8211; teknik olarak oldu\u011fu kadar ekonomik olarak ta.&nbsp;Deneyimlerimize dayanarak, do\u011fru ara\u00e7lar\u0131 se\u00e7erken size yard\u0131mc\u0131 olaca\u011f\u0131z.<\/p>\n\n\n\n<h4 class=\"wp-block-heading\">BRO\u015e\u00dcR<\/h4>\n\n\n\n<p><strong><a href=\"https:\/\/www.akafor.com\/upload\/files\/cleaning-solutions-brochure.pdf\" target=\"_blank\" rel=\"noreferrer noopener\">Cleaning Solutions<\/a>&nbsp;<\/strong><\/p>\n","protected":false},"excerpt":{"rendered":"<p>Bir\u00e7ok bak\u0131\u015f a\u00e7\u0131s\u0131, tek hedef: ekonomik verimlilik. K\u0131sa vadede maliyetleri d\u00fc\u015f\u00fcrmek yerine uzun vadeli ba\u015far\u0131 elde etmek &#8211; bir i\u015f perspektifi, \u00fcretim planlamas\u0131nda \u00e7ok y\u00f6nl\u00fc unsurlar\u0131 dikkate al\u0131r. Membran filtrasyonu i\u00e7in koordine edilmi\u015f temizlik konseptleri s\u00f6z konusu oldu\u011funda, \u015firketler i\u00e7in b\u00fct\u00fcnsel bir ortak olarak kendimizi g\u00f6r\u00fcyoruz.&nbsp;Temizleme konseptinin eksiksiz, yetkin bir analizi ve adaptasyonu, i\u015fletme maliyetlerini [&hellip;]<\/p>\n","protected":false},"author":1,"featured_media":0,"parent":750,"menu_order":0,"comment_status":"closed","ping_status":"closed","template":"pages\/page-full.php","meta":{"footnotes":""},"class_list":["post-1397","page","type-page","status-publish","hentry"],"_links":{"self":[{"href":"https:\/\/akafor.com\/en\/wp-json\/wp\/v2\/pages\/1397","targetHints":{"allow":["GET"]}}],"collection":[{"href":"https:\/\/akafor.com\/en\/wp-json\/wp\/v2\/pages"}],"about":[{"href":"https:\/\/akafor.com\/en\/wp-json\/wp\/v2\/types\/page"}],"author":[{"embeddable":true,"href":"https:\/\/akafor.com\/en\/wp-json\/wp\/v2\/users\/1"}],"replies":[{"embeddable":true,"href":"https:\/\/akafor.com\/en\/wp-json\/wp\/v2\/comments?post=1397"}],"version-history":[{"count":4,"href":"https:\/\/akafor.com\/en\/wp-json\/wp\/v2\/pages\/1397\/revisions"}],"predecessor-version":[{"id":2331,"href":"https:\/\/akafor.com\/en\/wp-json\/wp\/v2\/pages\/1397\/revisions\/2331"}],"up":[{"embeddable":true,"href":"https:\/\/akafor.com\/en\/wp-json\/wp\/v2\/pages\/750"}],"wp:attachment":[{"href":"https:\/\/akafor.com\/en\/wp-json\/wp\/v2\/media?parent=1397"}],"curies":[{"name":"wp","href":"https:\/\/api.w.org\/{rel}","templated":true}]}}