{"id":1404,"date":"2021-06-01T09:55:52","date_gmt":"2021-06-01T06:55:52","guid":{"rendered":"https:\/\/neyesek.co\/?page_id=1404"},"modified":"2021-12-06T10:12:01","modified_gmt":"2021-12-06T07:12:01","slug":"sut","status":"publish","type":"page","link":"https:\/\/akafor.com\/en\/filtrasyon\/sektorler\/sut\/","title":{"rendered":"S\u00dcT"},"content":{"rendered":"\n<div class=\"wp-block-media-text alignwide has-media-on-the-right is-stacked-on-mobile\"><figure class=\"wp-block-media-text__media\"><img loading=\"lazy\" decoding=\"async\" width=\"432\" height=\"435\" src=\"https:\/\/akafor.com\/wp-content\/uploads\/2021\/06\/sut.png\" alt=\"\" class=\"wp-image-1405 size-full\" srcset=\"https:\/\/akafor.com\/wp-content\/uploads\/2021\/06\/sut.png 432w, https:\/\/akafor.com\/wp-content\/uploads\/2021\/06\/sut-298x300.png 298w, https:\/\/akafor.com\/wp-content\/uploads\/2021\/06\/sut-150x150.png 150w\" sizes=\"auto, (max-width: 432px) 100vw, 432px\" \/><\/figure><div class=\"wp-block-media-text__content\">\n<p>D\u00fc\u015f\u00fck \u00fcretim maliyetini korurken y\u00fcksek kaliteli s\u00fct \u00fcr\u00fcnleri olu\u015fturmak aras\u0131nda bir denge sa\u011flamak zor olabilir. KSS&#8217;nin Dairy-Pro\u00ae membran \u00fcr\u00fcnleri serisi, enerji verimlili\u011fini art\u0131rmak, i\u015fletme maliyetlerini azaltmak, \u00fcretkenli\u011fi art\u0131rmak ve kontaminasyon riskini azaltmak i\u00e7in kabarc\u0131klara dayan\u0131kl\u0131 bir tasar\u0131m ve \u00e7apraz ak\u0131\u015fl\u0131 filtrasyon teknolojisi kullan\u0131r. Dairy-Pro membranlar\u0131, \u00e7al\u0131\u015fma \u00f6m\u00fcrlerini uzatan ve s\u00fct \u00fcr\u00fcnleri membran i\u015flemenin her ad\u0131m\u0131n\u0131 optimize eden zorlu temizlik gereksinimlerini tolere edecek \u015fekilde \u00fcretilmi\u015ftir.<\/p>\n<\/div><\/div>\n\n\n\n<ul class=\"wp-block-list\"><li><a href=\"https:\/\/akafor.com\/filtrasyon\/sektorler\/sut\/peynir-alti-suyu\/\">Peynir Alt\u0131 Suyu<\/a><\/li><li><a href=\"https:\/\/akafor.com\/filtrasyon\/sektorler\/sut\/sut-ve-peynir-yapimi\/\">S\u00fct ve Peynir Yap\u0131m\u0131<\/a><\/li><li><a href=\"https:\/\/akafor.com\/filtrasyon\/sektorler\/sut\/laktoz-ve-permeat\/\">Laktoz ve Permeat<\/a><\/li><li><a href=\"https:\/\/akafor.com\/filtrasyon\/sektorler\/sut\/su-ve-atik-su\/\">Su ve At\u0131k Su<\/a><\/li><li><a href=\"https:\/\/akafor.com\/filtrasyon\/sektorler\/sut\/kostik-geri-kazanimi\/\">Kostik Geri Kazan\u0131m\u0131<\/a><\/li><\/ul>\n","protected":false},"excerpt":{"rendered":"<p>D\u00fc\u015f\u00fck \u00fcretim maliyetini korurken y\u00fcksek kaliteli s\u00fct \u00fcr\u00fcnleri olu\u015fturmak aras\u0131nda bir denge sa\u011flamak zor olabilir. KSS&#8217;nin Dairy-Pro\u00ae membran \u00fcr\u00fcnleri serisi, enerji verimlili\u011fini art\u0131rmak, i\u015fletme maliyetlerini azaltmak, \u00fcretkenli\u011fi art\u0131rmak ve kontaminasyon riskini azaltmak i\u00e7in kabarc\u0131klara dayan\u0131kl\u0131 bir tasar\u0131m ve \u00e7apraz ak\u0131\u015fl\u0131 filtrasyon teknolojisi kullan\u0131r. Dairy-Pro membranlar\u0131, \u00e7al\u0131\u015fma \u00f6m\u00fcrlerini uzatan ve s\u00fct \u00fcr\u00fcnleri membran i\u015flemenin her ad\u0131m\u0131n\u0131 [&hellip;]<\/p>\n","protected":false},"author":1,"featured_media":2863,"parent":1402,"menu_order":0,"comment_status":"closed","ping_status":"closed","template":"pages\/page-full.php","meta":{"footnotes":""},"class_list":["post-1404","page","type-page","status-publish","has-post-thumbnail","hentry"],"_links":{"self":[{"href":"https:\/\/akafor.com\/en\/wp-json\/wp\/v2\/pages\/1404","targetHints":{"allow":["GET"]}}],"collection":[{"href":"https:\/\/akafor.com\/en\/wp-json\/wp\/v2\/pages"}],"about":[{"href":"https:\/\/akafor.com\/en\/wp-json\/wp\/v2\/types\/page"}],"author":[{"embeddable":true,"href":"https:\/\/akafor.com\/en\/wp-json\/wp\/v2\/users\/1"}],"replies":[{"embeddable":true,"href":"https:\/\/akafor.com\/en\/wp-json\/wp\/v2\/comments?post=1404"}],"version-history":[{"count":3,"href":"https:\/\/akafor.com\/en\/wp-json\/wp\/v2\/pages\/1404\/revisions"}],"predecessor-version":[{"id":1862,"href":"https:\/\/akafor.com\/en\/wp-json\/wp\/v2\/pages\/1404\/revisions\/1862"}],"up":[{"embeddable":true,"href":"https:\/\/akafor.com\/en\/wp-json\/wp\/v2\/pages\/1402"}],"wp:featuredmedia":[{"embeddable":true,"href":"https:\/\/akafor.com\/en\/wp-json\/wp\/v2\/media\/2863"}],"wp:attachment":[{"href":"https:\/\/akafor.com\/en\/wp-json\/wp\/v2\/media?parent=1404"}],"curies":[{"name":"wp","href":"https:\/\/api.w.org\/{rel}","templated":true}]}}