{"id":1455,"date":"2021-06-02T10:46:22","date_gmt":"2021-06-02T07:46:22","guid":{"rendered":"https:\/\/neyesek.co\/?page_id=1455"},"modified":"2021-06-28T15:45:55","modified_gmt":"2021-06-28T12:45:55","slug":"nutrasotik","status":"publish","type":"page","link":"https:\/\/akafor.com\/en\/filtrasyon\/sektorler\/yiyecek\/nutrasotik\/","title":{"rendered":"NUTRASOT\u0130K"},"content":{"rendered":"\n<p>Sa\u011fl\u0131kl\u0131 ya\u015fam\u0131 desteklemeye ve sa\u011fl\u0131k bak\u0131m maliyetlerini d\u00fc\u015f\u00fcrmeye yard\u0131mc\u0131 olmak i\u00e7in beslenme ve ila\u00e7lar\u0131 birle\u015ftiren \u00fcr\u00fcnlere olan talep artmaya devam etti. Filtrasyon ve ay\u0131rma teknolojilerimiz, nutras\u00f6tik s\u00fcre\u00e7leri kolayla\u015ft\u0131r\u0131r ve ekstraksiyon, ay\u0131rma, konsantrasyon ve safla\u015ft\u0131rma maliyetlerini d\u00fc\u015f\u00fcr\u00fcr.<\/p>\n\n\n\n<p><strong>\u015eunlar \u0130\u00e7in \u0130dealdir:<\/strong><\/p>\n\n\n\n<ul class=\"wp-block-list\"><li>Bitki \u00f6zleri<\/li><li>Vitaminler<\/li><li>Renk<\/li><\/ul>\n\n\n\n<p><strong>ARITMA<\/strong><\/p>\n\n\n\n<ul class=\"wp-block-list\"><li><a href=\"https:\/\/akafor.com\/filtrasyon\/urunler\/membran-filtreler\/spiral-membranlar\/sani-pro\/\">Spiral Membran MF: Sani-Pro<sup>\u00ae<\/sup><\/a><\/li><li><a href=\"https:\/\/akafor.com\/filtrasyon\/urunler\/membran-filtreler\/hollow-fiber-membranlar\/romicon-kartus\/\">Hollow Fiber Membran MF: ROMICON<sup>\u00ae<\/sup><\/a><\/li><li><a href=\"https:\/\/akafor.com\/filtrasyon\/urunler\/membran-filtreler\/ceramic-modul-membranlar\/\">T\u00fcb\u00fcler Membran MF: Seramik Mod\u00fcl<\/a><\/li><\/ul>\n\n\n\n<p><strong>KONSANTRASYON<\/strong><\/p>\n\n\n\n<ul class=\"wp-block-list\"><li><a href=\"https:\/\/akafor.com\/filtrasyon\/urunler\/membran-filtreler\/spiral-membranlar\/sani-pro\/\">Spiral Membran MF: Sani-Pro<sup>\u00ae<\/sup><\/a><\/li><li><a href=\"https:\/\/akafor.com\/filtrasyon\/urunler\/membran-filtreler\/hollow-fiber-membranlar\/romicon-kartus\/\">Hollow Fiber Membran MF: ROMICON<sup>\u00ae<\/sup><\/a><\/li><li><a href=\"https:\/\/akafor.com\/filtrasyon\/urunler\/membran-filtreler\/ceramic-modul-membranlar\/kss-seramik-membranlar\/\">T\u00fcb\u00fcler Membran MF: Seramik Modul<\/a><\/li><\/ul>\n\n\n\n<p><strong>EVAPORAT\u00d6R<\/strong><\/p>\n\n\n\n<ul class=\"wp-block-list\"><li><a href=\"https:\/\/akafor.com\/filtrasyon\/urunler\/evaporatorler\/\" target=\"_blank\" rel=\"noreferrer noopener\">MVR Evaporat\u00f6r<\/a><\/li><li><a href=\"https:\/\/akafor.com\/filtrasyon\/urunler\/evaporatorler\/\" target=\"_blank\" rel=\"noreferrer noopener\">TVR Evaporat\u00f6r<\/a><\/li><\/ul>\n\n\n\n<p><strong><strong><strong>SPREY KURUTMA VEYA KR\u0130STAL\u0130ZASYON<\/strong><\/strong><\/strong><\/p>\n\n\n\n<ul class=\"wp-block-list\"><li><a href=\"https:\/\/akafor.com\/filtrasyon\/urunler\/prorses-ekipman\/kurutma-bilesenleri\/alttan-siskin-uzun-form-kurutucu\/\" target=\"_blank\" rel=\"noreferrer noopener\"><\/a><a href=\"https:\/\/akafor.com\/filtrasyon\/urunler\/prorses-ekipman\/kurutma-bilesenleri\/alttan-siskin-uzun-form-kurutucu\/\" target=\"_blank\" rel=\"noreferrer noopener\">Alttan \u015ei\u015fkin Uzun Form Kurutucu<\/a><\/li><li><a href=\"https:\/\/akafor.com\/filtrasyon\/urunler\/prorses-ekipman\/kurutma-bilesenleri\/genis-govdeli-kurutucu\/\" target=\"_blank\" rel=\"noreferrer noopener\"><\/a><a href=\"https:\/\/akafor.com\/filtrasyon\/urunler\/prorses-ekipman\/kurutma-bilesenleri\/genis-govdeli-kurutucu\/\" target=\"_blank\" rel=\"noreferrer noopener\">Geni\u015f G\u00f6vdeli Kurutucu<\/a><\/li><li><a href=\"https:\/\/akafor.com\/filtrasyon\/urunler\/prorses-ekipman\/kurutma-sistemleri\/cift-kristallendirmeli-kurutma-sistemi\/\" target=\"_blank\" rel=\"noreferrer noopener\"><\/a><a href=\"https:\/\/akafor.com\/filtrasyon\/urunler\/prorses-ekipman\/kurutma-sistemleri\/cift-kristallendirmeli-kurutma-sistemi\/\" target=\"_blank\" rel=\"noreferrer noopener\">\u00c7ift Kristallendirmeli Kurutma Sistemi<\/a><\/li><li><a href=\"https:\/\/akafor.com\/filtrasyon\/urunler\/prorses-ekipman\/kurutma-bilesenleri\/havadan-havaya-isi-geri-kazanimi\/\" target=\"_blank\" rel=\"noreferrer noopener\"><\/a><a href=\"https:\/\/akafor.com\/filtrasyon\/urunler\/prorses-ekipman\/kurutma-bilesenleri\/havadan-havaya-isi-geri-kazanimi\/\" target=\"_blank\" rel=\"noreferrer noopener\">Havadan Havaya Is\u0131 Geri Kazan\u0131m\u0131<\/a><\/li><\/ul>\n","protected":false},"excerpt":{"rendered":"<p>Sa\u011fl\u0131kl\u0131 ya\u015fam\u0131 desteklemeye ve sa\u011fl\u0131k bak\u0131m maliyetlerini d\u00fc\u015f\u00fcrmeye yard\u0131mc\u0131 olmak i\u00e7in beslenme ve ila\u00e7lar\u0131 birle\u015ftiren \u00fcr\u00fcnlere olan talep artmaya devam etti. Filtrasyon ve ay\u0131rma teknolojilerimiz, nutras\u00f6tik s\u00fcre\u00e7leri kolayla\u015ft\u0131r\u0131r ve ekstraksiyon, ay\u0131rma, konsantrasyon ve safla\u015ft\u0131rma maliyetlerini d\u00fc\u015f\u00fcr\u00fcr. \u015eunlar \u0130\u00e7in \u0130dealdir: Bitki \u00f6zleri Vitaminler Renk ARITMA Spiral Membran MF: Sani-Pro\u00ae Hollow Fiber Membran MF: ROMICON\u00ae T\u00fcb\u00fcler Membran [&hellip;]<\/p>\n","protected":false},"author":1,"featured_media":0,"parent":1441,"menu_order":0,"comment_status":"closed","ping_status":"closed","template":"pages\/page-full.php","meta":{"footnotes":""},"class_list":["post-1455","page","type-page","status-publish","hentry"],"_links":{"self":[{"href":"https:\/\/akafor.com\/en\/wp-json\/wp\/v2\/pages\/1455","targetHints":{"allow":["GET"]}}],"collection":[{"href":"https:\/\/akafor.com\/en\/wp-json\/wp\/v2\/pages"}],"about":[{"href":"https:\/\/akafor.com\/en\/wp-json\/wp\/v2\/types\/page"}],"author":[{"embeddable":true,"href":"https:\/\/akafor.com\/en\/wp-json\/wp\/v2\/users\/1"}],"replies":[{"embeddable":true,"href":"https:\/\/akafor.com\/en\/wp-json\/wp\/v2\/comments?post=1455"}],"version-history":[{"count":3,"href":"https:\/\/akafor.com\/en\/wp-json\/wp\/v2\/pages\/1455\/revisions"}],"predecessor-version":[{"id":2265,"href":"https:\/\/akafor.com\/en\/wp-json\/wp\/v2\/pages\/1455\/revisions\/2265"}],"up":[{"embeddable":true,"href":"https:\/\/akafor.com\/en\/wp-json\/wp\/v2\/pages\/1441"}],"wp:attachment":[{"href":"https:\/\/akafor.com\/en\/wp-json\/wp\/v2\/media?parent=1455"}],"curies":[{"name":"wp","href":"https:\/\/api.w.org\/{rel}","templated":true}]}}