{"id":1468,"date":"2021-06-02T12:20:27","date_gmt":"2021-06-02T09:20:27","guid":{"rendered":"https:\/\/neyesek.co\/?page_id=1468"},"modified":"2021-06-16T11:59:23","modified_gmt":"2021-06-16T08:59:23","slug":"sarap","status":"publish","type":"page","link":"https:\/\/akafor.com\/en\/filtrasyon\/sektorler\/icecek\/sarap\/","title":{"rendered":"\u015eARAP"},"content":{"rendered":"\n<p>Eksiksiz bir \u00e7\u00f6z\u00fcm sa\u011flay\u0131c\u0131 olarak, \u015farap \u00fcretiminizin verimlili\u011fini ve verimini art\u0131rmak i\u00e7in \u00e7al\u0131\u015f\u0131yoruz. \u015earab\u0131 berrakla\u015ft\u0131rmak i\u00e7in Wine-COR&#x2122; \u00e7apraz ak\u0131\u015fl\u0131 filtreleme sistemlerimizi ve tortulardan daha fazla \u015farap geri kazanmak ve \u00fcretim verimini art\u0131rmak i\u00e7in Lees-COR&#x2122; sistemlerimizi sunuyoruz. \u015earaplarda alkol ve asitli\u011fi azaltmak i\u00e7in RO ve NF teknolojilerimiz kullan\u0131lmaktad\u0131r.<\/p>\n\n\n\n<p><strong>\u015eunlar \u0130\u00e7in \u0130deal:<\/strong><\/p>\n\n\n\n<ul class=\"wp-block-list\"><li>K\u0131rm\u0131z\u0131 \u015earap<\/li><li>Beyaz \u015earap<\/li><li>\u015earap Posas\u0131<\/li><\/ul>\n\n\n\n<p><strong>ARITMA<\/strong><\/p>\n\n\n\n<ul class=\"wp-block-list\"><li><a href=\"https:\/\/akafor.com\/filtrasyon\/urunler\/membran-filtreler\/spiral-membranlar\/sani-pro\/\">Sani-Pro<sup>\u00ae<\/sup>&nbsp;MF Spiral Membran<\/a><\/li><li><a href=\"https:\/\/akafor.com\/filtrasyon\/urunler\/membran-filtreler\/ceramic-modul-membranlar\/kss-seramik-membranlar\/\">Seramik MF\/UF Multi-bore Membran<\/a><\/li><li><a href=\"https:\/\/akafor.com\/filtrasyon\/urunler\/membran-filtreler\/hollow-fiber-membranlar\/winefilter\/\">WINEFILTER<sup>&#x2122;<\/sup>&nbsp;MF Hollow Fiber Membran<\/a><\/li><li><a href=\"https:\/\/akafor.com\/filtrasyon\/urunler\/membran-filtreler\/tubuler-membranlar\/super-cor-modul\/\">SUPER-COR<sup>\u00ae<\/sup>&nbsp;UF T\u00fcb\u00fcler Membran<\/a><\/li><li><a href=\"https:\/\/akafor.com\/filtrasyon\/urunler\/membran-filtreler\/tubuler-membranlar\/super-g\/\">SUPER-G<sup>&#x2122;<\/sup>&nbsp;UF T\u00fcb\u00fcler Membran<\/a><\/li><\/ul>\n\n\n\n<p><strong>ALKOL AZALTIMI<\/strong><\/p>\n\n\n\n<ul class=\"wp-block-list\"><li><a href=\"https:\/\/akafor.com\/filtrasyon\/urunler\/membran-filtreler\/spiral-membranlar\/sani-pro\/\">Spiral Membran RO: Sani-Pro<sup>\u00ae<\/sup><\/a><\/li><li><a href=\"https:\/\/akafor.com\/filtrasyon\/urunler\/membran-filtreler\/spiral-membranlar\/sani-pro\/\">Spiral Membran NF: Sani-Pro<sup>\u00ae<\/sup><\/a><\/li><li><a href=\"https:\/\/akafor.com\/filtrasyon\/urunler\/evaporatorler\/\">Evaporat\u00f6r<\/a><\/li><\/ul>\n","protected":false},"excerpt":{"rendered":"<p>Eksiksiz bir \u00e7\u00f6z\u00fcm sa\u011flay\u0131c\u0131 olarak, \u015farap \u00fcretiminizin verimlili\u011fini ve verimini art\u0131rmak i\u00e7in \u00e7al\u0131\u015f\u0131yoruz. \u015earab\u0131 berrakla\u015ft\u0131rmak i\u00e7in Wine-COR&#x2122; \u00e7apraz ak\u0131\u015fl\u0131 filtreleme sistemlerimizi ve tortulardan daha fazla \u015farap geri kazanmak ve \u00fcretim verimini art\u0131rmak i\u00e7in Lees-COR&#x2122; sistemlerimizi sunuyoruz. \u015earaplarda alkol ve asitli\u011fi azaltmak i\u00e7in RO ve NF teknolojilerimiz kullan\u0131lmaktad\u0131r. \u015eunlar \u0130\u00e7in \u0130deal: K\u0131rm\u0131z\u0131 \u015earap Beyaz \u015earap \u015earap [&hellip;]<\/p>\n","protected":false},"author":1,"featured_media":0,"parent":1459,"menu_order":0,"comment_status":"closed","ping_status":"closed","template":"pages\/page-full.php","meta":{"footnotes":""},"class_list":["post-1468","page","type-page","status-publish","hentry"],"_links":{"self":[{"href":"https:\/\/akafor.com\/en\/wp-json\/wp\/v2\/pages\/1468","targetHints":{"allow":["GET"]}}],"collection":[{"href":"https:\/\/akafor.com\/en\/wp-json\/wp\/v2\/pages"}],"about":[{"href":"https:\/\/akafor.com\/en\/wp-json\/wp\/v2\/types\/page"}],"author":[{"embeddable":true,"href":"https:\/\/akafor.com\/en\/wp-json\/wp\/v2\/users\/1"}],"replies":[{"embeddable":true,"href":"https:\/\/akafor.com\/en\/wp-json\/wp\/v2\/comments?post=1468"}],"version-history":[{"count":3,"href":"https:\/\/akafor.com\/en\/wp-json\/wp\/v2\/pages\/1468\/revisions"}],"predecessor-version":[{"id":2017,"href":"https:\/\/akafor.com\/en\/wp-json\/wp\/v2\/pages\/1468\/revisions\/2017"}],"up":[{"embeddable":true,"href":"https:\/\/akafor.com\/en\/wp-json\/wp\/v2\/pages\/1459"}],"wp:attachment":[{"href":"https:\/\/akafor.com\/en\/wp-json\/wp\/v2\/media?parent=1468"}],"curies":[{"name":"wp","href":"https:\/\/api.w.org\/{rel}","templated":true}]}}