{"id":1477,"date":"2021-06-02T12:29:29","date_gmt":"2021-06-02T09:29:29","guid":{"rendered":"https:\/\/neyesek.co\/?page_id=1477"},"modified":"2021-06-16T12:14:56","modified_gmt":"2021-06-16T09:14:56","slug":"siselenmis-su","status":"publish","type":"page","link":"https:\/\/akafor.com\/en\/filtrasyon\/sektorler\/icecek\/siselenmis-su\/","title":{"rendered":"\u015e\u0130\u015eELENM\u0130\u015e SU"},"content":{"rendered":"\n<p>\u015ei\u015feleme operasyonlar\u0131 i\u00e7in filtrasyon ve ay\u0131rma \u00e7\u00f6z\u00fcmlerimiz bakterileri, vir\u00fcsleri, ask\u0131da ve \u00e7\u00f6z\u00fcnm\u00fc\u015f kat\u0131lar\u0131 veya di\u011fer kirleticileri gerekti\u011fi gibi temizler. PURON\u00ae MP mod\u00fcl\u00fcm\u00fcz i\u00e7me suyu sertifikas\u0131na sahiptir ve geleneksel ortam filtrasyonunun garanti edemedi\u011fi kirleticilere kar\u015f\u0131 pozitif bir bariyer sa\u011flar.<\/p>\n\n\n\n<p><strong>\u015eunlar \u0130\u00e7in \u0130deal:<\/strong><\/p>\n\n\n\n<ul class=\"wp-block-list\"><li>\u015eehir Suyu<\/li><li>Y\u00fczey Suyu<\/li><\/ul>\n\n\n\n<p><strong>PROSES SUYU \u0130Y\u0130LE\u015eT\u0130RME<\/strong><\/p>\n\n\n\n<ul class=\"wp-block-list\"><li><a href=\"https:\/\/akafor.com\/filtrasyon\/urunler\/membran-filtreler\/hollow-fiber-membranlar\/puron-mp-kartus-2\/\">PURON<sup>\u00ae<\/sup>&nbsp;MP Hollow Fiber Membran<\/a><\/li><li><a href=\"https:\/\/akafor.com\/filtrasyon\/urunler\/membran-filtreler\/spiral-membranlar\/fluid-systems-nf\/\">FLUID SYSTEMS<sup>\u00ae<\/sup>&nbsp;NF Spiral Membran<\/a><\/li><li><a href=\"https:\/\/akafor.com\/filtrasyon\/urunler\/membran-filtreler\/spiral-membranlar\/fluid-systems-ro\/\">FLUID SYSTEMS<sup>\u00ae<\/sup>&nbsp;RO Spiral Membran<\/a><\/li><\/ul>\n\n\n\n<p><\/p>\n","protected":false},"excerpt":{"rendered":"<p>\u015ei\u015feleme operasyonlar\u0131 i\u00e7in filtrasyon ve ay\u0131rma \u00e7\u00f6z\u00fcmlerimiz bakterileri, vir\u00fcsleri, ask\u0131da ve \u00e7\u00f6z\u00fcnm\u00fc\u015f kat\u0131lar\u0131 veya di\u011fer kirleticileri gerekti\u011fi gibi temizler. PURON\u00ae MP mod\u00fcl\u00fcm\u00fcz i\u00e7me suyu sertifikas\u0131na sahiptir ve geleneksel ortam filtrasyonunun garanti edemedi\u011fi kirleticilere kar\u015f\u0131 pozitif bir bariyer sa\u011flar. \u015eunlar \u0130\u00e7in \u0130deal: \u015eehir Suyu Y\u00fczey Suyu PROSES SUYU \u0130Y\u0130LE\u015eT\u0130RME PURON\u00ae&nbsp;MP Hollow Fiber Membran FLUID SYSTEMS\u00ae&nbsp;NF Spiral [&hellip;]<\/p>\n","protected":false},"author":1,"featured_media":0,"parent":1459,"menu_order":0,"comment_status":"closed","ping_status":"closed","template":"pages\/page-full.php","meta":{"footnotes":""},"class_list":["post-1477","page","type-page","status-publish","hentry"],"_links":{"self":[{"href":"https:\/\/akafor.com\/en\/wp-json\/wp\/v2\/pages\/1477","targetHints":{"allow":["GET"]}}],"collection":[{"href":"https:\/\/akafor.com\/en\/wp-json\/wp\/v2\/pages"}],"about":[{"href":"https:\/\/akafor.com\/en\/wp-json\/wp\/v2\/types\/page"}],"author":[{"embeddable":true,"href":"https:\/\/akafor.com\/en\/wp-json\/wp\/v2\/users\/1"}],"replies":[{"embeddable":true,"href":"https:\/\/akafor.com\/en\/wp-json\/wp\/v2\/comments?post=1477"}],"version-history":[{"count":3,"href":"https:\/\/akafor.com\/en\/wp-json\/wp\/v2\/pages\/1477\/revisions"}],"predecessor-version":[{"id":2020,"href":"https:\/\/akafor.com\/en\/wp-json\/wp\/v2\/pages\/1477\/revisions\/2020"}],"up":[{"embeddable":true,"href":"https:\/\/akafor.com\/en\/wp-json\/wp\/v2\/pages\/1459"}],"wp:attachment":[{"href":"https:\/\/akafor.com\/en\/wp-json\/wp\/v2\/media?parent=1477"}],"curies":[{"name":"wp","href":"https:\/\/api.w.org\/{rel}","templated":true}]}}