{"id":1498,"date":"2021-06-02T13:25:27","date_gmt":"2021-06-02T10:25:27","guid":{"rendered":"https:\/\/neyesek.co\/?page_id=1498"},"modified":"2021-06-15T09:58:38","modified_gmt":"2021-06-15T06:58:38","slug":"insan-kani-urunleri","status":"publish","type":"page","link":"https:\/\/akafor.com\/en\/filtrasyon\/sektorler\/canli-bilimi\/insan-kani-urunleri\/","title":{"rendered":"\u0130NSAN KANI \u00dcR\u00dcNLER\u0130"},"content":{"rendered":"\n<p>Membranlar\u0131m\u0131z insan kan\u0131 bile\u015fenlerinin safla\u015ft\u0131r\u0131lmas\u0131, konsantrasyonu ve fraksiyonlanmas\u0131 i\u00e7in kullan\u0131labilir.<\/p>\n\n\n\n<p><strong>\u015eunlar \u0130\u00e7in \u0130deal:<\/strong><\/p>\n\n\n\n<ul class=\"wp-block-list\"><li>\u0130mm\u00fcnoglobulin Konsantrasyonu<\/li><li>Alb\u00fcmin Konsantrasyonu<\/li><\/ul>\n\n\n\n<p><strong>KONSANTRASYON<\/strong><\/p>\n\n\n\n<ul class=\"wp-block-list\"><li><a href=\"https:\/\/akafor.com\/filtrasyon\/urunler\/membran-filtreler\/hollow-fiber-membranlar\/romipro-kartus\/\">ROMIPRO<sup>&#x2122;<\/sup>\u00a0UF Hollow Fiber Membran<\/a><\/li><li><a href=\"https:\/\/akafor.com\/filtrasyon\/urunler\/membran-filtreler\/spiral-membranlar\/\">UF Spiral Membran<\/a><\/li><\/ul>\n","protected":false},"excerpt":{"rendered":"<p>Membranlar\u0131m\u0131z insan kan\u0131 bile\u015fenlerinin safla\u015ft\u0131r\u0131lmas\u0131, konsantrasyonu ve fraksiyonlanmas\u0131 i\u00e7in kullan\u0131labilir. \u015eunlar \u0130\u00e7in \u0130deal: \u0130mm\u00fcnoglobulin Konsantrasyonu Alb\u00fcmin Konsantrasyonu KONSANTRASYON ROMIPRO&#x2122;\u00a0UF Hollow Fiber Membran UF Spiral Membran<\/p>\n","protected":false},"author":1,"featured_media":0,"parent":1490,"menu_order":0,"comment_status":"closed","ping_status":"closed","template":"pages\/page-full.php","meta":{"footnotes":""},"class_list":["post-1498","page","type-page","status-publish","hentry"],"_links":{"self":[{"href":"https:\/\/akafor.com\/en\/wp-json\/wp\/v2\/pages\/1498","targetHints":{"allow":["GET"]}}],"collection":[{"href":"https:\/\/akafor.com\/en\/wp-json\/wp\/v2\/pages"}],"about":[{"href":"https:\/\/akafor.com\/en\/wp-json\/wp\/v2\/types\/page"}],"author":[{"embeddable":true,"href":"https:\/\/akafor.com\/en\/wp-json\/wp\/v2\/users\/1"}],"replies":[{"embeddable":true,"href":"https:\/\/akafor.com\/en\/wp-json\/wp\/v2\/comments?post=1498"}],"version-history":[{"count":2,"href":"https:\/\/akafor.com\/en\/wp-json\/wp\/v2\/pages\/1498\/revisions"}],"predecessor-version":[{"id":1922,"href":"https:\/\/akafor.com\/en\/wp-json\/wp\/v2\/pages\/1498\/revisions\/1922"}],"up":[{"embeddable":true,"href":"https:\/\/akafor.com\/en\/wp-json\/wp\/v2\/pages\/1490"}],"wp:attachment":[{"href":"https:\/\/akafor.com\/en\/wp-json\/wp\/v2\/media?parent=1498"}],"curies":[{"name":"wp","href":"https:\/\/api.w.org\/{rel}","templated":true}]}}