{"id":1500,"date":"2021-06-02T13:27:10","date_gmt":"2021-06-02T10:27:10","guid":{"rendered":"https:\/\/neyesek.co\/?page_id=1500"},"modified":"2021-06-15T10:03:14","modified_gmt":"2021-06-15T07:03:14","slug":"asi-uretimi","status":"publish","type":"page","link":"https:\/\/akafor.com\/en\/filtrasyon\/sektorler\/canli-bilimi\/asi-uretimi\/","title":{"rendered":"A\u015eI \u00dcRET\u0130M\u0130"},"content":{"rendered":"\n<p>Membran \u00fcr\u00fcnlerimiz hem insan hem de hayvan uygulamalar\u0131 i\u00e7in a\u015f\u0131lar\u0131 berrakla\u015ft\u0131rmak ve konsantre etmek i\u00e7in kullan\u0131l\u0131r.<\/p>\n\n\n\n<p><strong>\u015eunlar \u0130\u00e7in \u0130deal:<\/strong><\/p>\n\n\n\n<ul class=\"wp-block-list\"><li>A\u015fa\u011f\u0131 Y\u00f6nde \u0130\u015fleme<\/li><li>Viral Antijen Konsantrasyonu<\/li><li>Bakteriyel Antijen Konsantrasyonu<\/li><\/ul>\n\n\n\n<p><strong>ARITMA<\/strong><\/p>\n\n\n\n<ul class=\"wp-block-list\"><li><a href=\"https:\/\/akafor.com\/filtrasyon\/urunler\/membran-filtreler\/spiral-membranlar\/sani-pro\/\">Spiral Membran MF: Sani-Pro<sup>\u00ae<\/sup><\/a><\/li><li><a href=\"https:\/\/akafor.com\/filtrasyon\/urunler\/membran-filtreler\/hollow-fiber-membranlar\/romicon-kartus\/\">Hollow Fiber Membran MF: ROMICON<sup>\u00ae<\/sup><\/a><\/li><li><a href=\"https:\/\/akafor.com\/filtrasyon\/urunler\/membran-filtreler\/hollow-fiber-membranlar\/romipro-kartus\/\">Hollow Fiber Membran UF: ROMIPRO<sup>&#x2122;<\/sup><\/a><\/li><\/ul>\n\n\n\n<p><strong>KONSANTRASYON<\/strong><\/p>\n\n\n\n<ul class=\"wp-block-list\"><li><a href=\"https:\/\/akafor.com\/filtrasyon\/urunler\/membran-filtreler\/spiral-membranlar\/sani-pro\/\">Spiral Membran MF: Sani-Pro<sup>\u00ae<\/sup><\/a><\/li><li><a href=\"https:\/\/akafor.com\/filtrasyon\/urunler\/membran-filtreler\/hollow-fiber-membranlar\/romicon-kartus\/\">Hollow Fiber Membran MF: ROMICON<sup>\u00ae<\/sup><\/a><\/li><li><a href=\"https:\/\/akafor.com\/filtrasyon\/urunler\/membran-filtreler\/hollow-fiber-membranlar\/romipro-kartus\/\">Hollow Fiber Membran UF: ROMIPRO<sup>&#x2122;<\/sup><\/a><\/li><\/ul>\n","protected":false},"excerpt":{"rendered":"<p>Membran \u00fcr\u00fcnlerimiz hem insan hem de hayvan uygulamalar\u0131 i\u00e7in a\u015f\u0131lar\u0131 berrakla\u015ft\u0131rmak ve konsantre etmek i\u00e7in kullan\u0131l\u0131r. \u015eunlar \u0130\u00e7in \u0130deal: A\u015fa\u011f\u0131 Y\u00f6nde \u0130\u015fleme Viral Antijen Konsantrasyonu Bakteriyel Antijen Konsantrasyonu ARITMA Spiral Membran MF: Sani-Pro\u00ae Hollow Fiber Membran MF: ROMICON\u00ae Hollow Fiber Membran UF: ROMIPRO&#x2122; KONSANTRASYON Spiral Membran MF: Sani-Pro\u00ae Hollow Fiber Membran MF: ROMICON\u00ae Hollow Fiber [&hellip;]<\/p>\n","protected":false},"author":1,"featured_media":0,"parent":1490,"menu_order":0,"comment_status":"closed","ping_status":"closed","template":"pages\/page-full.php","meta":{"footnotes":""},"class_list":["post-1500","page","type-page","status-publish","hentry"],"_links":{"self":[{"href":"https:\/\/akafor.com\/en\/wp-json\/wp\/v2\/pages\/1500","targetHints":{"allow":["GET"]}}],"collection":[{"href":"https:\/\/akafor.com\/en\/wp-json\/wp\/v2\/pages"}],"about":[{"href":"https:\/\/akafor.com\/en\/wp-json\/wp\/v2\/types\/page"}],"author":[{"embeddable":true,"href":"https:\/\/akafor.com\/en\/wp-json\/wp\/v2\/users\/1"}],"replies":[{"embeddable":true,"href":"https:\/\/akafor.com\/en\/wp-json\/wp\/v2\/comments?post=1500"}],"version-history":[{"count":2,"href":"https:\/\/akafor.com\/en\/wp-json\/wp\/v2\/pages\/1500\/revisions"}],"predecessor-version":[{"id":1924,"href":"https:\/\/akafor.com\/en\/wp-json\/wp\/v2\/pages\/1500\/revisions\/1924"}],"up":[{"embeddable":true,"href":"https:\/\/akafor.com\/en\/wp-json\/wp\/v2\/pages\/1490"}],"wp:attachment":[{"href":"https:\/\/akafor.com\/en\/wp-json\/wp\/v2\/media?parent=1500"}],"curies":[{"name":"wp","href":"https:\/\/api.w.org\/{rel}","templated":true}]}}