{"id":1507,"date":"2021-06-02T13:37:16","date_gmt":"2021-06-02T10:37:16","guid":{"rendered":"https:\/\/neyesek.co\/?page_id=1507"},"modified":"2021-06-15T10:13:28","modified_gmt":"2021-06-15T07:13:28","slug":"agir-metal-kaldirma","status":"publish","type":"page","link":"https:\/\/akafor.com\/en\/filtrasyon\/sektorler\/endustriyel\/agir-metal-kaldirma\/","title":{"rendered":"A\u011eIR METAL G\u0130DERME"},"content":{"rendered":"\n<p>A\u011f\u0131r metal at\u0131ksu \u00fcreten end\u00fcstriler i\u00e7in filtrasyon ve ay\u0131rma \u00e7\u00f6z\u00fcmlerimiz, geri kazan\u0131m ve tesise geri d\u00f6n\u00fc\u015f\u00fcm i\u00e7in veya do\u011frudan drenaja de\u015farj i\u00e7in s\u00fcz\u00fcnt\u00fc \u00fcretme i\u015flevi g\u00f6r\u00fcrken, de\u015farj d\u00fczenlemelerini kar\u015f\u0131lamak ve ta\u015f\u0131ma maliyetlerini azaltmak i\u00e7in \u00e7\u00f6kelmi\u015f metalleri konsantre eder. Membranlardan s\u00fcz\u00fcnt\u00fc, metal konsantrasyonunda \u00f6nemli \u00f6l\u00e7\u00fcde daha d\u00fc\u015f\u00fckt\u00fcr ve membran\u0131n kendisi ger\u00e7ek bir fiziksel bariyer olmakla birlikte, geleneksel yer\u00e7ekimi ayr\u0131mlar\u0131na k\u0131yasla kalite a\u00e7\u0131s\u0131ndan \u00f6nemli \u00f6l\u00e7\u00fcde daha tutarl\u0131d\u0131r. Bu end\u00fcstrilerden gelen at\u0131k sular zor olabilir, ancak do\u011fru membran konfig\u00fcrasyonlar\u0131n\u0131n uygulanmas\u0131 ve kurulum deneyimimiz ile sorununuz \u00e7\u00f6z\u00fcl\u00fcr.<\/p>\n\n\n\n<p><strong>\u015eunlar \u0130\u00e7in \u0130deal:<\/strong><\/p>\n\n\n\n<ul class=\"wp-block-list\"><li>Birincil Metal Tesisleri<\/li><li>Metal \u0130\u015fleme Operasyonlar\u0131<\/li><li>Tala\u015fl\u0131 \u015eekillendirme \u0130\u015flemi<\/li><li>Damgalama ve Haddeleme \u0130\u015flemleri<\/li><li>Kaplama Tesisleri<\/li><li>Elektronik<\/li><\/ul>\n\n\n\n<p><strong>ATIK SU ARITMA<\/strong><\/p>\n\n\n\n<ul class=\"wp-block-list\"><li><a href=\"https:\/\/akafor.com\/filtrasyon\/urunler\/membran-filtreler\/tubuler-membranlar\/feg-plus-modul\/\">FEG PLUS<sup>\u00ae<\/sup>\u00a0UF T\u00fcb\u00fcler Membran<\/a><\/li><li><a href=\"https:\/\/akafor.com\/filtrasyon\/urunler\/membran-filtreler\/tubuler-membranlar\/ultra-cor-modul\/\">ULTRA-COR<sup>&#x2122;<\/sup>\u00a0PLUS UF T\u00fcb\u00fcler Membran<\/a><\/li><li><a href=\"https:\/\/akafor.com\/filtrasyon\/urunler\/membran-filtreler\/tubuler-membranlar\/indu-cor-modul\/\">INDU-COR<sup>&#x2122;<\/sup>\u00a0UF T\u00fcb\u00fcler Membran<\/a><\/li><li><a href=\"https:\/\/akafor.com\/filtrasyon\/urunler\/membran-filtreler\/tubuler-membranlar\/indu-cor-hd-modul\/\">INDU-COR<sup>&#x2122;<\/sup>\u00a0HD UF T\u00fcb\u00fcler<\/a><\/li><\/ul>\n","protected":false},"excerpt":{"rendered":"<p>A\u011f\u0131r metal at\u0131ksu \u00fcreten end\u00fcstriler i\u00e7in filtrasyon ve ay\u0131rma \u00e7\u00f6z\u00fcmlerimiz, geri kazan\u0131m ve tesise geri d\u00f6n\u00fc\u015f\u00fcm i\u00e7in veya do\u011frudan drenaja de\u015farj i\u00e7in s\u00fcz\u00fcnt\u00fc \u00fcretme i\u015flevi g\u00f6r\u00fcrken, de\u015farj d\u00fczenlemelerini kar\u015f\u0131lamak ve ta\u015f\u0131ma maliyetlerini azaltmak i\u00e7in \u00e7\u00f6kelmi\u015f metalleri konsantre eder. Membranlardan s\u00fcz\u00fcnt\u00fc, metal konsantrasyonunda \u00f6nemli \u00f6l\u00e7\u00fcde daha d\u00fc\u015f\u00fckt\u00fcr ve membran\u0131n kendisi ger\u00e7ek bir fiziksel bariyer olmakla birlikte, [&hellip;]<\/p>\n","protected":false},"author":1,"featured_media":0,"parent":1502,"menu_order":0,"comment_status":"closed","ping_status":"closed","template":"pages\/page-full.php","meta":{"footnotes":""},"class_list":["post-1507","page","type-page","status-publish","hentry"],"_links":{"self":[{"href":"https:\/\/akafor.com\/en\/wp-json\/wp\/v2\/pages\/1507","targetHints":{"allow":["GET"]}}],"collection":[{"href":"https:\/\/akafor.com\/en\/wp-json\/wp\/v2\/pages"}],"about":[{"href":"https:\/\/akafor.com\/en\/wp-json\/wp\/v2\/types\/page"}],"author":[{"embeddable":true,"href":"https:\/\/akafor.com\/en\/wp-json\/wp\/v2\/users\/1"}],"replies":[{"embeddable":true,"href":"https:\/\/akafor.com\/en\/wp-json\/wp\/v2\/comments?post=1507"}],"version-history":[{"count":2,"href":"https:\/\/akafor.com\/en\/wp-json\/wp\/v2\/pages\/1507\/revisions"}],"predecessor-version":[{"id":1930,"href":"https:\/\/akafor.com\/en\/wp-json\/wp\/v2\/pages\/1507\/revisions\/1930"}],"up":[{"embeddable":true,"href":"https:\/\/akafor.com\/en\/wp-json\/wp\/v2\/pages\/1502"}],"wp:attachment":[{"href":"https:\/\/akafor.com\/en\/wp-json\/wp\/v2\/media?parent=1507"}],"curies":[{"name":"wp","href":"https:\/\/api.w.org\/{rel}","templated":true}]}}