{"id":1534,"date":"2021-06-02T16:45:27","date_gmt":"2021-06-02T13:45:27","guid":{"rendered":"https:\/\/neyesek.co\/?page_id=1534"},"modified":"2021-06-15T15:07:51","modified_gmt":"2021-06-15T12:07:51","slug":"tuz-ayirma","status":"publish","type":"page","link":"https:\/\/akafor.com\/en\/filtrasyon\/sektorler\/madencilik-metal-rafinasyonu\/tuz-ayirma\/","title":{"rendered":"TUZ AYIRMA"},"content":{"rendered":"\n<p>Tuz ay\u0131rma \u00fcnitemiz, \u00f6zel bir iyon de\u011fi\u015fim re\u00e7inesi kullanarak klor\u00fcr\u00fc s\u00fclfat ve karbonattan se\u00e7ici olarak ay\u0131r\u0131r. Sistem, klor\u00fcr\u00fc gideren ve re\u00e7ineyi orijinal durumuna geri d\u00f6nd\u00fcren ters ak\u0131ml\u0131 bir su y\u0131kama ile tuzu etkili bir \u015fekilde \u00e7\u0131karmak i\u00e7in bir y\u00fckleme ad\u0131m\u0131 ve el\u00fcsyon ad\u0131m\u0131 \u00fczerinde \u00e7al\u0131\u015f\u0131r.<\/p>\n\n\n\n<p><strong>\u015eunlar \u0130\u00e7in \u0130deal:<\/strong><\/p>\n\n\n\n<ul class=\"wp-block-list\"><li>Kimyasal s\u00fczme i\u015flemi<\/li><\/ul>\n\n\n\n<p><strong class=\"\">KLOR\u00dcR G\u0130DERME<\/strong><\/p>\n\n\n\n<ul class=\"wp-block-list\"><li><a href=\"https:\/\/akafor.com\/filtrasyon\/urunler\/membran-filtreler\/iyon-degistirici-membranlar\/ssu-iyon-degisimi\/\">SSU<sup>&#x2122;<\/sup>\u00a0\u0130yon De\u011fi\u015ftirme<\/a><\/li><\/ul>\n","protected":false},"excerpt":{"rendered":"<p>Tuz ay\u0131rma \u00fcnitemiz, \u00f6zel bir iyon de\u011fi\u015fim re\u00e7inesi kullanarak klor\u00fcr\u00fc s\u00fclfat ve karbonattan se\u00e7ici olarak ay\u0131r\u0131r. Sistem, klor\u00fcr\u00fc gideren ve re\u00e7ineyi orijinal durumuna geri d\u00f6nd\u00fcren ters ak\u0131ml\u0131 bir su y\u0131kama ile tuzu etkili bir \u015fekilde \u00e7\u0131karmak i\u00e7in bir y\u00fckleme ad\u0131m\u0131 ve el\u00fcsyon ad\u0131m\u0131 \u00fczerinde \u00e7al\u0131\u015f\u0131r. \u015eunlar \u0130\u00e7in \u0130deal: Kimyasal s\u00fczme i\u015flemi KLOR\u00dcR G\u0130DERME SSU&#x2122;\u00a0\u0130yon De\u011fi\u015ftirme<\/p>\n","protected":false},"author":1,"featured_media":0,"parent":1528,"menu_order":0,"comment_status":"closed","ping_status":"closed","template":"pages\/page-full.php","meta":{"footnotes":""},"class_list":["post-1534","page","type-page","status-publish","hentry"],"_links":{"self":[{"href":"https:\/\/akafor.com\/en\/wp-json\/wp\/v2\/pages\/1534","targetHints":{"allow":["GET"]}}],"collection":[{"href":"https:\/\/akafor.com\/en\/wp-json\/wp\/v2\/pages"}],"about":[{"href":"https:\/\/akafor.com\/en\/wp-json\/wp\/v2\/types\/page"}],"author":[{"embeddable":true,"href":"https:\/\/akafor.com\/en\/wp-json\/wp\/v2\/users\/1"}],"replies":[{"embeddable":true,"href":"https:\/\/akafor.com\/en\/wp-json\/wp\/v2\/comments?post=1534"}],"version-history":[{"count":2,"href":"https:\/\/akafor.com\/en\/wp-json\/wp\/v2\/pages\/1534\/revisions"}],"predecessor-version":[{"id":1958,"href":"https:\/\/akafor.com\/en\/wp-json\/wp\/v2\/pages\/1534\/revisions\/1958"}],"up":[{"embeddable":true,"href":"https:\/\/akafor.com\/en\/wp-json\/wp\/v2\/pages\/1528"}],"wp:attachment":[{"href":"https:\/\/akafor.com\/en\/wp-json\/wp\/v2\/media?parent=1534"}],"curies":[{"name":"wp","href":"https:\/\/api.w.org\/{rel}","templated":true}]}}