{"id":1536,"date":"2021-06-02T16:49:38","date_gmt":"2021-06-02T13:49:38","guid":{"rendered":"https:\/\/neyesek.co\/?page_id=1536"},"modified":"2021-06-17T10:13:26","modified_gmt":"2021-06-17T07:13:26","slug":"biyogaz-ve-asitli-gaz","status":"publish","type":"page","link":"https:\/\/akafor.com\/en\/filtrasyon\/sektorler\/biyogaz-ve-asitli-gaz\/","title":{"rendered":"B\u0130YOGAZ VE AS\u0130TL\u0130 GAZ"},"content":{"rendered":"\n<div class=\"wp-block-media-text alignwide has-media-on-the-right is-stacked-on-mobile\"><figure class=\"wp-block-media-text__media\"><img loading=\"lazy\" decoding=\"async\" width=\"435\" height=\"437\" src=\"https:\/\/akafor.com\/wp-content\/uploads\/2021\/06\/BIYOGAZ-VE-ASITLI-GAZ.png\" alt=\"\" class=\"wp-image-1537 size-full\" srcset=\"https:\/\/akafor.com\/wp-content\/uploads\/2021\/06\/BIYOGAZ-VE-ASITLI-GAZ.png 435w, https:\/\/akafor.com\/wp-content\/uploads\/2021\/06\/BIYOGAZ-VE-ASITLI-GAZ-300x300.png 300w, https:\/\/akafor.com\/wp-content\/uploads\/2021\/06\/BIYOGAZ-VE-ASITLI-GAZ-150x150.png 150w\" sizes=\"auto, (max-width: 435px) 100vw, 435px\" \/><\/figure><div class=\"wp-block-media-text__content\">\n<p>Biyogaz \u00e7o\u011fu zaman y\u00fcksek d\u00fczeyde a\u015f\u0131nd\u0131r\u0131c\u0131 hidrojen s\u00fclf\u00fcr (H2S) seviyeleri ile kirlenir. KSS&#8217;de, \u00fcretilirken H2S ve di\u011fer partik\u00fcl maddelerin uzakla\u015ft\u0131r\u0131lmas\u0131 i\u00e7in biyogaz ve ek\u015fi gaz\u0131n temizlenmesi i\u00e7in bir gaz kontakt\u00f6r sistemi geli\u015ftirdik. Patentli, y\u00fcksek verimli gaz-s\u0131v\u0131 temas s\u00fcrecimiz sayesinde, H2S emilir ve gaz, g\u00fc\u00e7 \u00fcretimi, kojenerasyon ve \u0131s\u0131tma uygulamalar\u0131nda yeniden kullan\u0131m i\u00e7in safla\u015ft\u0131r\u0131l\u0131r.<\/p>\n<\/div><\/div>\n\n\n\n<p><a href=\"https:\/\/akafor.com\/filtrasyon\/sektorler\/biyogaz-ve-asitli-gaz\/hidrojen-sulfat-giderme\/\">Hidrojen S\u00fclf\u00fcr Giderimi<\/a><\/p>\n","protected":false},"excerpt":{"rendered":"<p>Biyogaz \u00e7o\u011fu zaman y\u00fcksek d\u00fczeyde a\u015f\u0131nd\u0131r\u0131c\u0131 hidrojen s\u00fclf\u00fcr (H2S) seviyeleri ile kirlenir. KSS&#8217;de, \u00fcretilirken H2S ve di\u011fer partik\u00fcl maddelerin uzakla\u015ft\u0131r\u0131lmas\u0131 i\u00e7in biyogaz ve ek\u015fi gaz\u0131n temizlenmesi i\u00e7in bir gaz kontakt\u00f6r sistemi geli\u015ftirdik. Patentli, y\u00fcksek verimli gaz-s\u0131v\u0131 temas s\u00fcrecimiz sayesinde, H2S emilir ve gaz, g\u00fc\u00e7 \u00fcretimi, kojenerasyon ve \u0131s\u0131tma uygulamalar\u0131nda yeniden kullan\u0131m i\u00e7in safla\u015ft\u0131r\u0131l\u0131r. Hidrojen S\u00fclf\u00fcr [&hellip;]<\/p>\n","protected":false},"author":1,"featured_media":0,"parent":1402,"menu_order":0,"comment_status":"closed","ping_status":"closed","template":"","meta":{"footnotes":""},"class_list":["post-1536","page","type-page","status-publish","hentry"],"_links":{"self":[{"href":"https:\/\/akafor.com\/en\/wp-json\/wp\/v2\/pages\/1536","targetHints":{"allow":["GET"]}}],"collection":[{"href":"https:\/\/akafor.com\/en\/wp-json\/wp\/v2\/pages"}],"about":[{"href":"https:\/\/akafor.com\/en\/wp-json\/wp\/v2\/types\/page"}],"author":[{"embeddable":true,"href":"https:\/\/akafor.com\/en\/wp-json\/wp\/v2\/users\/1"}],"replies":[{"embeddable":true,"href":"https:\/\/akafor.com\/en\/wp-json\/wp\/v2\/comments?post=1536"}],"version-history":[{"count":4,"href":"https:\/\/akafor.com\/en\/wp-json\/wp\/v2\/pages\/1536\/revisions"}],"predecessor-version":[{"id":2966,"href":"https:\/\/akafor.com\/en\/wp-json\/wp\/v2\/pages\/1536\/revisions\/2966"}],"up":[{"embeddable":true,"href":"https:\/\/akafor.com\/en\/wp-json\/wp\/v2\/pages\/1402"}],"wp:attachment":[{"href":"https:\/\/akafor.com\/en\/wp-json\/wp\/v2\/media?parent=1536"}],"curies":[{"name":"wp","href":"https:\/\/api.w.org\/{rel}","templated":true}]}}