{"id":1541,"date":"2021-06-02T16:56:40","date_gmt":"2021-06-02T13:56:40","guid":{"rendered":"https:\/\/neyesek.co\/?page_id=1541"},"modified":"2024-03-07T10:46:20","modified_gmt":"2024-03-07T07:46:20","slug":"tekstil","status":"publish","type":"page","link":"https:\/\/akafor.com\/en\/filtrasyon\/sektorler\/tekstil\/","title":{"rendered":"TEKST\u0130L"},"content":{"rendered":"\n<p>Tekstil end\u00fcstrisine uygun \u00e7apraz ak\u0131\u015fl\u0131 Spirel ve Tubular membran filtrasyon  hatlar\u0131m\u0131z, tekstil \u00fcretiminin zorlu ko\u015fullar\u0131 i\u00e7in yap\u0131lm\u0131\u015ft\u0131r. E\u015fsiz teknolojilerimiz, pahal\u0131 kimyasallar\u0131 yeniden kullanabilmeniz ve at\u0131k su ar\u0131tma sisteminizdeki talepleri azaltabilmeniz i\u00e7in KOST\u0130K, SU VE ATIK SU ,PVA (POL\u0130V\u0130N\u0130L ALKOL ) , \u0130ND\u0130GO BOYA, \u00c7AMA\u015eIRHANE,JEAN\/KOT y\u0131kama sular\u0131n\u0131   i\u015flemek ve geri kazanmak i\u00e7in kullan\u0131l\u0131r. <\/p>\n\n\n\n<p>Su filtrasyon sistemlerimiz; De\u015farj ve geri kullan\u0131m i\u00e7in fabrika at\u0131k suyunu i\u015flerken , proses suyu ihtiyac\u0131n\u0131 ve at\u0131k su tahliyesini veya yeniden kullan\u0131m\u0131 i\u00e7in kat\u0131 standartlara uyman\u0131za yard\u0131mc\u0131 olmak i\u00e7in tasarlanm\u0131\u015ft\u0131r.Enerji a\u00e7\u0131s\u0131ndan verimli su filtreleme \u00e7\u00f6z\u00fcmleri sunuyoruz. Filtrasyon \u00e7\u00f6z\u00fcmleri ,en zorlay\u0131c\u0131 kaliteli su gerekliliklerini yerine getirmenize yard\u0131mc\u0131 olurken , ayn\u0131 zamanda s\u00fcrd\u00fcr\u00fclebilir \u00e7evre dostu enerji verimli \u00e7\u00f6z\u00fcmler sunmaktad\u0131r.<\/p>\n\n\n\n<h2 class=\"wp-block-heading\">Filtreleme Zorluklar\u0131na Kar\u015f\u0131 \u00c7\u00f6z\u00fcmlerimiz <\/h2>\n\n\n\n<figure class=\"wp-block-image size-full\"><img loading=\"lazy\" decoding=\"async\" width=\"928\" height=\"460\" src=\"https:\/\/akafor.com\/wp-content\/uploads\/2023\/12\/Ekran-goruntusu-2023-04-06-121421.png\" alt=\"\" class=\"wp-image-3324\" srcset=\"https:\/\/akafor.com\/wp-content\/uploads\/2023\/12\/Ekran-goruntusu-2023-04-06-121421.png 928w, https:\/\/akafor.com\/wp-content\/uploads\/2023\/12\/Ekran-goruntusu-2023-04-06-121421-300x149.png 300w, https:\/\/akafor.com\/wp-content\/uploads\/2023\/12\/Ekran-goruntusu-2023-04-06-121421-768x381.png 768w\" sizes=\"auto, (max-width: 928px) 100vw, 928px\" \/><\/figure>\n\n\n\n<p>T\u00fcm filtrasyon ihtiya\u00e7lar\u0131n\u0131z i\u00e7in deneyimli bir ortak bulacaks\u0131n\u0131z. Tesisiniz bizim hizmetlerimizden faydalanacakt\u0131r.<\/p>\n\n\n\n<ul class=\"wp-block-list\">\n<li>Farkl\u0131 prosesleriniz i\u00e7in g\u00fcvenilir bir \u015fekilde y\u00fcksek kalitede su \u00fcretecek olan PURON\u00ae MP su filtreleme sistemleri, PURON MBR sistemlerimizi kullanarak At\u0131k sular\u0131n\u0131z\u0131 g\u00fcvenli bir \u015fekilde de\u015farj ve yeniden kullan\u0131m i\u00e7in ar\u0131tman\u0131za yard\u0131mc\u0131 olaca\u011f\u0131z.<\/li>\n<\/ul>\n\n\n\n<ul class=\"wp-block-list\">\n<li>KONSOLIDATOR \u00e7apraz ak\u0131\u015fl\u0131 filtrasyon sistemlerimiz, pahal\u0131 kimyasallar\u0131 geri kazanmak ve yeniden kullanmak i\u00e7in \u0130ND\u0130GO BOYA ve di\u011fer boyama ve bask\u0131 at\u0131klar\u0131n\u0131 konsantre edecektir. <\/li>\n<\/ul>\n\n\n\n<ul class=\"wp-block-list\">\n<li>Y\u00fcksek s\u0131cakl\u0131\u011fa dayan\u0131kl\u0131 Spiral UF membranlar\u0131m\u0131z , HA\u015eILLAMA \/ HA\u015eIL S\u00d6KME hatlar\u0131n\u0131zdan PVA &#8216; y\u0131 geri kazanacakt\u0131r. A\u011fartma, Merserizasyon ve Cip i\u015flemlerinden at\u0131k y\u00fck\u00fcn\u00fcz\u00fc azaltacak ve kimyasal maliyetleri ni d\u00fc\u015f\u00fcrecektir.<\/li>\n<\/ul>\n\n\n\n<ul class=\"wp-block-list\">\n<li>Nanofiltrasyon spiral \u00fcr\u00fcnlerimiz ,\u00fcr\u00fcn kalitesini ve raf \u00f6mr\u00fcn\u00fc iyile\u015ftirmek i\u00e7in \u00e7\u00f6z\u00fcn\u00fcr boya elde etmektedir. <\/li>\n<\/ul>\n\n\n\n<ul class=\"wp-block-list\">\n<li>Operasyonlar\u0131n\u0131z\u0131n arka taraf\u0131nda, benzersiz Causti-COR\u00ae teknolojimiz Kosti\u011fi geri kazanacakt\u0131r. <\/li>\n\n\n\n<li><a href=\"https:\/\/akafor.com\/filtrasyon\/sektorler\/tekstil\/kostik-geri-kazanimi\/\" data-type=\"URL\">Kostik Geri Kazan\u0131m<\/a><\/li>\n\n\n\n<li><a href=\"https:\/\/akafor.com\/filtrasyon\/sektorler\/tekstil\/su-ve-atik-su\/\">Su ve At\u0131k Su<\/a><\/li>\n\n\n\n<li><a href=\"https:\/\/akafor.com\/filtrasyon\/sektorler\/tekstil\/pva-geri-kazanimi\/\" data-type=\"page\">PVA (POL\u0130V\u0130N\u0130L ALKOL ) Geri Kazan\u0131m\u0131<\/a><\/li>\n\n\n\n<li><a href=\"https:\/\/akafor.com\/filtrasyon\/sektorler\/tekstil\/indigo-boya-geri-kazanimi\/\">\u0130ndigo Boya Geri Kazan\u0131m\u0131<\/a><\/li>\n\n\n\n<li><a href=\"https:\/\/akafor.com\/filtrasyon-sektorler-tekstil-camasirhane\/\">\u00c7ama\u015f\u0131rhane At\u0131k Suyu Geri Kazan\u0131m\u0131<\/a><\/li>\n\n\n\n<li><a href=\"https:\/\/akafor.com\/filtrasyon-sektorler-tekstil-jean-yikamageri-kazanimi\/\" data-type=\"page\">Jean \/ Kot Y\u0131kama Suyu Geri Kazan\u0131m\u0131<\/a><\/li>\n<\/ul>\n","protected":false},"excerpt":{"rendered":"<p>Tekstil end\u00fcstrisine uygun \u00e7apraz ak\u0131\u015fl\u0131 Spirel ve Tubular membran filtrasyon hatlar\u0131m\u0131z, tekstil \u00fcretiminin zorlu ko\u015fullar\u0131 i\u00e7in yap\u0131lm\u0131\u015ft\u0131r. E\u015fsiz teknolojilerimiz, pahal\u0131 kimyasallar\u0131 yeniden kullanabilmeniz ve at\u0131k su ar\u0131tma sisteminizdeki talepleri azaltabilmeniz i\u00e7in KOST\u0130K, SU VE ATIK SU ,PVA (POL\u0130V\u0130N\u0130L ALKOL ) , \u0130ND\u0130GO BOYA, \u00c7AMA\u015eIRHANE,JEAN\/KOT y\u0131kama sular\u0131n\u0131 i\u015flemek ve geri kazanmak i\u00e7in kullan\u0131l\u0131r. Su filtrasyon sistemlerimiz; [&hellip;]<\/p>\n","protected":false},"author":1,"featured_media":3101,"parent":1402,"menu_order":0,"comment_status":"closed","ping_status":"closed","template":"pages\/page-full.php","meta":{"footnotes":""},"class_list":["post-1541","page","type-page","status-publish","has-post-thumbnail","hentry"],"_links":{"self":[{"href":"https:\/\/akafor.com\/en\/wp-json\/wp\/v2\/pages\/1541","targetHints":{"allow":["GET"]}}],"collection":[{"href":"https:\/\/akafor.com\/en\/wp-json\/wp\/v2\/pages"}],"about":[{"href":"https:\/\/akafor.com\/en\/wp-json\/wp\/v2\/types\/page"}],"author":[{"embeddable":true,"href":"https:\/\/akafor.com\/en\/wp-json\/wp\/v2\/users\/1"}],"replies":[{"embeddable":true,"href":"https:\/\/akafor.com\/en\/wp-json\/wp\/v2\/comments?post=1541"}],"version-history":[{"count":54,"href":"https:\/\/akafor.com\/en\/wp-json\/wp\/v2\/pages\/1541\/revisions"}],"predecessor-version":[{"id":3352,"href":"https:\/\/akafor.com\/en\/wp-json\/wp\/v2\/pages\/1541\/revisions\/3352"}],"up":[{"embeddable":true,"href":"https:\/\/akafor.com\/en\/wp-json\/wp\/v2\/pages\/1402"}],"wp:featuredmedia":[{"embeddable":true,"href":"https:\/\/akafor.com\/en\/wp-json\/wp\/v2\/media\/3101"}],"wp:attachment":[{"href":"https:\/\/akafor.com\/en\/wp-json\/wp\/v2\/media?parent=1541"}],"curies":[{"name":"wp","href":"https:\/\/api.w.org\/{rel}","templated":true}]}}