{"id":1559,"date":"2021-06-02T17:48:57","date_gmt":"2021-06-02T14:48:57","guid":{"rendered":"https:\/\/neyesek.co\/?page_id=1559"},"modified":"2021-06-15T16:22:29","modified_gmt":"2021-06-15T13:22:29","slug":"temiz-su-donusumu","status":"publish","type":"page","link":"https:\/\/akafor.com\/en\/filtrasyon\/sektorler\/kagit-ve-posa\/temiz-su-donusumu\/","title":{"rendered":"TEM\u0130Z SU D\u00d6N\u00dc\u015e\u00dcM\u00dc"},"content":{"rendered":"\n<p>Ka\u011f\u0131t fabrikalar\u0131ndaki membran sistemleri, kritik du\u015flarda ve kimyasal makyaj sistemlerinde tatl\u0131 su yerine ask\u0131da kat\u0131 madde i\u00e7ermeyen su \u00fcretmek i\u00e7in b\u00f6brek nokta kaynakl\u0131 sistemler olarak kullan\u0131l\u0131r. Bu s\u00fcz\u00fcnt\u00fcn\u00fcn daha fazla i\u015flenmesi, enerji talebini azalt\u0131rken ka\u011f\u0131t yap\u0131m \u00fcretimini iyile\u015ftirmek i\u00e7in de\u011firmen su d\u00f6ng\u00fcs\u00fcnden \u00e7\u00f6z\u00fcnm\u00fc\u015f kat\u0131lar\u0131 uzakla\u015ft\u0131racakt\u0131r. Membran sistemlerinden elde edilen konsantreler, ka\u011f\u0131t elyaf bazl\u0131 yan \u00fcr\u00fcnler olarak sat\u0131lmaktad\u0131r.<\/p>\n\n\n\n<p><strong>\u015eunlar \u0130\u00e7in \u0130deal:<\/strong><\/p>\n\n\n\n<ul class=\"wp-block-list\"><li>Ka\u011f\u0131t Fabrikalar\u0131<\/li><\/ul>\n\n\n\n<p><strong>SU GER\u0130 KAZANIMI<\/strong><\/p>\n\n\n\n<ul class=\"wp-block-list\"><li><a href=\"https:\/\/akafor.com\/filtrasyon\/urunler\/membran-filtreler\/tubuler-membranlar\/feg-plus-modul\/\">FEG PLUS<sup>\u00ae<\/sup>\u00a0UF T\u00fcb\u00fclar Membran<\/a><\/li><li><a href=\"https:\/\/akafor.com\/filtrasyon\/urunler\/membran-filtreler\/spiral-membranlar\/fluid-systems-nf\/\">FLUID S\u0130STEM<sup>\u00ae<\/sup>\u00a0NF Spiral Membran<\/a><\/li><li><a href=\"https:\/\/akafor.com\/filtrasyon\/urunler\/membran-filtreler\/spiral-membranlar\/fluid-systems-ro\/\">FLUID S\u0130STEM<sup>\u00ae<\/sup>\u00a0RO Spiral Membran<\/a><\/li><\/ul>\n\n\n\n<p><strong>ATIK SUYUN YEN\u0130DEN KULLANIMI<\/strong><\/p>\n\n\n\n<ul class=\"wp-block-list\"><li><a href=\"https:\/\/akafor.com\/filtrasyon\/urunler\/membran-filtreler\/tubuler-membranlar\/feg-plus-modul\/\">FEG PLUS<sup>\u00ae<\/sup>\u00a0UF T\u00fcb\u00fcler Membran<\/a><\/li><li><a href=\"https:\/\/akafor.com\/filtrasyon\/urunler\/membran-filtreler\/spiral-membranlar\/fluid-systems-nf\/\">FLUID S\u0130STEM<sup>\u00ae<\/sup>\u00a0NF Spiral Membran<\/a><\/li><li><a href=\"https:\/\/akafor.com\/filtrasyon\/urunler\/membran-filtreler\/spiral-membranlar\/fluid-systems-ro\/\">FLUID S\u0130STEM<sup>\u00ae<\/sup>\u00a0RO Spiral Membran<\/a><\/li><\/ul>\n","protected":false},"excerpt":{"rendered":"<p>Ka\u011f\u0131t fabrikalar\u0131ndaki membran sistemleri, kritik du\u015flarda ve kimyasal makyaj sistemlerinde tatl\u0131 su yerine ask\u0131da kat\u0131 madde i\u00e7ermeyen su \u00fcretmek i\u00e7in b\u00f6brek nokta kaynakl\u0131 sistemler olarak kullan\u0131l\u0131r. Bu s\u00fcz\u00fcnt\u00fcn\u00fcn daha fazla i\u015flenmesi, enerji talebini azalt\u0131rken ka\u011f\u0131t yap\u0131m \u00fcretimini iyile\u015ftirmek i\u00e7in de\u011firmen su d\u00f6ng\u00fcs\u00fcnden \u00e7\u00f6z\u00fcnm\u00fc\u015f kat\u0131lar\u0131 uzakla\u015ft\u0131racakt\u0131r. Membran sistemlerinden elde edilen konsantreler, ka\u011f\u0131t elyaf bazl\u0131 yan \u00fcr\u00fcnler [&hellip;]<\/p>\n","protected":false},"author":1,"featured_media":0,"parent":1550,"menu_order":0,"comment_status":"closed","ping_status":"closed","template":"pages\/page-full.php","meta":{"footnotes":""},"class_list":["post-1559","page","type-page","status-publish","hentry"],"_links":{"self":[{"href":"https:\/\/akafor.com\/en\/wp-json\/wp\/v2\/pages\/1559","targetHints":{"allow":["GET"]}}],"collection":[{"href":"https:\/\/akafor.com\/en\/wp-json\/wp\/v2\/pages"}],"about":[{"href":"https:\/\/akafor.com\/en\/wp-json\/wp\/v2\/types\/page"}],"author":[{"embeddable":true,"href":"https:\/\/akafor.com\/en\/wp-json\/wp\/v2\/users\/1"}],"replies":[{"embeddable":true,"href":"https:\/\/akafor.com\/en\/wp-json\/wp\/v2\/comments?post=1559"}],"version-history":[{"count":2,"href":"https:\/\/akafor.com\/en\/wp-json\/wp\/v2\/pages\/1559\/revisions"}],"predecessor-version":[{"id":1981,"href":"https:\/\/akafor.com\/en\/wp-json\/wp\/v2\/pages\/1559\/revisions\/1981"}],"up":[{"embeddable":true,"href":"https:\/\/akafor.com\/en\/wp-json\/wp\/v2\/pages\/1550"}],"wp:attachment":[{"href":"https:\/\/akafor.com\/en\/wp-json\/wp\/v2\/media?parent=1559"}],"curies":[{"name":"wp","href":"https:\/\/api.w.org\/{rel}","templated":true}]}}