{"id":1561,"date":"2021-06-02T17:52:29","date_gmt":"2021-06-02T14:52:29","guid":{"rendered":"https:\/\/neyesek.co\/?page_id=1561"},"modified":"2021-06-16T08:30:23","modified_gmt":"2021-06-16T05:30:23","slug":"fleksografik-murekkep","status":"publish","type":"page","link":"https:\/\/akafor.com\/en\/filtrasyon\/sektorler\/kagit-ve-posa\/fleksografik-murekkep\/","title":{"rendered":"FLEKSOGRAF\u0130K M\u00dcREKKEP"},"content":{"rendered":"\n<p>Fleksografik kap, gazete ve ambalaj bask\u0131 i\u015flemleri, de\u015farj i\u00e7in \u00f6nemli \u00f6n ar\u0131tma gerektiren y\u00fcksek y\u00fckl\u00fc at\u0131k sular \u00fcreten \u00e7al\u0131\u015fma sonu y\u0131kamalar\u0131 gerektirir. Bir nokta kayna\u011f\u0131 veya boru sonu ar\u0131tma sistemi olarak basit bir tek ad\u0131ml\u0131 kimyasal i\u00e7ermeyen membran sisteminin kullan\u0131lmas\u0131, %95+ daha d\u00fc\u015f\u00fck ta\u015f\u0131ma maliyetiyle yeniden kullan\u0131labilen veya konsantre bir bi\u00e7imde ta\u015f\u0131nabilen renk g\u00f6vdelerinin ayr\u0131lmas\u0131n\u0131 ve \u00f6nemli konsantrasyonunu sa\u011flar. Membran operasyonundan s\u00fcz\u00fcnt\u00fc bo\u015falt\u0131l\u0131r.<\/p>\n\n\n\n<p><strong>\u015eunlar \u0130\u00e7in \u0130deal:<\/strong><\/p>\n\n\n\n<ul class=\"wp-block-list\"><li>Paketleme<\/li><li>Oluklu Mukavva<\/li><li>Sarma Tesisleri<\/li><li>Gazete \u0130\u015flemleri<\/li><li>Ka\u011f\u0131t Torba \u00dcretimi<\/li><\/ul>\n\n\n\n<p><strong>ATIK SU ARITMA<\/strong><\/p>\n\n\n\n<ul class=\"wp-block-list\"><li><a href=\"https:\/\/akafor.com\/filtrasyon\/urunler\/membran-filtreler\/tubuler-membranlar\/feg-plus-modul\/\">FEG PLUS<sup>\u00ae<\/sup>&nbsp;UF T\u00fcb\u00fcler Membran<\/a><\/li><\/ul>\n","protected":false},"excerpt":{"rendered":"<p>Fleksografik kap, gazete ve ambalaj bask\u0131 i\u015flemleri, de\u015farj i\u00e7in \u00f6nemli \u00f6n ar\u0131tma gerektiren y\u00fcksek y\u00fckl\u00fc at\u0131k sular \u00fcreten \u00e7al\u0131\u015fma sonu y\u0131kamalar\u0131 gerektirir. Bir nokta kayna\u011f\u0131 veya boru sonu ar\u0131tma sistemi olarak basit bir tek ad\u0131ml\u0131 kimyasal i\u00e7ermeyen membran sisteminin kullan\u0131lmas\u0131, %95+ daha d\u00fc\u015f\u00fck ta\u015f\u0131ma maliyetiyle yeniden kullan\u0131labilen veya konsantre bir bi\u00e7imde ta\u015f\u0131nabilen renk g\u00f6vdelerinin ayr\u0131lmas\u0131n\u0131 [&hellip;]<\/p>\n","protected":false},"author":1,"featured_media":0,"parent":1550,"menu_order":0,"comment_status":"closed","ping_status":"closed","template":"pages\/page-full.php","meta":{"footnotes":""},"class_list":["post-1561","page","type-page","status-publish","hentry"],"_links":{"self":[{"href":"https:\/\/akafor.com\/en\/wp-json\/wp\/v2\/pages\/1561","targetHints":{"allow":["GET"]}}],"collection":[{"href":"https:\/\/akafor.com\/en\/wp-json\/wp\/v2\/pages"}],"about":[{"href":"https:\/\/akafor.com\/en\/wp-json\/wp\/v2\/types\/page"}],"author":[{"embeddable":true,"href":"https:\/\/akafor.com\/en\/wp-json\/wp\/v2\/users\/1"}],"replies":[{"embeddable":true,"href":"https:\/\/akafor.com\/en\/wp-json\/wp\/v2\/comments?post=1561"}],"version-history":[{"count":2,"href":"https:\/\/akafor.com\/en\/wp-json\/wp\/v2\/pages\/1561\/revisions"}],"predecessor-version":[{"id":1984,"href":"https:\/\/akafor.com\/en\/wp-json\/wp\/v2\/pages\/1561\/revisions\/1984"}],"up":[{"embeddable":true,"href":"https:\/\/akafor.com\/en\/wp-json\/wp\/v2\/pages\/1550"}],"wp:attachment":[{"href":"https:\/\/akafor.com\/en\/wp-json\/wp\/v2\/media?parent=1561"}],"curies":[{"name":"wp","href":"https:\/\/api.w.org\/{rel}","templated":true}]}}