{"id":1569,"date":"2021-06-02T18:00:39","date_gmt":"2021-06-02T15:00:39","guid":{"rendered":"https:\/\/neyesek.co\/?page_id=1569"},"modified":"2021-12-07T12:01:28","modified_gmt":"2021-12-07T09:01:28","slug":"otomotiv","status":"publish","type":"page","link":"https:\/\/akafor.com\/en\/filtrasyon\/sektorler\/otomotiv\/","title":{"rendered":"OTOMOT\u0130V"},"content":{"rendered":"\n<div class=\"wp-block-media-text alignwide has-media-on-the-right is-stacked-on-mobile\"><figure class=\"wp-block-media-text__media\"><img loading=\"lazy\" decoding=\"async\" width=\"436\" height=\"435\" src=\"https:\/\/akafor.com\/wp-content\/uploads\/2021\/06\/OTOMOTIV.png\" alt=\"\" class=\"wp-image-1570 size-full\" srcset=\"https:\/\/akafor.com\/wp-content\/uploads\/2021\/06\/OTOMOTIV.png 436w, https:\/\/akafor.com\/wp-content\/uploads\/2021\/06\/OTOMOTIV-300x300.png 300w, https:\/\/akafor.com\/wp-content\/uploads\/2021\/06\/OTOMOTIV-150x150.png 150w\" sizes=\"auto, (max-width: 436px) 100vw, 436px\" \/><\/figure><div class=\"wp-block-media-text__content\">\n<p>Otomobillere ve di\u011fer metal \u00fcr\u00fcnlere suda \u00e7\u00f6z\u00fcn\u00fcr boyalar\u0131n uygulanmas\u0131na y\u00f6nelik elektro-kaplama i\u015fleminde, filtreleme sistemlerimiz boya re\u00e7inesi ve pigmentlerin %99&#8217;undan fazlas\u0131n\u0131 geri kazanarak i\u015flem verimlili\u011fini \u00f6nemli \u00f6l\u00e7\u00fcde iyile\u015ftirir ve at\u0131klar\u0131 azalt\u0131r. Proseslerini anlamak i\u00e7in \u00fcreticilerle yak\u0131n i\u015fbirli\u011fi i\u00e7inde \u00e7al\u0131\u015farak, geli\u015fmi\u015f maliyet verimlili\u011fi ve performans i\u00e7in \u00e7\u00f6z\u00fcmlere \u00f6nc\u00fcl\u00fck ettik. Anodik ve katodik elektro kaplama boya i\u00e7in ultrafiltrasyon ve nanofiltrasyon membranlar\u0131m\u0131z deiyonize su t\u00fcketimini azaltabilir, at\u0131k suyu azaltabilir, boya kat\u0131 geri kazan\u0131m\u0131n\u0131 iyile\u015ftirebilir, boya banyosu iletkenli\u011fini kontrol edebilir ve potansiyel olarak kusurlar\u0131 s\u0131n\u0131rlayabilir.<\/p>\n<\/div><\/div>\n\n\n\n<ul class=\"wp-block-list\"><li><a href=\"https:\/\/akafor.com\/filtrasyon\/sektorler\/otomotiv\/elektro-kaplama\/\">Elektro Kaplama<\/a><\/li><li><a href=\"https:\/\/akafor.com\/filtrasyon\/sektorler\/otomotiv\/alkali-giderici-geri-kazanimi\/\">Alkali Giderici Geri Kazan\u0131m\u0131<\/a><\/li><li><a href=\"https:\/\/akafor.com\/filtrasyon\/sektorler\/otomotiv\/deiyonize-durulama\/\">Deiyonize (DI) Dald\u0131rma Durulama<\/a><\/li><li><a href=\"https:\/\/akafor.com\/filtrasyon\/sektorler\/otomotiv\/su-ve-atik-su\/\">Su ve At\u0131k su<\/a><\/li><\/ul>\n","protected":false},"excerpt":{"rendered":"<p>Otomobillere ve di\u011fer metal \u00fcr\u00fcnlere suda \u00e7\u00f6z\u00fcn\u00fcr boyalar\u0131n uygulanmas\u0131na y\u00f6nelik elektro-kaplama i\u015fleminde, filtreleme sistemlerimiz boya re\u00e7inesi ve pigmentlerin %99&#8217;undan fazlas\u0131n\u0131 geri kazanarak i\u015flem verimlili\u011fini \u00f6nemli \u00f6l\u00e7\u00fcde iyile\u015ftirir ve at\u0131klar\u0131 azalt\u0131r. Proseslerini anlamak i\u00e7in \u00fcreticilerle yak\u0131n i\u015fbirli\u011fi i\u00e7inde \u00e7al\u0131\u015farak, geli\u015fmi\u015f maliyet verimlili\u011fi ve performans i\u00e7in \u00e7\u00f6z\u00fcmlere \u00f6nc\u00fcl\u00fck ettik. Anodik ve katodik elektro kaplama boya i\u00e7in ultrafiltrasyon [&hellip;]<\/p>\n","protected":false},"author":1,"featured_media":2500,"parent":1402,"menu_order":0,"comment_status":"closed","ping_status":"closed","template":"pages\/page-full.php","meta":{"footnotes":""},"class_list":["post-1569","page","type-page","status-publish","has-post-thumbnail","hentry"],"_links":{"self":[{"href":"https:\/\/akafor.com\/en\/wp-json\/wp\/v2\/pages\/1569","targetHints":{"allow":["GET"]}}],"collection":[{"href":"https:\/\/akafor.com\/en\/wp-json\/wp\/v2\/pages"}],"about":[{"href":"https:\/\/akafor.com\/en\/wp-json\/wp\/v2\/types\/page"}],"author":[{"embeddable":true,"href":"https:\/\/akafor.com\/en\/wp-json\/wp\/v2\/users\/1"}],"replies":[{"embeddable":true,"href":"https:\/\/akafor.com\/en\/wp-json\/wp\/v2\/comments?post=1569"}],"version-history":[{"count":4,"href":"https:\/\/akafor.com\/en\/wp-json\/wp\/v2\/pages\/1569\/revisions"}],"predecessor-version":[{"id":2272,"href":"https:\/\/akafor.com\/en\/wp-json\/wp\/v2\/pages\/1569\/revisions\/2272"}],"up":[{"embeddable":true,"href":"https:\/\/akafor.com\/en\/wp-json\/wp\/v2\/pages\/1402"}],"wp:featuredmedia":[{"embeddable":true,"href":"https:\/\/akafor.com\/en\/wp-json\/wp\/v2\/media\/2500"}],"wp:attachment":[{"href":"https:\/\/akafor.com\/en\/wp-json\/wp\/v2\/media?parent=1569"}],"curies":[{"name":"wp","href":"https:\/\/api.w.org\/{rel}","templated":true}]}}