{"id":1574,"date":"2021-06-02T18:06:29","date_gmt":"2021-06-02T15:06:29","guid":{"rendered":"https:\/\/neyesek.co\/?page_id=1574"},"modified":"2021-06-16T09:04:05","modified_gmt":"2021-06-16T06:04:05","slug":"alkali-giderici-geri-kazanimi","status":"publish","type":"page","link":"https:\/\/akafor.com\/en\/filtrasyon\/sektorler\/otomotiv\/alkali-giderici-geri-kazanimi\/","title":{"rendered":"ALKAL\u0130 G\u0130DER\u0130C\u0130 GER\u0130 KAZANIMI"},"content":{"rendered":"\n<p>Par\u00e7a temizleme i\u015flemlerine y\u00f6nelik filtrasyon ve ay\u0131rma \u00e7\u00f6z\u00fcmlerimiz, nokta kaynakl\u0131 b\u00f6brek sistemleri olarak i\u015flev g\u00f6r\u00fcr ve bitmi\u015f par\u00e7a kalitesinin ve y\u00fcksek s\u0131cakl\u0131\u011f\u0131n tehlikeye girdi\u011fi noktaya kadar in\u015fa edilen par\u00e7alardan temizlenen ya\u011flar\u0131 ve di\u011fer kirleticileri s\u00fcrekli olarak \u00e7\u0131kararak ve konsantre ederek bozulmam\u0131\u015f banyo temizleme \u00e7\u00f6z\u00fcmlerini s\u00fcrd\u00fcr\u00fcr banyolar ve temizlik kimyasallar\u0131 d\u00f6k\u00fcl\u00fcyor ve kayboluyor. Berrak, ask\u0131da kat\u0131 madde i\u00e7ermeyen ve geri d\u00f6n\u00fc\u015f\u00fcm i\u00e7in \u0131s\u0131t\u0131lm\u0131\u015f temizleyici filtrat\u0131 geri kazanarak, banyo \u00e7\u00f6pleri neredeyse ortadan kalkar, su, \u0131s\u0131 enerjisi, i\u015f\u00e7ilik ve temizlik kimyasallar\u0131ndan \u00f6nemli \u00f6l\u00e7\u00fcde tasarruf edilir ve \u00fcretim kalitesi, par\u00e7a tutarl\u0131l\u0131\u011f\u0131, i\u015flemler ve at\u0131k su ar\u0131t\u0131m\u0131 iyile\u015ftirilir. daha d\u00fc\u015f\u00fck maliyetle.<\/p>\n\n\n\n<p><strong>\u015eunlar \u0130\u00e7in \u0130deal:<\/strong><\/p>\n\n\n\n<ul class=\"wp-block-list\"><li>Boya \u0130\u015flemleri<\/li><li>Metal Ya\u011f Alma<\/li><li>Metal \u0130\u015fleme Bitirme<\/li><li>Damgalama; Kaplama<\/li><li>Haddeleme ve Ekstr\u00fczyon<\/li><\/ul>\n\n\n\n<p><strong>PROSES \u0130Y\u0130LE\u015eT\u0130RME<\/strong><\/p>\n\n\n\n<ul class=\"wp-block-list\"><li><a href=\"https:\/\/akafor.com\/filtrasyon\/urunler\/membran-filtreler\/tubuler-membranlar\/feg-plus-modul\/\">FEG PLUS<sup>\u00ae<\/sup>\u00a0UF T\u00fcb\u00fcler Membran<\/a><\/li><li><a href=\"https:\/\/akafor.com\/filtrasyon\/urunler\/membran-filtreler\/ceramic-modul-membranlar\/kss-seramik-membranlar\/\">Seramik MF\/UF Multi-bore Membran<\/a><\/li><\/ul>\n\n\n\n<p><strong>ATIK SU<\/strong><\/p>\n\n\n\n<ul class=\"wp-block-list\"><li><a href=\"https:\/\/akafor.com\/filtrasyon\/urunler\/membran-filtreler\/tubuler-membranlar\/feg-plus-modul\/\">FEG PLUS<sup>\u00ae<\/sup>\u00a0UF T\u00fcb\u00fcler Membran<\/a><\/li><li><a href=\"https:\/\/akafor.com\/filtrasyon\/urunler\/membran-filtreler\/ceramic-modul-membranlar\/kss-seramik-membranlar\/\">Seramik MF\/UF Multi-bore Membran<\/a><\/li><\/ul>\n\n\n\n<p><strong>ATIK SUYUN YEN\u0130DEN KULLANILMASI<\/strong><\/p>\n\n\n\n<ul class=\"wp-block-list\"><li><a href=\"https:\/\/akafor.com\/filtrasyon\/urunler\/membran-filtreler\/tubuler-membranlar\/feg-plus-modul\/\">FEG PLUS<sup>\u00ae<\/sup>\u00a0UF T\u00fcb\u00fcler Membran<\/a><\/li><li><a href=\"https:\/\/akafor.com\/filtrasyon\/urunler\/membran-filtreler\/ceramic-modul-membranlar\/kss-seramik-membranlar\/\">Seramik MF\/UF Multi-bore Membran<\/a><\/li><\/ul>\n","protected":false},"excerpt":{"rendered":"<p>Par\u00e7a temizleme i\u015flemlerine y\u00f6nelik filtrasyon ve ay\u0131rma \u00e7\u00f6z\u00fcmlerimiz, nokta kaynakl\u0131 b\u00f6brek sistemleri olarak i\u015flev g\u00f6r\u00fcr ve bitmi\u015f par\u00e7a kalitesinin ve y\u00fcksek s\u0131cakl\u0131\u011f\u0131n tehlikeye girdi\u011fi noktaya kadar in\u015fa edilen par\u00e7alardan temizlenen ya\u011flar\u0131 ve di\u011fer kirleticileri s\u00fcrekli olarak \u00e7\u0131kararak ve konsantre ederek bozulmam\u0131\u015f banyo temizleme \u00e7\u00f6z\u00fcmlerini s\u00fcrd\u00fcr\u00fcr banyolar ve temizlik kimyasallar\u0131 d\u00f6k\u00fcl\u00fcyor ve kayboluyor. Berrak, ask\u0131da kat\u0131 [&hellip;]<\/p>\n","protected":false},"author":1,"featured_media":0,"parent":1569,"menu_order":0,"comment_status":"closed","ping_status":"closed","template":"pages\/page-full.php","meta":{"footnotes":""},"class_list":["post-1574","page","type-page","status-publish","hentry"],"_links":{"self":[{"href":"https:\/\/akafor.com\/en\/wp-json\/wp\/v2\/pages\/1574","targetHints":{"allow":["GET"]}}],"collection":[{"href":"https:\/\/akafor.com\/en\/wp-json\/wp\/v2\/pages"}],"about":[{"href":"https:\/\/akafor.com\/en\/wp-json\/wp\/v2\/types\/page"}],"author":[{"embeddable":true,"href":"https:\/\/akafor.com\/en\/wp-json\/wp\/v2\/users\/1"}],"replies":[{"embeddable":true,"href":"https:\/\/akafor.com\/en\/wp-json\/wp\/v2\/comments?post=1574"}],"version-history":[{"count":2,"href":"https:\/\/akafor.com\/en\/wp-json\/wp\/v2\/pages\/1574\/revisions"}],"predecessor-version":[{"id":1990,"href":"https:\/\/akafor.com\/en\/wp-json\/wp\/v2\/pages\/1574\/revisions\/1990"}],"up":[{"embeddable":true,"href":"https:\/\/akafor.com\/en\/wp-json\/wp\/v2\/pages\/1569"}],"wp:attachment":[{"href":"https:\/\/akafor.com\/en\/wp-json\/wp\/v2\/media?parent=1574"}],"curies":[{"name":"wp","href":"https:\/\/api.w.org\/{rel}","templated":true}]}}